{"id":157168,"date":"2025-12-18T23:21:19","date_gmt":"2025-12-18T20:21:19","guid":{"rendered":"https:\/\/baldumarket.lt\/product\/szafka-kuchenna-gorna-2d-narozna-sorento-g60n2-puccini-green\/"},"modified":"2026-02-18T11:08:13","modified_gmt":"2026-02-18T08:08:13","slug":"szafka-kuchenna-gorna-2d-narozna-sorento-g60n2-puccini-green","status":"publish","type":"product","link":"https:\/\/baldumarket.lt\/lt\/product\/szafka-kuchenna-gorna-2d-narozna-sorento-g60n2-puccini-green\/","title":{"rendered":"\u201eSorento G60N2 Puccini\u201c \u017ealia 2D kampin\u0117 vir\u0161utin\u0117 virtuv\u0117s spintel\u0117"},"content":{"rendered":"<p>Atraskite modernaus dizaino ir funkcionalumo harmonij\u0105 su \u201eSorento G60N2 2D\u201c kampine vir\u0161utine virtuv\u0117s spintele, pasi\u017eymin\u010dia nuostabia \u201ePuccini Green\u201c spalva. \u0160is unikalus garsaus \u201eGa\u0142a Meble\u201c prek\u0117s \u017eenklo gaminys skland\u017eiai integruojasi \u012f bet kok\u012f interjer\u0105, suteikdamas gaivumo ir elegancijos. Unikali \u017ealia fasadin\u0117 dalis traukia d\u0117mes\u012f, \u012f j\u016bs\u0173 virtuv\u0119 atne\u0161dama \u012fkvepian\u010dias gamtos spalvas. J\u016bs\u0173 virtuv\u0117je prakti\u0161kumas yra toks pat svarbus kaip ir stilius \u2013 ir \u0161i spintel\u0117 b\u016btent tai ir u\u017etikrina. D\u0117l kampinio dizaino galite sumaniai i\u0161naudoti kiekvien\u0105 erdv\u0117s centimetr\u0105, tod\u0117l ji puikiai tinka tiek moderniam, tiek klasikiniam interjerui. Apgalvotas dizainas leid\u017eia efektyviai ir tvarkingai laikyti virtuv\u0117s priedus, padedant i\u0161laikyti j\u016bs\u0173 virtuv\u0119 nepriekai\u0161tingai \u0161vari\u0105. Jei vertinate naudojimo paprastum\u0105 ir komfort\u0105, \u012fvertinsite \u0161velnaus u\u017edarymo mechanizm\u0105 su \u201eClip-On\u201c vyriais. Tai paver\u010dia kasdien\u012f spintel\u0117s naudojim\u0105 malonumu, o dureli\u0173 atidarymas ir u\u017edarymas yra sklandus ir prakti\u0161kai tylus. Reguliuojami pakabos ir pridedama juostel\u0117 leid\u017eia greitai ir lengvai montuoti, o galimyb\u0117 pasirinkti dureli\u0173 atidarymo krypt\u012f \u2013 de\u0161in\u0119 arba kair\u0119 \u2013 leid\u017eia visi\u0161kai suasmeninti spintel\u0119.<\/p>","protected":false},"excerpt":{"rendered":"<p>Plotis (cm): 60<br \/>\n\u016agis (cm): 100<br \/>\nGylis (cm): 60<\/p>","protected":false},"featured_media":157169,"comment_status":"open","ping_status":"open","template":"","meta":[],"product_brand":[],"product_cat":[9436,4106],"product_tag":[],"class_list":{"0":"post-157168","1":"product","2":"type-product","3":"status-publish","4":"has-post-thumbnail","6":"product_cat-kitchen-system-sorento","7":"product_cat-gala-meble","9":"first","10":"instock","11":"purchasable","12":"product-type-simple"},"_links":{"self":[{"href":"https:\/\/baldumarket.lt\/lt\/wp-json\/wp\/v2\/product\/157168","targetHints":{"allow":["GET"]}}],"collection":[{"href":"https:\/\/baldumarket.lt\/lt\/wp-json\/wp\/v2\/product"}],"about":[{"href":"https:\/\/baldumarket.lt\/lt\/wp-json\/wp\/v2\/types\/product"}],"replies":[{"embeddable":true,"href":"https:\/\/baldumarket.lt\/lt\/wp-json\/wp\/v2\/comments?post=157168"}],"wp:featuredmedia":[{"embeddable":true,"href":"https:\/\/baldumarket.lt\/lt\/wp-json\/wp\/v2\/media\/157169"}],"wp:attachment":[{"href":"https:\/\/baldumarket.lt\/lt\/wp-json\/wp\/v2\/media?parent=157168"}],"wp:term":[{"taxonomy":"product_brand","embeddable":true,"href":"https:\/\/baldumarket.lt\/lt\/wp-json\/wp\/v2\/product_brand?post=157168"},{"taxonomy":"product_cat","embeddable":true,"href":"https:\/\/baldumarket.lt\/lt\/wp-json\/wp\/v2\/product_cat?post=157168"},{"taxonomy":"product_tag","embeddable":true,"href":"https:\/\/baldumarket.lt\/lt\/wp-json\/wp\/v2\/product_tag?post=157168"}],"curies":[{"name":"wp","href":"https:\/\/api.w.org\/{rel}","templated":true}]}}