{"id":157164,"date":"2025-12-18T23:21:12","date_gmt":"2025-12-18T20:21:12","guid":{"rendered":"https:\/\/baldumarket.lt\/product\/szafka-kuchenna-gorna-2d-sorento-g80-baltic-storm\/"},"modified":"2026-02-18T11:08:13","modified_gmt":"2026-02-18T08:08:13","slug":"szafka-kuchenna-gorna-2d-sorento-g80-baltic-storm","status":"publish","type":"product","link":"https:\/\/baldumarket.lt\/lt\/product\/szafka-kuchenna-gorna-2d-sorento-g80-baltic-storm\/","title":{"rendered":"2D vir\u0161utin\u0117 virtuv\u0117s spintel\u0117 Sorento G80 Baltic Storm"},"content":{"rendered":"<p>Atraskite stiliaus ir funkcionalumo magij\u0105 su \u201eSorento 2-D\u201c vir\u0161utine virtuv\u0117s spintele \u201eBaltic Storm\u201c spalvos. \u0160i eleganti\u0161ka ir moderni spintel\u0117 suteiks j\u016bs\u0173 virtuvei gaivaus skandinavi\u0161ko dizaino dvelksmo. D\u0117l universalios estetikos ir prislopint\u0173 spalv\u0173 ji skland\u017eiai der\u0117s prie \u012fvairi\u0173 interjero dizain\u0173 \u2013 nuo minimalistinio iki klasikinio.<\/p>\n<p>100 cm auk\u0161\u010dio ir 80 cm plo\u010dio \u0161i spintel\u0117 yra puikus sprendimas optimizuoti virtuv\u0117s erdv\u0119. Nepaisant plono dizaino, joje yra daug vietos indams, prieskoniams ir visiems b\u016btiniausiems virtuv\u0117s priedams. Dvi reguliuojamos lentynos leid\u017eia pritaikyti spintel\u0117s vid\u0173 pagal individualius poreikius, tod\u0117l ji yra ne\u012ftik\u0117tinai prakti\u0161kas bet kuri\u0173 nam\u0173 papildymas.<\/p>\n<p>Spintel\u0117 pagaminta i\u0161 patvarios, pa\u017eeidimams atsparios laminuotos plok\u0161t\u0117s, u\u017etikrinan\u010dios jos ilgaam\u017ei\u0161kum\u0105 ir lengv\u0105 valym\u0105. \u0160velniai u\u017esidarantys vyriai u\u017etikrina komfort\u0105 ir pabr\u0117\u017eia eleganti\u0161k\u0105 spintel\u0117s i\u0161vaizd\u0105. Nesvarbu, ar esate aistringas vir\u0117jas, ar tiesiog vertinate tvarking\u0105 erdv\u0119, \u0161i spintel\u0117 tikrai pateisins j\u016bs\u0173 l\u016bkes\u010dius.<\/p>\n<p>Be to, paprastas surinkimas ir galimyb\u0117 montuoti dureles de\u0161in\u0117je arba kair\u0117je yra did\u017eiulis privalumas, leid\u017eiantis pritaikyti spintel\u0119 prie j\u016bs\u0173 virtuv\u0117s i\u0161planavimo. D\u0117l pridedamo reguliuojamo pakabos ir juostel\u0117s jums nereikia r\u016bpintis surinkimo sunkumais \u2013 viskas, ko jums reikia, yra komplekte. \u201eSorento\u201c dviej\u0173 dur\u0173 vir\u0161utin\u0117 spintel\u0117 yra puikus pasirinkimas tiems, kurie ie\u0161ko tobulo stiliaus ir funkcionalumo derinio savo virtuv\u0117je.<\/p>","protected":false},"excerpt":{"rendered":"<p>Plotis (cm): 80<br \/>\n\u016agis (cm): 100<br \/>\nGylis (cm): 32<\/p>","protected":false},"featured_media":157165,"comment_status":"open","ping_status":"open","template":"","meta":[],"product_brand":[],"product_cat":[9436,4106],"product_tag":[],"class_list":{"0":"post-157164","1":"product","2":"type-product","3":"status-publish","4":"has-post-thumbnail","6":"product_cat-kitchen-system-sorento","7":"product_cat-gala-meble","9":"first","10":"instock","11":"purchasable","12":"product-type-simple"},"_links":{"self":[{"href":"https:\/\/baldumarket.lt\/lt\/wp-json\/wp\/v2\/product\/157164","targetHints":{"allow":["GET"]}}],"collection":[{"href":"https:\/\/baldumarket.lt\/lt\/wp-json\/wp\/v2\/product"}],"about":[{"href":"https:\/\/baldumarket.lt\/lt\/wp-json\/wp\/v2\/types\/product"}],"replies":[{"embeddable":true,"href":"https:\/\/baldumarket.lt\/lt\/wp-json\/wp\/v2\/comments?post=157164"}],"wp:featuredmedia":[{"embeddable":true,"href":"https:\/\/baldumarket.lt\/lt\/wp-json\/wp\/v2\/media\/157165"}],"wp:attachment":[{"href":"https:\/\/baldumarket.lt\/lt\/wp-json\/wp\/v2\/media?parent=157164"}],"wp:term":[{"taxonomy":"product_brand","embeddable":true,"href":"https:\/\/baldumarket.lt\/lt\/wp-json\/wp\/v2\/product_brand?post=157164"},{"taxonomy":"product_cat","embeddable":true,"href":"https:\/\/baldumarket.lt\/lt\/wp-json\/wp\/v2\/product_cat?post=157164"},{"taxonomy":"product_tag","embeddable":true,"href":"https:\/\/baldumarket.lt\/lt\/wp-json\/wp\/v2\/product_tag?post=157164"}],"curies":[{"name":"wp","href":"https:\/\/api.w.org\/{rel}","templated":true}]}}