{"id":157160,"date":"2025-12-18T23:21:04","date_gmt":"2025-12-18T20:21:04","guid":{"rendered":"https:\/\/baldumarket.lt\/product\/szafka-kuchenna-gorna-2d-sorento-g80-baltic-storm-bezowy-mat\/"},"modified":"2026-02-18T11:08:13","modified_gmt":"2026-02-18T08:08:13","slug":"szafka-kuchenna-gorna-2d-sorento-g80-baltic-storm-bezowy-mat","status":"publish","type":"product","link":"https:\/\/baldumarket.lt\/lt\/product\/szafka-kuchenna-gorna-2d-sorento-g80-baltic-storm-bezowy-mat\/","title":{"rendered":"Vir\u0161utin\u0117 virtuv\u0117s spintel\u0117 2D Sorento G80 Baltic Storm Beige Matte"},"content":{"rendered":"<p>\u201eSorento G80\u201c vir\u0161utin\u0117 virtuv\u0117s spintel\u0117 \u2013 tai elegancijos ir funkcionalumo derinys, puikiai papildantis bet koki\u0105 virtuv\u0117s erdv\u0119. Matin\u0117s sm\u0117lio spalvos priekin\u0117 dalis suteikia subtilumo ir klas\u0117s, o minimalistinis dizainas dera prie \u012fvairi\u0173 interjero stili\u0173. Tai puikus pasirinkimas tiems, kurie vertina modernum\u0105 kartu su tradicij\u0173 prisilietimu.<\/p>\n<p>\u201eSorento G80\u201c spintel\u0117s vidus sukurtas atsi\u017evelgiant \u012f praktin\u012f daikt\u0173 laikym\u0105 \u2013 dvi erdvios lentynos leid\u017eia optimaliai organizuoti daiktus, tod\u0117l kasdienis maisto gaminimas tampa lengvesnis ir malonesnis. D\u0117l reguliuojamos pakabos ir tvirtinimo juostel\u0117s surinkimas yra greitas ir intuityvus, o tai tikrai \u012fvertins tie, kurie projektuoja savo namus patys.<\/p>\n<p>Spintel\u0117s korpusas apdailintas \u201eBaltic Storm\u201c spalva, kuri gra\u017eiai kontrastuoja su sm\u0117lio spalvos priekiu ir sukuria rafinuot\u0105 spalv\u0173 palet\u0119. Laminuotos plok\u0161t\u0117s naudojimas ne tik suteikia spintelei esteti\u0161k\u0105 i\u0161vaizd\u0105, bet ir daro j\u0105 i\u0161skirtinai patvari\u0105 bei atspari\u0105 pa\u017eeidimams, o tai labai svarbu dinami\u0161koje virtuv\u0117s aplinkoje.<\/p>\n<p>Papildomas \u201eSorento G80\u201c spintel\u0117s privalumas \u2013 jos \u201eClip-On\u201c vyriai su \u0161velnaus u\u017edarymo funkcija, u\u017etikrinantys patog\u0173 naudojim\u0105. Nepriklausomai nuo pasirinktos dureli\u0173 tvirtinimo orientacijos, \u0161i spintel\u0117 \u017eavi savo universalumu ir naudojimo paprastumu. \u0160is gaminys patenkins net ir reikliausi\u0173 vartotoj\u0173 l\u016bkes\u010dius, derindamas geriausias \u0161iuolaikinio dizaino ir funkcionalumo savybes.<\/p>","protected":false},"excerpt":{"rendered":"<p>Plotis (cm): 80<br \/>\n\u016agis (cm): 100<br \/>\nGylis (cm): 32<\/p>","protected":false},"featured_media":157161,"comment_status":"open","ping_status":"open","template":"","meta":[],"product_brand":[],"product_cat":[9436,4106],"product_tag":[],"class_list":{"0":"post-157160","1":"product","2":"type-product","3":"status-publish","4":"has-post-thumbnail","6":"product_cat-kitchen-system-sorento","7":"product_cat-gala-meble","9":"first","10":"instock","11":"purchasable","12":"product-type-simple"},"_links":{"self":[{"href":"https:\/\/baldumarket.lt\/lt\/wp-json\/wp\/v2\/product\/157160","targetHints":{"allow":["GET"]}}],"collection":[{"href":"https:\/\/baldumarket.lt\/lt\/wp-json\/wp\/v2\/product"}],"about":[{"href":"https:\/\/baldumarket.lt\/lt\/wp-json\/wp\/v2\/types\/product"}],"replies":[{"embeddable":true,"href":"https:\/\/baldumarket.lt\/lt\/wp-json\/wp\/v2\/comments?post=157160"}],"wp:featuredmedia":[{"embeddable":true,"href":"https:\/\/baldumarket.lt\/lt\/wp-json\/wp\/v2\/media\/157161"}],"wp:attachment":[{"href":"https:\/\/baldumarket.lt\/lt\/wp-json\/wp\/v2\/media?parent=157160"}],"wp:term":[{"taxonomy":"product_brand","embeddable":true,"href":"https:\/\/baldumarket.lt\/lt\/wp-json\/wp\/v2\/product_brand?post=157160"},{"taxonomy":"product_cat","embeddable":true,"href":"https:\/\/baldumarket.lt\/lt\/wp-json\/wp\/v2\/product_cat?post=157160"},{"taxonomy":"product_tag","embeddable":true,"href":"https:\/\/baldumarket.lt\/lt\/wp-json\/wp\/v2\/product_tag?post=157160"}],"curies":[{"name":"wp","href":"https:\/\/api.w.org\/{rel}","templated":true}]}}