{"id":157156,"date":"2025-12-18T23:20:56","date_gmt":"2025-12-18T20:20:56","guid":{"rendered":"https:\/\/baldumarket.lt\/product\/szafka-kuchenna-gorna-2d-sorento-g80-baltic-storm-green\/"},"modified":"2026-02-18T11:08:13","modified_gmt":"2026-02-18T08:08:13","slug":"szafka-kuchenna-gorna-2d-sorento-g80-baltic-storm-green","status":"publish","type":"product","link":"https:\/\/baldumarket.lt\/lt\/product\/szafka-kuchenna-gorna-2d-sorento-g80-baltic-storm-green\/","title":{"rendered":"Vir\u0161utin\u0117 2D virtuv\u0117s spintel\u0117 Sorento G80 Baltic Storm Green"},"content":{"rendered":"<p>Atraskite elegancij\u0105 ir funkcionalum\u0105 su \u201eSorento 2-D G80\u201c vir\u0161utine virtuv\u0117s spintele, pasi\u017eymin\u010dia unikaliu \u201eBaltic Storm Green\u201c atspalviu. \u0160is dizainas \u012fne\u0161a gaivos \u012f bet kuri\u0105 virtuv\u0119, derindamas modern\u0173 dizain\u0105 su klasikine elegancija. Matinis \u017ealias fasadas harmoningai papildo korpus\u0105 laukiniu atspalviu, sukurdamas intriguojan\u010di\u0105 kompozicij\u0105, suteikian\u010di\u0105 interjerui unikal\u0173 charakter\u012f.<\/p>\n<p>D\u0117l prakti\u0161k\u0173 matmen\u0173 \u0161i 80 cm plo\u010dio, 100 cm auk\u0161\u010dio ir 32 cm gylio spintel\u0117 puikiai tinka bet kokiai erdvei, nes si\u016blo daug vietos daiktams susid\u0117ti. D\u0117l apgalvoto dizaino dvi vidin\u0117s lentynos leid\u017eia lengvai pritaikyti spintel\u0119 individualiems poreikiams. Universalus dureli\u0173 atidarymo b\u016bdas palengvina s\u0105veik\u0105 ir suteikia daugiau laisv\u0117s kasdien naudojantis.<\/p>\n<p>Rinkit\u0117s patvarum\u0105 su auk\u0161tos kokyb\u0117s laminuotomis med\u017eiagomis, kurios yra ne tik esteti\u0161kai patrauklios, bet ir atsparios kasdieniams pa\u017eeidimams. Funkcionalumas yra \u0161ios spintel\u0117s skiriamasis bruo\u017eas \u2013 \u201eClip-On\u201c vyriai su \u0161velnaus u\u017edarymo mechanizmu u\u017etikrina skland\u0173 veikim\u0105 ir patogum\u0105, pa\u0161alindami dureli\u0173 keliam\u0105 triuk\u0161m\u0105.<\/p>\n<p>\u201eSorento G80\u201c virtuv\u0117s spintel\u0117s montavimas nereikalauja speciali\u0173 \u012fg\u016bd\u017ei\u0173, nes ji sukurta montuoti patiems. Pridedamas reguliuojamas pakaba ir tvirtinimo juostel\u0117 leid\u017eia greitai ir be vargo montuoti, tod\u0117l nauju pirkiniu gal\u0117site d\u017eiaugtis beveik i\u0161 karto po \u012fsigijimo.<\/p>\n<p>Pasirinkite spintel\u0119, kuri derina stili\u0173 ir funkcionalum\u0105, ir atraskite, kaip ji gali pakeisti j\u016bs\u0173 virtuv\u0117s i\u0161vaizd\u0105 ir poj\u016bt\u012f. \u201eGa\u0142a Meble\u201c si\u016blo gamin\u012f, kuris ne tik palengvina organizavim\u0105, bet ir pagerina j\u016bs\u0173 virtuv\u0117s erdv\u0117s estetik\u0105, suteikdamas modernaus \u017eavesio.<\/p>","protected":false},"excerpt":{"rendered":"<p>Plotis (cm): 80<br \/>\n\u016agis (cm): 100<br \/>\nGylis (cm): 32<\/p>","protected":false},"featured_media":157157,"comment_status":"open","ping_status":"open","template":"","meta":[],"product_brand":[],"product_cat":[9436,4106],"product_tag":[],"class_list":{"0":"post-157156","1":"product","2":"type-product","3":"status-publish","4":"has-post-thumbnail","6":"product_cat-kitchen-system-sorento","7":"product_cat-gala-meble","9":"first","10":"instock","11":"purchasable","12":"product-type-simple"},"_links":{"self":[{"href":"https:\/\/baldumarket.lt\/lt\/wp-json\/wp\/v2\/product\/157156","targetHints":{"allow":["GET"]}}],"collection":[{"href":"https:\/\/baldumarket.lt\/lt\/wp-json\/wp\/v2\/product"}],"about":[{"href":"https:\/\/baldumarket.lt\/lt\/wp-json\/wp\/v2\/types\/product"}],"replies":[{"embeddable":true,"href":"https:\/\/baldumarket.lt\/lt\/wp-json\/wp\/v2\/comments?post=157156"}],"wp:featuredmedia":[{"embeddable":true,"href":"https:\/\/baldumarket.lt\/lt\/wp-json\/wp\/v2\/media\/157157"}],"wp:attachment":[{"href":"https:\/\/baldumarket.lt\/lt\/wp-json\/wp\/v2\/media?parent=157156"}],"wp:term":[{"taxonomy":"product_brand","embeddable":true,"href":"https:\/\/baldumarket.lt\/lt\/wp-json\/wp\/v2\/product_brand?post=157156"},{"taxonomy":"product_cat","embeddable":true,"href":"https:\/\/baldumarket.lt\/lt\/wp-json\/wp\/v2\/product_cat?post=157156"},{"taxonomy":"product_tag","embeddable":true,"href":"https:\/\/baldumarket.lt\/lt\/wp-json\/wp\/v2\/product_tag?post=157156"}],"curies":[{"name":"wp","href":"https:\/\/api.w.org\/{rel}","templated":true}]}}