{"id":157146,"date":"2025-12-18T23:20:36","date_gmt":"2025-12-18T20:20:36","guid":{"rendered":"https:\/\/baldumarket.lt\/product\/szafka-kuchenna-gorna-2d-sorento-g80-bialy-mat\/"},"modified":"2026-02-18T11:08:13","modified_gmt":"2026-02-18T08:08:13","slug":"szafka-kuchenna-gorna-2d-sorento-g80-bialy-mat","status":"publish","type":"product","link":"https:\/\/baldumarket.lt\/lt\/product\/szafka-kuchenna-gorna-2d-sorento-g80-bialy-mat\/","title":{"rendered":"2D vir\u0161utin\u0117 virtuv\u0117s spintel\u0117 Sorento G80 matin\u0117 balta"},"content":{"rendered":"<p>Atraskite nauj\u0105 elegancijos ir funkcionalumo dimensij\u0105 savo virtuv\u0117je su unikalios matin\u0117s baltos spalvos \u201eSorento G80\u201c vir\u0161utine virtuv\u0117s spintele. Minimalistin\u0117 forma ir subtili spalva suteikia interjerui lengvumo ir modernumo. Puikiai tinka tiems, kurie vertina skandinavi\u0161k\u0105 stili\u0173, kur paprastumas dera su elegancija. Funkcionalumas kasdieniame naudojime yra pagrindinis \u0161ios virtuv\u0117s spintel\u0117s bruo\u017eas. D\u0117l i\u0161manaus dizaino, leid\u017eian\u010dio montuoti kair\u0117je arba de\u0161in\u0117je pus\u0117je, ji puikiai papildys j\u016bs\u0173 virtuv\u0117s interjer\u0105. Spintel\u0117je yra dvi erdvios lentynos, puikiai tinkan\u010dios indams, prieskoniams ir kitiems virtuv\u0117s priedams laikyti. Taip pat labai svarbu naudoti auk\u0161\u010diausios kokyb\u0117s med\u017eiagas. MDF priekin\u0117 dalis kartu su laminuotos plok\u0161t\u0117s korpusu garantuoja ne tik patvarum\u0105, bet ir atsparum\u0105 vis\u0173 tip\u0173 mechaniniams pa\u017eeidimams. Aukso spalvos metalin\u0117 rankena suteikia prabangos \u012fsp\u016bd\u012f, suteikdama visam baldui unikalaus \u017eavesio.<\/p>","protected":false},"excerpt":{"rendered":"<p>Plotis (cm): 80<br \/>\n\u016agis (cm): 100<br \/>\nGylis (cm): 32<\/p>","protected":false},"featured_media":157147,"comment_status":"open","ping_status":"open","template":"","meta":[],"product_brand":[],"product_cat":[9436,4106],"product_tag":[],"class_list":{"0":"post-157146","1":"product","2":"type-product","3":"status-publish","4":"has-post-thumbnail","6":"product_cat-kitchen-system-sorento","7":"product_cat-gala-meble","9":"first","10":"instock","11":"purchasable","12":"product-type-simple"},"_links":{"self":[{"href":"https:\/\/baldumarket.lt\/lt\/wp-json\/wp\/v2\/product\/157146","targetHints":{"allow":["GET"]}}],"collection":[{"href":"https:\/\/baldumarket.lt\/lt\/wp-json\/wp\/v2\/product"}],"about":[{"href":"https:\/\/baldumarket.lt\/lt\/wp-json\/wp\/v2\/types\/product"}],"replies":[{"embeddable":true,"href":"https:\/\/baldumarket.lt\/lt\/wp-json\/wp\/v2\/comments?post=157146"}],"wp:featuredmedia":[{"embeddable":true,"href":"https:\/\/baldumarket.lt\/lt\/wp-json\/wp\/v2\/media\/157147"}],"wp:attachment":[{"href":"https:\/\/baldumarket.lt\/lt\/wp-json\/wp\/v2\/media?parent=157146"}],"wp:term":[{"taxonomy":"product_brand","embeddable":true,"href":"https:\/\/baldumarket.lt\/lt\/wp-json\/wp\/v2\/product_brand?post=157146"},{"taxonomy":"product_cat","embeddable":true,"href":"https:\/\/baldumarket.lt\/lt\/wp-json\/wp\/v2\/product_cat?post=157146"},{"taxonomy":"product_tag","embeddable":true,"href":"https:\/\/baldumarket.lt\/lt\/wp-json\/wp\/v2\/product_tag?post=157146"}],"curies":[{"name":"wp","href":"https:\/\/api.w.org\/{rel}","templated":true}]}}