{"id":157142,"date":"2025-12-18T23:20:28","date_gmt":"2025-12-18T20:20:28","guid":{"rendered":"https:\/\/baldumarket.lt\/product\/szafka-kuchenna-gorna-2d-sorento-g80-bialy-mat-bezowy-mat\/"},"modified":"2026-02-18T11:07:57","modified_gmt":"2026-02-18T08:07:57","slug":"szafka-kuchenna-gorna-2d-sorento-g80-bialy-mat-bezowy-mat","status":"publish","type":"product","link":"https:\/\/baldumarket.lt\/lt\/product\/szafka-kuchenna-gorna-2d-sorento-g80-bialy-mat-bezowy-mat\/","title":{"rendered":"2D vir\u0161utin\u0117 virtuv\u0117s spintel\u0117 Sorento G80 matin\u0117 balta matin\u0117 sm\u0117lio spalvos"},"content":{"rendered":"<p>Pabr\u0117\u017ekite unikal\u0173 savo virtuv\u0117s charakter\u012f su stilinga \u201eSorento G80\u201c vir\u0161utine spintele. Jos nesenstantis dizainas, subtil\u016bs sm\u0117lio ir matin\u0117s baltos spalvos atspalviai, puikiai dera prie modernaus interjero, suteikdami elegancijos ir subtilumo. Puikiai tinka tiems, kurie vertina rami\u0105 ir minimalistin\u0119 estetik\u0105, ji \u012fsilieja \u012f bet koki\u0105 erdv\u0119, sukurdama harmoning\u0105 atmosfer\u0105.<\/p>\n<p>\u201eSorento G80\u201c spintel\u0117 pasi\u017eymi ne tik estetika, bet ir prakti\u0161kumu, kurio siekia i\u0161rank\u016bs virtuv\u0117s vartotojai. Kasdien\u012f funkcionalum\u0105 garantuoja dvi erdvios lentynos, kurios padeda sutvarkyti erdv\u0119 ir lengvai pasiekiamus laikyti b\u016btiniausius virtuv\u0117s reikmenis. \u201eClip-On\u201c vyriai su \u0161velnaus u\u017edarymo mechanizmu leid\u017eia spintel\u0119 atidaryti tyliai ir skland\u017eiai, o tai \u017eymiai padidina komfort\u0105.<\/p>\n<p>Pagaminta i\u0161 auk\u0161tos kokyb\u0117s laminuotos plok\u0161t\u0117s, \u201eSorento G80\u201c spintel\u0117 yra ne tik patvari, bet ir atspari pa\u017eeidimams. \u0160i konstrukcija garantuoja, kad spintel\u0117 gerai tarnaus jums ilgus metus, net ir intensyviai naudojamoje virtuv\u0117je. Nustebkite prakti\u0161kumo ir patvarumo deriniu, kur\u012f si\u016blo \u0161is kruop\u0161\u010diai suprojektuotas baldas.<\/p>\n<p>\u201eSorento G80\u201c spintel\u0117s surinkimas yra labai paprastas d\u0117l pridedam\u0173 reguliuojam\u0173 pakab\u0173 ir tvirtinimo juostel\u0117s. Tai leid\u017eia puikiai reguliuoti dureles, kurias galima atidaryti \u012f de\u0161in\u0119 arba \u012f kair\u0119. Sukurkite savo svajoni\u0173 virtuv\u0119, derindami puiki\u0105 i\u0161vaizd\u0105 su ne\u012ftik\u0117tinu \u0161ios modernios ir eleganti\u0161kos spintel\u0117s funkcionalumu.<\/p>","protected":false},"excerpt":{"rendered":"<p>Plotis (cm): 80<br \/>\n\u016agis (cm): 100<br \/>\nGylis (cm): 32<\/p>","protected":false},"featured_media":157143,"comment_status":"open","ping_status":"open","template":"","meta":[],"product_brand":[],"product_cat":[9436,4106],"product_tag":[],"class_list":{"0":"post-157142","1":"product","2":"type-product","3":"status-publish","4":"has-post-thumbnail","6":"product_cat-kitchen-system-sorento","7":"product_cat-gala-meble","9":"first","10":"instock","11":"purchasable","12":"product-type-simple"},"_links":{"self":[{"href":"https:\/\/baldumarket.lt\/lt\/wp-json\/wp\/v2\/product\/157142","targetHints":{"allow":["GET"]}}],"collection":[{"href":"https:\/\/baldumarket.lt\/lt\/wp-json\/wp\/v2\/product"}],"about":[{"href":"https:\/\/baldumarket.lt\/lt\/wp-json\/wp\/v2\/types\/product"}],"replies":[{"embeddable":true,"href":"https:\/\/baldumarket.lt\/lt\/wp-json\/wp\/v2\/comments?post=157142"}],"wp:featuredmedia":[{"embeddable":true,"href":"https:\/\/baldumarket.lt\/lt\/wp-json\/wp\/v2\/media\/157143"}],"wp:attachment":[{"href":"https:\/\/baldumarket.lt\/lt\/wp-json\/wp\/v2\/media?parent=157142"}],"wp:term":[{"taxonomy":"product_brand","embeddable":true,"href":"https:\/\/baldumarket.lt\/lt\/wp-json\/wp\/v2\/product_brand?post=157142"},{"taxonomy":"product_cat","embeddable":true,"href":"https:\/\/baldumarket.lt\/lt\/wp-json\/wp\/v2\/product_cat?post=157142"},{"taxonomy":"product_tag","embeddable":true,"href":"https:\/\/baldumarket.lt\/lt\/wp-json\/wp\/v2\/product_tag?post=157142"}],"curies":[{"name":"wp","href":"https:\/\/api.w.org\/{rel}","templated":true}]}}