{"id":157138,"date":"2025-12-18T23:20:20","date_gmt":"2025-12-18T20:20:20","guid":{"rendered":"https:\/\/baldumarket.lt\/product\/szafka-kuchenna-gorna-2d-sorento-g80-bialy-mat-puccini\/"},"modified":"2026-02-18T11:07:57","modified_gmt":"2026-02-18T08:07:57","slug":"szafka-kuchenna-gorna-2d-sorento-g80-bialy-mat-puccini","status":"publish","type":"product","link":"https:\/\/baldumarket.lt\/lt\/product\/szafka-kuchenna-gorna-2d-sorento-g80-bialy-mat-puccini\/","title":{"rendered":"2D vir\u0161utin\u0117 virtuv\u0117s spintel\u0117 Sorento G80 matin\u0117s baltos spalvos Puccini"},"content":{"rendered":"<p>Kuriant svajoni\u0173 virtuv\u0117s erdv\u0119, verta rinktis baldus, kurie derina estetik\u0105 ir funkcionalum\u0105. \u201ePuccini Sorento G80 2-D\u201c vir\u0161utin\u0117 virtuv\u0117s spintel\u0117 matin\u0117s baltos spalvos yra puikus pavyzdys, kaip paprastos linijos ir eleganti\u0161kas dizainas gali tapti unikalaus interjero pagrindu. D\u0117l neutrali\u0173 spalv\u0173: matin\u0117s baltos ir unikalaus \u201ePuccini\u201c atspalvio, \u0161i spintel\u0117 lengvai der\u0117s tiek prie modernaus, tiek prie klasikinio interjero.<\/p>\n<p>\u0160is virtuv\u0117s elementas buvo sukurtas galvojant apie kasdien\u012f komfort\u0105. \u0160velniai u\u017esidarantys \u201eClip-On\u201c vyriai yra sprendimas, kur\u012f vertina tie, kurie savo namuose siekia harmonijos ir tvarkos. Be to, universal\u016bs fasadai leid\u017eia lengvai montuoti pagal individualius poreikius, tod\u0117l virtuv\u0117s erdv\u0117s planavimas tampa lankstesnis.<\/p>\n<p>\u0160i spintel\u0117 pasi\u017eymi ne tik gro\u017eiu, bet ir prakti\u0161kumu. Komplekte yra dvi lentynos, kurios leid\u017eia optimaliai i\u0161naudoti vidin\u0119 erdv\u0119 ir suteikia vietos visiems svarbiausiems virtuv\u0117s priedams. Reguliuojama pakaba ir tvirtinimo juostel\u0117 leid\u017eia lengvai ir patogiai sumontuoti spintel\u0119 net ir tiems, kurie neturi \u201epasidaryk pats\u201c patirties.<\/p>\n<p>Tvirtas darbas derinamas su auk\u0161tos kokyb\u0117s med\u017eiagomis. Spintel\u0117 pagaminta i\u0161 18 mm storio laminuotos plok\u0161t\u0117s, u\u017etikrinan\u010dios atsparum\u0105 pa\u017eeidimams ir ilgaam\u017ei\u0161kum\u0105. Tai patikimas pasirinkimas, kuris puikiai atliks savo paskirt\u012f ilgus metus ir kartu suteiks stiling\u0105 akcent\u0105 j\u016bs\u0173 virtuvei.<\/p>","protected":false},"excerpt":{"rendered":"<p>Plotis (cm): 80<br \/>\n\u016agis (cm): 100<br \/>\nGylis (cm): 32<\/p>","protected":false},"featured_media":157139,"comment_status":"open","ping_status":"open","template":"","meta":[],"product_brand":[],"product_cat":[9436,4106],"product_tag":[],"class_list":{"0":"post-157138","1":"product","2":"type-product","3":"status-publish","4":"has-post-thumbnail","6":"product_cat-kitchen-system-sorento","7":"product_cat-gala-meble","9":"first","10":"instock","11":"purchasable","12":"product-type-simple"},"_links":{"self":[{"href":"https:\/\/baldumarket.lt\/lt\/wp-json\/wp\/v2\/product\/157138","targetHints":{"allow":["GET"]}}],"collection":[{"href":"https:\/\/baldumarket.lt\/lt\/wp-json\/wp\/v2\/product"}],"about":[{"href":"https:\/\/baldumarket.lt\/lt\/wp-json\/wp\/v2\/types\/product"}],"replies":[{"embeddable":true,"href":"https:\/\/baldumarket.lt\/lt\/wp-json\/wp\/v2\/comments?post=157138"}],"wp:featuredmedia":[{"embeddable":true,"href":"https:\/\/baldumarket.lt\/lt\/wp-json\/wp\/v2\/media\/157139"}],"wp:attachment":[{"href":"https:\/\/baldumarket.lt\/lt\/wp-json\/wp\/v2\/media?parent=157138"}],"wp:term":[{"taxonomy":"product_brand","embeddable":true,"href":"https:\/\/baldumarket.lt\/lt\/wp-json\/wp\/v2\/product_brand?post=157138"},{"taxonomy":"product_cat","embeddable":true,"href":"https:\/\/baldumarket.lt\/lt\/wp-json\/wp\/v2\/product_cat?post=157138"},{"taxonomy":"product_tag","embeddable":true,"href":"https:\/\/baldumarket.lt\/lt\/wp-json\/wp\/v2\/product_tag?post=157138"}],"curies":[{"name":"wp","href":"https:\/\/api.w.org\/{rel}","templated":true}]}}