{"id":157134,"date":"2025-12-18T23:20:12","date_gmt":"2025-12-18T20:20:12","guid":{"rendered":"https:\/\/baldumarket.lt\/product\/szafka-kuchenna-gorna-2d-sorento-g80-puccini\/"},"modified":"2026-02-18T11:07:57","modified_gmt":"2026-02-18T08:07:57","slug":"szafka-kuchenna-gorna-2d-sorento-g80-puccini","status":"publish","type":"product","link":"https:\/\/baldumarket.lt\/lt\/product\/szafka-kuchenna-gorna-2d-sorento-g80-puccini\/","title":{"rendered":"2D vir\u0161utin\u0117 virtuv\u0117s spintel\u0117 Sorento G80 Puccini"},"content":{"rendered":"<p>\u201ePuccini Sorento G80 2-D\u201c vir\u0161utin\u0117 virtuv\u0117s spintel\u0117 \u2013 unikalus baldas bet kuriai virtuvei, derinantis modern\u0173 stili\u0173 ir funkcionalum\u0105. Eleganti\u0161ka \u201ePuccini\u201c spalva suteikia \u0161ilumos ir jaukumo, o paprasta forma puikiai dera tiek prie klasikinio, tiek prie modernaus interjero.<\/p>\n<p>Unikalus dureli\u0173, kurios atsidaro pakeliama rankena, dizainas ne tik garantuoja paprast\u0105 naudojim\u0105, bet ir suteikia visam i\u0161d\u0117stymui unikalumo. Galimyb\u0117 montuoti dureles de\u0161in\u0117je arba kair\u0117je pus\u0117je, spintel\u0117 puikiai prisitaiko prie individuali\u0173 j\u016bs\u0173 virtuv\u0117s erdv\u0117s poreiki\u0173.<\/p>\n<p>Prakti\u0161kas spintel\u0117s vidus suteikia daug vietos daiktams susid\u0117ti, o dvi reguliuojamo auk\u0161\u010dio lentynos u\u017etikrina lanks\u010di\u0105 virtuv\u0117s pried\u0173 tvark\u0105. Korpusui ir priekiui naudojama laminuota plok\u0161t\u0117 yra atspari \u012fbr\u0117\u017eimams ir sm\u016bgiams, tod\u0117l prailgina spintel\u0117s tarnavimo laik\u0105 ir garantuoja ilgalaik\u0119 estetik\u0105.<\/p>\n<p>\u201ePuccini Sorento G80\u201c spintel\u0117 turi u\u017espaud\u017eiamus vyrius su \u0161velnaus u\u017edarymo funkcija, u\u017etikrinan\u010dius skland\u0173 ir tyl\u0173 dureli\u0173 u\u017edarym\u0105. D\u0117l pridedam\u0173 tvirtinimo element\u0173 spintel\u0119 paprasta ir intuityvu surinkti, tod\u0117l gal\u0117site greitai m\u0117gautis jos privalumais kasdien naudojant.<\/p>","protected":false},"excerpt":{"rendered":"<p>Plotis (cm): 80<br \/>\n\u016agis (cm): 100<br \/>\nGylis (cm): 32<\/p>","protected":false},"featured_media":157135,"comment_status":"open","ping_status":"open","template":"","meta":[],"product_brand":[],"product_cat":[9436,4106],"product_tag":[],"class_list":{"0":"post-157134","1":"product","2":"type-product","3":"status-publish","4":"has-post-thumbnail","6":"product_cat-kitchen-system-sorento","7":"product_cat-gala-meble","9":"first","10":"instock","11":"purchasable","12":"product-type-simple"},"_links":{"self":[{"href":"https:\/\/baldumarket.lt\/lt\/wp-json\/wp\/v2\/product\/157134","targetHints":{"allow":["GET"]}}],"collection":[{"href":"https:\/\/baldumarket.lt\/lt\/wp-json\/wp\/v2\/product"}],"about":[{"href":"https:\/\/baldumarket.lt\/lt\/wp-json\/wp\/v2\/types\/product"}],"replies":[{"embeddable":true,"href":"https:\/\/baldumarket.lt\/lt\/wp-json\/wp\/v2\/comments?post=157134"}],"wp:featuredmedia":[{"embeddable":true,"href":"https:\/\/baldumarket.lt\/lt\/wp-json\/wp\/v2\/media\/157135"}],"wp:attachment":[{"href":"https:\/\/baldumarket.lt\/lt\/wp-json\/wp\/v2\/media?parent=157134"}],"wp:term":[{"taxonomy":"product_brand","embeddable":true,"href":"https:\/\/baldumarket.lt\/lt\/wp-json\/wp\/v2\/product_brand?post=157134"},{"taxonomy":"product_cat","embeddable":true,"href":"https:\/\/baldumarket.lt\/lt\/wp-json\/wp\/v2\/product_cat?post=157134"},{"taxonomy":"product_tag","embeddable":true,"href":"https:\/\/baldumarket.lt\/lt\/wp-json\/wp\/v2\/product_tag?post=157134"}],"curies":[{"name":"wp","href":"https:\/\/api.w.org\/{rel}","templated":true}]}}