{"id":157130,"date":"2025-12-18T23:20:04","date_gmt":"2025-12-18T20:20:04","guid":{"rendered":"https:\/\/baldumarket.lt\/product\/szafka-kuchenna-gorna-2d-sorento-g80-puccini-bezowy-mat\/"},"modified":"2026-02-18T11:07:57","modified_gmt":"2026-02-18T08:07:57","slug":"szafka-kuchenna-gorna-2d-sorento-g80-puccini-bezowy-mat","status":"publish","type":"product","link":"https:\/\/baldumarket.lt\/lt\/product\/szafka-kuchenna-gorna-2d-sorento-g80-puccini-bezowy-mat\/","title":{"rendered":"2D vir\u0161utin\u0117 virtuv\u0117s spintel\u0117 Sorento G80 Puccini matin\u0117s sm\u0117lio spalvos"},"content":{"rendered":"<p>Atraskite minimalistinio dizaino \u017eaves\u012f su modernia \u201eSorento G80 2-D\u201c vir\u0161utine virtuv\u0117s spintele matin\u0117s sm\u0117lio spalvos. \u0160is eleganti\u0161kas interjero dizaino elementas, sukurtas garsaus prek\u0117s \u017eenklo \u201eGa\u0142a Meble\u201c, suteikia virtuvei subtilaus prabangos prisilietimo. Matin\u0117s sm\u0117lio spalvos fasadas harmoningai papildo \u201ePuccini\u201c korpus\u0105, sukurdamas darni\u0105 ir jauki\u0105 atmosfer\u0105, kuri puikiai dera prie \u012fvairi\u0173 interjero dizaino stili\u0173.<\/p>\n<p>Ta\u010diau \u0161\u012f gamin\u012f i\u0161skirtiniu daro ne tik gro\u017eis. D\u0117l tvirtos laminuotos plok\u0161t\u0117s konstrukcijos \u0161i spintel\u0117 pasi\u017eymi ne tik estetiniu patrauklumu, bet ir ilgaam\u017ei\u0161kumu. \u0160is sprendimas apjungia rafinuot\u0105 stili\u0173 ir neprilygstam\u0105 funkcionalum\u0105 \u2013 savyb\u0119, kuri\u0105 tikrai \u012fvertins tie, kurie vertina prakti\u0161kus sprendimus savo virtuv\u0117je.<\/p>\n<p>\u0160ios spintel\u0117s funkcionalumas akivaizdus kiekvienoje detal\u0117je \u2013 nuo prakti\u0161k\u0173 \u201eClip-On\u201c vyri\u0173 su \u0161velnaus u\u017edarymo mechanizmu iki galimyb\u0117s montuoti dureles kair\u0117je arba de\u0161in\u0117je pus\u0117je. D\u0117l komplekte esan\u010dio reguliuojamo pakabos ir juostel\u0117s montavimas tampa lengvas ir malonus net tiems, kurie nelaiko sav\u0119s \u0161io tipo darb\u0173 ekspertais.<\/p>\n<p>Nepamir\u0161kime ir vidaus, kuriame d\u0117l dviej\u0173 lentyn\u0173 tilps daugyb\u0117 virtuv\u0117s lobi\u0173. Sumanus erdv\u0117s i\u0161d\u0117stymas spintel\u0117je leid\u017eia lengvai laikyti daiktus ir greitai pasiekti b\u016btiniausius daiktus. Tai puikus sprendimas visiems, norintiems i\u0161naudoti vis\u0105 savo virtuv\u0117s potencial\u0105. \u201eSorento G80\u201c spintel\u0117s stiliaus ir funkcijos derinys neabejotinai papuo\u0161 bet kok\u012f interjer\u0105 ir pagerins kasdienius virtuv\u0117s ritualus.<\/p>","protected":false},"excerpt":{"rendered":"<p>Plotis (cm): 80<br \/>\n\u016agis (cm): 100<br \/>\nGylis (cm): 32<\/p>","protected":false},"featured_media":157131,"comment_status":"open","ping_status":"open","template":"","meta":[],"product_brand":[],"product_cat":[9436,4106],"product_tag":[],"class_list":{"0":"post-157130","1":"product","2":"type-product","3":"status-publish","4":"has-post-thumbnail","6":"product_cat-kitchen-system-sorento","7":"product_cat-gala-meble","9":"first","10":"instock","11":"purchasable","12":"product-type-simple"},"_links":{"self":[{"href":"https:\/\/baldumarket.lt\/lt\/wp-json\/wp\/v2\/product\/157130","targetHints":{"allow":["GET"]}}],"collection":[{"href":"https:\/\/baldumarket.lt\/lt\/wp-json\/wp\/v2\/product"}],"about":[{"href":"https:\/\/baldumarket.lt\/lt\/wp-json\/wp\/v2\/types\/product"}],"replies":[{"embeddable":true,"href":"https:\/\/baldumarket.lt\/lt\/wp-json\/wp\/v2\/comments?post=157130"}],"wp:featuredmedia":[{"embeddable":true,"href":"https:\/\/baldumarket.lt\/lt\/wp-json\/wp\/v2\/media\/157131"}],"wp:attachment":[{"href":"https:\/\/baldumarket.lt\/lt\/wp-json\/wp\/v2\/media?parent=157130"}],"wp:term":[{"taxonomy":"product_brand","embeddable":true,"href":"https:\/\/baldumarket.lt\/lt\/wp-json\/wp\/v2\/product_brand?post=157130"},{"taxonomy":"product_cat","embeddable":true,"href":"https:\/\/baldumarket.lt\/lt\/wp-json\/wp\/v2\/product_cat?post=157130"},{"taxonomy":"product_tag","embeddable":true,"href":"https:\/\/baldumarket.lt\/lt\/wp-json\/wp\/v2\/product_tag?post=157130"}],"curies":[{"name":"wp","href":"https:\/\/api.w.org\/{rel}","templated":true}]}}