{"id":157125,"date":"2025-12-18T23:19:53","date_gmt":"2025-12-18T20:19:53","guid":{"rendered":"https:\/\/baldumarket.lt\/product\/szafka-kuchenna-gorna-2d-sorento-g80-puccini-bialy-mat-ramka\/"},"modified":"2026-02-18T11:07:57","modified_gmt":"2026-02-18T08:07:57","slug":"szafka-kuchenna-gorna-2d-sorento-g80-puccini-bialy-mat-ramka","status":"publish","type":"product","link":"https:\/\/baldumarket.lt\/lt\/product\/szafka-kuchenna-gorna-2d-sorento-g80-puccini-bialy-mat-ramka\/","title":{"rendered":"2D vir\u0161utin\u0117 virtuv\u0117s spintel\u0117 Sorento G80 Puccini matin\u0117s baltos spalvos r\u0117meliu"},"content":{"rendered":"<p>Atraskite subtil\u0173 elegancij\u0105 su \u201eSorento G80\u201c vir\u0161utine virtuv\u0117s spintele, kuri i\u0161siskiria \u0161iuolaiki\u0161ku dizainu. Matin\u0117s baltos spalvos fasadas susilieja su Puccini spalvos korpusu, sukurdami harmoning\u0105 ir rafinuot\u0105 visum\u0105. Kompakti\u0161kas dizainas leid\u017eia sukurti esteti\u0161kai patraukl\u0173 virtuv\u0117s interjer\u0105, suteikdamas jam lengvumo ir gaivos poj\u016bt\u012f. Tai puikus pasirinkimas minimalistams, vertinantiems paprastum\u0105 kartu su prabangos prieskoniu. \u201eSorento\u201c spintel\u0117s funkcionalumas atsispindi prakti\u0161kuose sprendimuose. D\u0117l \u201eClip-On\u201c \u0161velnaus u\u017edarymo sistemos dureli\u0173 atidarymas ir u\u017edarymas tampa beveik tylus, tod\u0117l kasdienis naudojimas yra patogesnis. Be to, galimyb\u0117 montuoti dureles kair\u0117je arba de\u0161in\u0117je pus\u0117je suteikia visi\u0161k\u0105 dizaino lankstum\u0105, tod\u0117l \u0161i\u0105 spintel\u0119 lengva pritaikyti bet kurioje virtuv\u0117s erdv\u0117je. Aukso spalvos metalin\u0117 rankena suteikia elegancijos ir klas\u0117s, traukia ak\u012f subtilia, ta\u010diau ry\u0161kia detale. \u0160i detal\u0117 \u012fprast\u0105 spintel\u0119 paver\u010dia unikaliu dekoratyviniu akcentu. D\u0117l auk\u0161tos kokyb\u0117s med\u017eiag\u0173, toki\u0173 kaip MDF fasaduose ir laminuota plok\u0161t\u0117 korpuse, naudojimo galite b\u016bti tikri, kad spintel\u0117 tarnaus jums daugel\u012f met\u0173, i\u0161laikydama savo i\u0161vaizd\u0105 ir funkcionalum\u0105.<\/p>","protected":false},"excerpt":{"rendered":"<p>Plotis (cm): 80<br \/>\n\u016agis (cm): 100<br \/>\nGylis (cm): 32<\/p>","protected":false},"featured_media":157126,"comment_status":"open","ping_status":"open","template":"","meta":[],"product_brand":[],"product_cat":[9436,4106],"product_tag":[],"class_list":{"0":"post-157125","1":"product","2":"type-product","3":"status-publish","4":"has-post-thumbnail","6":"product_cat-kitchen-system-sorento","7":"product_cat-gala-meble","9":"first","10":"instock","11":"purchasable","12":"product-type-simple"},"_links":{"self":[{"href":"https:\/\/baldumarket.lt\/lt\/wp-json\/wp\/v2\/product\/157125","targetHints":{"allow":["GET"]}}],"collection":[{"href":"https:\/\/baldumarket.lt\/lt\/wp-json\/wp\/v2\/product"}],"about":[{"href":"https:\/\/baldumarket.lt\/lt\/wp-json\/wp\/v2\/types\/product"}],"replies":[{"embeddable":true,"href":"https:\/\/baldumarket.lt\/lt\/wp-json\/wp\/v2\/comments?post=157125"}],"wp:featuredmedia":[{"embeddable":true,"href":"https:\/\/baldumarket.lt\/lt\/wp-json\/wp\/v2\/media\/157126"}],"wp:attachment":[{"href":"https:\/\/baldumarket.lt\/lt\/wp-json\/wp\/v2\/media?parent=157125"}],"wp:term":[{"taxonomy":"product_brand","embeddable":true,"href":"https:\/\/baldumarket.lt\/lt\/wp-json\/wp\/v2\/product_brand?post=157125"},{"taxonomy":"product_cat","embeddable":true,"href":"https:\/\/baldumarket.lt\/lt\/wp-json\/wp\/v2\/product_cat?post=157125"},{"taxonomy":"product_tag","embeddable":true,"href":"https:\/\/baldumarket.lt\/lt\/wp-json\/wp\/v2\/product_tag?post=157125"}],"curies":[{"name":"wp","href":"https:\/\/api.w.org\/{rel}","templated":true}]}}