{"id":157121,"date":"2025-12-18T23:19:45","date_gmt":"2025-12-18T20:19:45","guid":{"rendered":"https:\/\/baldumarket.lt\/product\/szafka-kuchenna-gorna-2d-sorento-g80-puccini-green\/"},"modified":"2026-02-18T11:07:57","modified_gmt":"2026-02-18T08:07:57","slug":"szafka-kuchenna-gorna-2d-sorento-g80-puccini-green","status":"publish","type":"product","link":"https:\/\/baldumarket.lt\/lt\/product\/szafka-kuchenna-gorna-2d-sorento-g80-puccini-green\/","title":{"rendered":"2D vir\u0161utin\u0117 virtuv\u0117s spintel\u0117 Sorento G80 Puccini \u017ealia"},"content":{"rendered":"<p>\u201eSorento G80 Puccini Green 2-D\u201c vir\u0161utin\u0117je virtuv\u0117s spintel\u0117je susijungia gro\u017eis ir funkcionalumas. Unikali \u017ealia priekin\u0117s dalies spalva kartu su Puccini spalvos korpuso elegancija daro \u0161\u012f virtuv\u0117s dizaino element\u0105 ne tik prakti\u0161ku, bet ir esteti\u0161kai patraukliu. Harmoningos linijos ir modernus dizainas puikiai papildys bet kuri\u0105 virtuv\u0119, suteikdamas jai gaiv\u0173 ir eleganti\u0161k\u0105 vaizd\u0105.<\/p>\n<p>Spintel\u0117 pagaminta i\u0161 auk\u0161tos kokyb\u0117s laminuotos plok\u0161t\u0117s, u\u017etikrinan\u010dios patvarum\u0105 ir atsparum\u0105 kasdieniam nusid\u0117v\u0117jimui. Galimyb\u0117 montuoti dureles i\u0161 abiej\u0173 pusi\u0173 suteikia itin lankst\u0173 sprendim\u0105 \u2013 ji puikiai tiks bet kurioje virtuv\u0117s erdv\u0117je. \u0160velniai u\u017esidarantys \u201eClip-On\u201c vyriai ne tik padidina komfort\u0105, bet ir apsaugo spintel\u0119 nuo nereikalingo nusid\u0117v\u0117jimo.<\/p>\n<p>Nesvarbu, ar ie\u0161kote vietos indams, prieskoniams ar kitiems virtuv\u0117s reikmenims laikyti, \u201eSorento G80\u201c spintel\u0117 yra puikus pasirinkimas. Jos funkcionalum\u0105 dar labiau padidina dvi erdvios vidin\u0117s lentynos, kurios padeda palaikyti tobul\u0105 tvark\u0105 ir efektyvum\u0105 virtuv\u0117je. Pridedamas reguliuojamas pakabos ir juostel\u0117s mechanizmas leid\u017eia lengvai sumontuoti, tod\u0117l virtuv\u0117s i\u0161planavimo keitimas tampa malonia patirtimi, o ne i\u0161\u0161\u016bkiu.<\/p>\n<p>Pasidaryti tai patiems yra paprasta ir intuityvu \u2013 patirkite pasitenkinim\u0105 dekoruodami savo gyvenam\u0105j\u0105 erdv\u0119 savo rankomis. Tai suteiks j\u016bs\u0173 interjerui modernaus klasikinio stiliaus prisilietim\u0105, pagerins ne tik jo funkcionalum\u0105, bet ir kasdien\u012f malonum\u0105. Pasirinkite \u201eSorento G80\u201c virtuv\u0117s spintel\u0119, kad suteiktum\u0117te savo virtuvei unikal\u0173 charakter\u012f ir gal\u0117tum\u0117te ja m\u0117gautis ilgus metus.<\/p>","protected":false},"excerpt":{"rendered":"<p>Plotis (cm): 80<br \/>\n\u016agis (cm): 100<br \/>\nGylis (cm): 32<\/p>","protected":false},"featured_media":157122,"comment_status":"open","ping_status":"open","template":"","meta":[],"product_brand":[],"product_cat":[9436,4106],"product_tag":[],"class_list":{"0":"post-157121","1":"product","2":"type-product","3":"status-publish","4":"has-post-thumbnail","6":"product_cat-kitchen-system-sorento","7":"product_cat-gala-meble","9":"first","10":"instock","11":"purchasable","12":"product-type-simple"},"_links":{"self":[{"href":"https:\/\/baldumarket.lt\/lt\/wp-json\/wp\/v2\/product\/157121","targetHints":{"allow":["GET"]}}],"collection":[{"href":"https:\/\/baldumarket.lt\/lt\/wp-json\/wp\/v2\/product"}],"about":[{"href":"https:\/\/baldumarket.lt\/lt\/wp-json\/wp\/v2\/types\/product"}],"replies":[{"embeddable":true,"href":"https:\/\/baldumarket.lt\/lt\/wp-json\/wp\/v2\/comments?post=157121"}],"wp:featuredmedia":[{"embeddable":true,"href":"https:\/\/baldumarket.lt\/lt\/wp-json\/wp\/v2\/media\/157122"}],"wp:attachment":[{"href":"https:\/\/baldumarket.lt\/lt\/wp-json\/wp\/v2\/media?parent=157121"}],"wp:term":[{"taxonomy":"product_brand","embeddable":true,"href":"https:\/\/baldumarket.lt\/lt\/wp-json\/wp\/v2\/product_brand?post=157121"},{"taxonomy":"product_cat","embeddable":true,"href":"https:\/\/baldumarket.lt\/lt\/wp-json\/wp\/v2\/product_cat?post=157121"},{"taxonomy":"product_tag","embeddable":true,"href":"https:\/\/baldumarket.lt\/lt\/wp-json\/wp\/v2\/product_tag?post=157121"}],"curies":[{"name":"wp","href":"https:\/\/api.w.org\/{rel}","templated":true}]}}