{"id":157116,"date":"2025-12-18T23:19:35","date_gmt":"2025-12-18T20:19:35","guid":{"rendered":"https:\/\/baldumarket.lt\/product\/szafka-kuchenna-gorna-kredens-k120-linea-white-bialy-mat\/"},"modified":"2026-02-18T11:33:15","modified_gmt":"2026-02-18T08:33:15","slug":"szafka-kuchenna-gorna-kredens-k120-linea-white-bialy-mat","status":"publish","type":"product","link":"https:\/\/baldumarket.lt\/lt\/product\/szafka-kuchenna-gorna-kredens-k120-linea-white-bialy-mat\/","title":{"rendered":"K120 Linea balta matin\u0117 vir\u0161utin\u0117 virtuv\u0117s spintel\u0117"},"content":{"rendered":"<p>Atraskite elegancij\u0105 ir modernum\u0105 su \u201eLinea White K120\u201c virtuv\u0117s spintele, kurios spalva \u2013 matin\u0117 balta. \u0160i unikali spintel\u0117 \u2013 tobulas estetikos ir funkcionalumo derinys, neabejotinai pritrauksiantis d\u0117mes\u012f j\u016bs\u0173 virtuv\u0117je. Matin\u0117 balta apdaila suteikia interjerui subtilumo ir harmonijos, sukurdama i\u0161skirtinio stiliaus erdv\u0119. \u201eLinea White\u201c spintel\u0117 yra ne tik esteti\u0161kai patrauklus baldas, bet ir prakti\u0161kas sprendimas j\u016bs\u0173 virtuvei. D\u0117l kompakti\u0161k\u0173 matmen\u0173 ir apgalvoto dizaino ji si\u016blo daug vietos daiktams susid\u0117ti, neu\u017eimdama per daug vietos. Auksin\u0117s rankenos suteikia spintelei prabangos, pabr\u0117\u017eiant rafinuot\u0105 baldo charakter\u012f. Tvirta MDF ir laminato konstrukcija efektyviai derina patvarum\u0105 su lengva forma. \u0160is baldas lengvai der\u0117s prie bet kokio interjero, nepriklausomai nuo jo stiliaus. Tyl\u016bs, savaime u\u017esidarantys vyriai garantuoja komfort\u0105 ir prailgina spintel\u0117s tarnavimo laik\u0105, pa\u0161alindami nereikaling\u0105 triuk\u0161m\u0105 ir u\u017etikrindami be r\u016bpes\u010di\u0173 kasdien\u012f naudojim\u0105.<\/p>","protected":false},"excerpt":{"rendered":"<p>Plotis (cm): 120<br \/>\n\u016agis (cm): 126<br \/>\nGylis (cm): 32<\/p>","protected":false},"featured_media":157117,"comment_status":"open","ping_status":"open","template":"","meta":[],"product_brand":[],"product_cat":[9446,4106],"product_tag":[],"class_list":{"0":"post-157116","1":"product","2":"type-product","3":"status-publish","4":"has-post-thumbnail","6":"product_cat-kitchen-system-linea-white","7":"product_cat-gala-meble","9":"first","10":"instock","11":"purchasable","12":"product-type-simple"},"_links":{"self":[{"href":"https:\/\/baldumarket.lt\/lt\/wp-json\/wp\/v2\/product\/157116","targetHints":{"allow":["GET"]}}],"collection":[{"href":"https:\/\/baldumarket.lt\/lt\/wp-json\/wp\/v2\/product"}],"about":[{"href":"https:\/\/baldumarket.lt\/lt\/wp-json\/wp\/v2\/types\/product"}],"replies":[{"embeddable":true,"href":"https:\/\/baldumarket.lt\/lt\/wp-json\/wp\/v2\/comments?post=157116"}],"wp:featuredmedia":[{"embeddable":true,"href":"https:\/\/baldumarket.lt\/lt\/wp-json\/wp\/v2\/media\/157117"}],"wp:attachment":[{"href":"https:\/\/baldumarket.lt\/lt\/wp-json\/wp\/v2\/media?parent=157116"}],"wp:term":[{"taxonomy":"product_brand","embeddable":true,"href":"https:\/\/baldumarket.lt\/lt\/wp-json\/wp\/v2\/product_brand?post=157116"},{"taxonomy":"product_cat","embeddable":true,"href":"https:\/\/baldumarket.lt\/lt\/wp-json\/wp\/v2\/product_cat?post=157116"},{"taxonomy":"product_tag","embeddable":true,"href":"https:\/\/baldumarket.lt\/lt\/wp-json\/wp\/v2\/product_tag?post=157116"}],"curies":[{"name":"wp","href":"https:\/\/api.w.org\/{rel}","templated":true}]}}