{"id":157111,"date":"2025-12-18T23:19:26","date_gmt":"2025-12-18T20:19:26","guid":{"rendered":"https:\/\/baldumarket.lt\/product\/szafka-kuchenna-gorna-nadstawka-2d-sorento-n60n-baltic-storm\/"},"modified":"2026-02-18T11:07:57","modified_gmt":"2026-02-18T08:07:57","slug":"szafka-kuchenna-gorna-nadstawka-2d-sorento-n60n-baltic-storm","status":"publish","type":"product","link":"https:\/\/baldumarket.lt\/lt\/product\/szafka-kuchenna-gorna-nadstawka-2d-sorento-n60n-baltic-storm\/","title":{"rendered":"Virtuv\u0117s spintel\u0117s vir\u0161utinis prailginimas 2D Sorento N60N Baltic Storm"},"content":{"rendered":"<p>Atraskite nauj\u0105 kokyb\u0117s lyg\u012f savo virtuv\u0117je<\/p>\n<p>Funkcionalumas dera su estetika \u2013 \u0161i spintel\u0117 si\u016blo ne tik gra\u017e\u0173 dizain\u0105, bet ir prakti\u0161kus sprendimus. I\u0161traukiama lentyna ant b\u0117geli\u0173 leid\u017eia ne\u012ftik\u0117tinai lengvai ir patogiai pasiekti m\u0117gstamus prieskonius ir aksesuarus. D\u0117l \u201eFree Up\u201c pak\u0117limo spintel\u0117 atsidaro skland\u017eiai ir tyliai, o tai \u017eymiai pagerina kasdienio naudojimo komfort\u0105. Spintel\u0117 pagaminta i\u0161 atsparios pa\u017eeidimams laminuotos plok\u0161t\u0117s, jos storis yra 18 mm, tod\u0117l ji yra patvari ir ilgaam\u017e\u0117. U\u017espaud\u017eiami vyriai, taip pat su \u0161velnaus u\u017edarymo funkcija, dar labiau padidina jos funkcionalum\u0105 ir supaprastina kasdien\u012f naudojim\u0105. D\u0117l \u0161i\u0173 sprendim\u0173 \u201eSorento\u201c virtuv\u0117s spintel\u0117 yra puikus pasirinkimas visiems, kurie vertina ir stili\u0173, ir komfort\u0105.<\/p>","protected":false},"excerpt":{"rendered":"<p>Plotis (cm): 60<br \/>\n\u016agis (cm): 158<br \/>\nGylis (cm): 58<\/p>","protected":false},"featured_media":157112,"comment_status":"open","ping_status":"open","template":"","meta":[],"product_brand":[],"product_cat":[9436,4106],"product_tag":[],"class_list":{"0":"post-157111","1":"product","2":"type-product","3":"status-publish","4":"has-post-thumbnail","6":"product_cat-kitchen-system-sorento","7":"product_cat-gala-meble","9":"first","10":"instock","11":"purchasable","12":"product-type-simple"},"_links":{"self":[{"href":"https:\/\/baldumarket.lt\/lt\/wp-json\/wp\/v2\/product\/157111","targetHints":{"allow":["GET"]}}],"collection":[{"href":"https:\/\/baldumarket.lt\/lt\/wp-json\/wp\/v2\/product"}],"about":[{"href":"https:\/\/baldumarket.lt\/lt\/wp-json\/wp\/v2\/types\/product"}],"replies":[{"embeddable":true,"href":"https:\/\/baldumarket.lt\/lt\/wp-json\/wp\/v2\/comments?post=157111"}],"wp:featuredmedia":[{"embeddable":true,"href":"https:\/\/baldumarket.lt\/lt\/wp-json\/wp\/v2\/media\/157112"}],"wp:attachment":[{"href":"https:\/\/baldumarket.lt\/lt\/wp-json\/wp\/v2\/media?parent=157111"}],"wp:term":[{"taxonomy":"product_brand","embeddable":true,"href":"https:\/\/baldumarket.lt\/lt\/wp-json\/wp\/v2\/product_brand?post=157111"},{"taxonomy":"product_cat","embeddable":true,"href":"https:\/\/baldumarket.lt\/lt\/wp-json\/wp\/v2\/product_cat?post=157111"},{"taxonomy":"product_tag","embeddable":true,"href":"https:\/\/baldumarket.lt\/lt\/wp-json\/wp\/v2\/product_tag?post=157111"}],"curies":[{"name":"wp","href":"https:\/\/api.w.org\/{rel}","templated":true}]}}