{"id":157105,"date":"2025-12-18T23:19:14","date_gmt":"2025-12-18T20:19:14","guid":{"rendered":"https:\/\/baldumarket.lt\/product\/szafka-kuchenna-gorna-nadstawka-2d-sorento-n60n-puccini\/"},"modified":"2026-02-18T11:07:57","modified_gmt":"2026-02-18T08:07:57","slug":"szafka-kuchenna-gorna-nadstawka-2d-sorento-n60n-puccini","status":"publish","type":"product","link":"https:\/\/baldumarket.lt\/lt\/product\/szafka-kuchenna-gorna-nadstawka-2d-sorento-n60n-puccini\/","title":{"rendered":"2D vir\u0161utin\u0117 virtuv\u0117s spintel\u0117 Sorento N60N Puccini"},"content":{"rendered":"<p>Pristatome \u201ePuccini Sorento N60N 2-D\u201c vir\u0161utin\u0119 virtuv\u0117s spintel\u0119, kurioje dera klasikin\u0117 elegancija ir modernus dizainas. \u201ePuccini\u201c spalv\u0173 gama skland\u017eiai \u012fsilies \u012f bet kok\u012f virtuv\u0117s interjer\u0105, suteikdama jaukumo ir charakterio. Tai puikus pasirinkimas tiems, kurie vertina estetik\u0105 ir komfort\u0105. Spintel\u0117 pagaminta i\u0161 patvarios laminuotos plok\u0161t\u0117s, u\u017etikrinan\u010dios atsparum\u0105 kasdieniam naudojimui ir lengv\u0105 valym\u0105. Spintel\u0117s \u017eaves\u012f sustiprina juodos metalin\u0117s rankenos, suteikian\u010dios jai eleganti\u0161k\u0105 ir moderni\u0105 i\u0161vaizd\u0105. Individualiai pritaikytas dizainas tikrai pritrauks sve\u010di\u0173 d\u0117mes\u012f ir leis m\u0117gautis laiku virtuv\u0117je. Funkcionalumas yra pagrindinis \u0161ios spintel\u0117s aspektas. \u201eFree Up\u201c pak\u0117limo mechanizmas suteikia patogi\u0105 ir lengv\u0105 prieig\u0105 prie vir\u0161utini\u0173 lentyn\u0173. Nesvarbu, ar tai receptai, prieskoniai, ar stalo \u012frankiai, viskas yra ranka pasiekiama ir tvarkinga. I\u0161traukiama lentyna ant b\u0117geli\u0173 suteikia papildomos vietos, kurioje lengvai tilps visi j\u016bs\u0173 virtuv\u0117s reikmenys.<\/p>","protected":false},"excerpt":{"rendered":"<p>Plotis (cm): 60<br \/>\n\u016agis (cm): 158<br \/>\nGylis (cm): 58<\/p>","protected":false},"featured_media":157106,"comment_status":"open","ping_status":"open","template":"","meta":[],"product_brand":[],"product_cat":[9436,4106],"product_tag":[],"class_list":{"0":"post-157105","1":"product","2":"type-product","3":"status-publish","4":"has-post-thumbnail","6":"product_cat-kitchen-system-sorento","7":"product_cat-gala-meble","9":"first","10":"instock","11":"purchasable","12":"product-type-simple"},"_links":{"self":[{"href":"https:\/\/baldumarket.lt\/lt\/wp-json\/wp\/v2\/product\/157105","targetHints":{"allow":["GET"]}}],"collection":[{"href":"https:\/\/baldumarket.lt\/lt\/wp-json\/wp\/v2\/product"}],"about":[{"href":"https:\/\/baldumarket.lt\/lt\/wp-json\/wp\/v2\/types\/product"}],"replies":[{"embeddable":true,"href":"https:\/\/baldumarket.lt\/lt\/wp-json\/wp\/v2\/comments?post=157105"}],"wp:featuredmedia":[{"embeddable":true,"href":"https:\/\/baldumarket.lt\/lt\/wp-json\/wp\/v2\/media\/157106"}],"wp:attachment":[{"href":"https:\/\/baldumarket.lt\/lt\/wp-json\/wp\/v2\/media?parent=157105"}],"wp:term":[{"taxonomy":"product_brand","embeddable":true,"href":"https:\/\/baldumarket.lt\/lt\/wp-json\/wp\/v2\/product_brand?post=157105"},{"taxonomy":"product_cat","embeddable":true,"href":"https:\/\/baldumarket.lt\/lt\/wp-json\/wp\/v2\/product_cat?post=157105"},{"taxonomy":"product_tag","embeddable":true,"href":"https:\/\/baldumarket.lt\/lt\/wp-json\/wp\/v2\/product_tag?post=157105"}],"curies":[{"name":"wp","href":"https:\/\/api.w.org\/{rel}","templated":true}]}}