{"id":157100,"date":"2025-12-18T23:19:04","date_gmt":"2025-12-18T20:19:04","guid":{"rendered":"https:\/\/baldumarket.lt\/product\/szafka-kuchenna-gorna-narozna-2d-sorento-g60n2-baltic-storm\/"},"modified":"2026-02-18T11:07:42","modified_gmt":"2026-02-18T08:07:42","slug":"szafka-kuchenna-gorna-narozna-2d-sorento-g60n2-baltic-storm","status":"publish","type":"product","link":"https:\/\/baldumarket.lt\/lt\/product\/szafka-kuchenna-gorna-narozna-2d-sorento-g60n2-baltic-storm\/","title":{"rendered":"Vir\u0161utin\u0117 kampin\u0117 virtuv\u0117s spintel\u0117 2D Sorento G60N2 Baltic Storm"},"content":{"rendered":"<p>\u201eSorento G60N2 Baltic Storm 2D\u201c kampin\u0117 vir\u0161utin\u0117 virtuv\u0117s spintel\u0117 \u2013 puikus pasirinkimas ie\u0161kantiems eleganti\u0161kos ir funkcionalios virtuv\u0117s erdv\u0117s. Modernus \u201eBaltic Storm\u201c spalvos dizainas \u012fne\u0161a ne tik harmonijos, bet ir paslapties. Pavir\u0161ius ne tik esteti\u0161kai patrauklus, bet ir labai atsparus pa\u017eeidimams, tod\u0117l spintel\u0117 ilgai trauks ak\u012f, i\u0161laikant puikias funkcines savybes. I\u0161skirtinis \u0161ios spintel\u0117s bruo\u017eas \u2013 universalumas. D\u0117l novatori\u0161k\u0173 sprendim\u0173, toki\u0173 kaip integruota spintel\u0117s atidarymo sistema, dureles galima montuoti tiek de\u0161in\u0117je, tiek kair\u0117je pus\u0117je. D\u0117l to spintel\u0117 puikiai tinka \u012fvairioms virtuv\u0117s konfig\u016bracijoms, o jos i\u0161d\u0117stymo lankstumas tampa itin prakti\u0161kas. Traukiant atidaroma priekin\u0117 dalis suteikia modernumo ir palengvina prieig\u0105 prie spintel\u0117s. Spintel\u0117s viduje yra dvi reguliuojamo auk\u0161\u010dio lentynos, kurias lengva pritaikyti individualiems poreikiams. Virtuv\u0119 galite susitvarkyti pagal savo skon\u012f, apgalvotai ir funkcionaliai laikydami tiek indus, tiek kitus virtuv\u0117s reikmenis. Kiekviena lentyna sukurta taip, kad palaikyt\u0173 tvark\u0105 ir kartu leist\u0173 greitai pasiekti b\u016btiniausius daiktus.<\/p>","protected":false},"excerpt":{"rendered":"<p>Plotis (cm): 60<br \/>\n\u016agis (cm): 100<br \/>\nGylis (cm): 60<\/p>","protected":false},"featured_media":157101,"comment_status":"open","ping_status":"open","template":"","meta":[],"product_brand":[],"product_cat":[9436,4106],"product_tag":[],"class_list":{"0":"post-157100","1":"product","2":"type-product","3":"status-publish","4":"has-post-thumbnail","6":"product_cat-kitchen-system-sorento","7":"product_cat-gala-meble","9":"first","10":"instock","11":"purchasable","12":"product-type-simple"},"_links":{"self":[{"href":"https:\/\/baldumarket.lt\/lt\/wp-json\/wp\/v2\/product\/157100","targetHints":{"allow":["GET"]}}],"collection":[{"href":"https:\/\/baldumarket.lt\/lt\/wp-json\/wp\/v2\/product"}],"about":[{"href":"https:\/\/baldumarket.lt\/lt\/wp-json\/wp\/v2\/types\/product"}],"replies":[{"embeddable":true,"href":"https:\/\/baldumarket.lt\/lt\/wp-json\/wp\/v2\/comments?post=157100"}],"wp:featuredmedia":[{"embeddable":true,"href":"https:\/\/baldumarket.lt\/lt\/wp-json\/wp\/v2\/media\/157101"}],"wp:attachment":[{"href":"https:\/\/baldumarket.lt\/lt\/wp-json\/wp\/v2\/media?parent=157100"}],"wp:term":[{"taxonomy":"product_brand","embeddable":true,"href":"https:\/\/baldumarket.lt\/lt\/wp-json\/wp\/v2\/product_brand?post=157100"},{"taxonomy":"product_cat","embeddable":true,"href":"https:\/\/baldumarket.lt\/lt\/wp-json\/wp\/v2\/product_cat?post=157100"},{"taxonomy":"product_tag","embeddable":true,"href":"https:\/\/baldumarket.lt\/lt\/wp-json\/wp\/v2\/product_tag?post=157100"}],"curies":[{"name":"wp","href":"https:\/\/api.w.org\/{rel}","templated":true}]}}