{"id":157095,"date":"2025-12-18T23:18:54","date_gmt":"2025-12-18T20:18:54","guid":{"rendered":"https:\/\/baldumarket.lt\/product\/szafka-kuchenna-gorna-narozna-2d-sorento-g60n2-puccini\/"},"modified":"2026-02-18T11:07:42","modified_gmt":"2026-02-18T08:07:42","slug":"szafka-kuchenna-gorna-narozna-2d-sorento-g60n2-puccini","status":"publish","type":"product","link":"https:\/\/baldumarket.lt\/lt\/product\/szafka-kuchenna-gorna-narozna-2d-sorento-g60n2-puccini\/","title":{"rendered":"Vir\u0161utin\u0117 kampin\u0117 virtuv\u0117s spintel\u0117 2D Sorento G60N2 Puccini"},"content":{"rendered":"<p>\u201ePuccini Sorento G60N2 2-D\u201c kampin\u0117 vir\u0161utin\u0117 virtuv\u0117s spintel\u0117 \u2013 puikus sprendimas visiems, norintiems viename balde suderinti elegancij\u0105 ir funkcionalum\u0105. Stilinga \u201ePuccini\u201c spalva puikiai dera su moderniu interjero dizainu, suteikdama bet kuriai virtuvei \u0161ilumos ir jaukumo. Pagaminta i\u0161 auk\u0161\u010diausios kokyb\u0117s laminuotos plok\u0161t\u0117s, ji ne tik d\u017eiugina ak\u012f, bet ir garantuoja patvarum\u0105 bei atsparum\u0105 kasdieniam naudojimui. Gerai apgalvotas \u0161ios spintel\u0117s dizainas u\u017etikrina i\u0161skirtin\u012f naudojimo komfort\u0105. Erdv\u0117 suplanuota taip, kad b\u016bt\u0173 maksimaliai padidinta daikt\u0173 saugojimo vieta. Jos d\u0117ka visi reikalingi virtuv\u0117s reikmenys visada bus po ranka, tvarkingai sud\u0117ti ir lengvai pasiekiami. Nuo \u0161iol maisto ruo\u0161imas taps malonumu, kai visk\u0105, ko reikia, visada tur\u0117site po ranka. \u201eSorento G60N2 2-D\u201c kampin\u0119 spintel\u0119 daro unikalia ne tik i\u0161vaizda ir funkcionalumas. U\u017esegami vyriai su \u0161velnaus u\u017edarymo mechanizmu garantuoja komfort\u0105 kasdien naudojant, pa\u0161alindami triuk\u0161m\u0105 ir varg\u0105 atidarant duris. Dabar virtuv\u0117 bus ramyb\u0117s ir harmonijos vieta, kur visi nereikalingi garsai bus suma\u017einti iki minimumo.<\/p>","protected":false},"excerpt":{"rendered":"<p>Plotis (cm): 60<br \/>\n\u016agis (cm): 100<br \/>\nGylis (cm): 60<\/p>","protected":false},"featured_media":157096,"comment_status":"open","ping_status":"open","template":"","meta":[],"product_brand":[],"product_cat":[9436,4106],"product_tag":[],"class_list":{"0":"post-157095","1":"product","2":"type-product","3":"status-publish","4":"has-post-thumbnail","6":"product_cat-kitchen-system-sorento","7":"product_cat-gala-meble","9":"first","10":"instock","11":"purchasable","12":"product-type-simple"},"_links":{"self":[{"href":"https:\/\/baldumarket.lt\/lt\/wp-json\/wp\/v2\/product\/157095","targetHints":{"allow":["GET"]}}],"collection":[{"href":"https:\/\/baldumarket.lt\/lt\/wp-json\/wp\/v2\/product"}],"about":[{"href":"https:\/\/baldumarket.lt\/lt\/wp-json\/wp\/v2\/types\/product"}],"replies":[{"embeddable":true,"href":"https:\/\/baldumarket.lt\/lt\/wp-json\/wp\/v2\/comments?post=157095"}],"wp:featuredmedia":[{"embeddable":true,"href":"https:\/\/baldumarket.lt\/lt\/wp-json\/wp\/v2\/media\/157096"}],"wp:attachment":[{"href":"https:\/\/baldumarket.lt\/lt\/wp-json\/wp\/v2\/media?parent=157095"}],"wp:term":[{"taxonomy":"product_brand","embeddable":true,"href":"https:\/\/baldumarket.lt\/lt\/wp-json\/wp\/v2\/product_brand?post=157095"},{"taxonomy":"product_cat","embeddable":true,"href":"https:\/\/baldumarket.lt\/lt\/wp-json\/wp\/v2\/product_cat?post=157095"},{"taxonomy":"product_tag","embeddable":true,"href":"https:\/\/baldumarket.lt\/lt\/wp-json\/wp\/v2\/product_tag?post=157095"}],"curies":[{"name":"wp","href":"https:\/\/api.w.org\/{rel}","templated":true}]}}