{"id":157087,"date":"2025-12-18T23:18:38","date_gmt":"2025-12-18T20:18:38","guid":{"rendered":"https:\/\/baldumarket.lt\/product\/szafka-kuchenna-gorna-narozna-otwarta-g25pz-sycylia-orzech\/"},"modified":"2026-02-08T12:29:28","modified_gmt":"2026-02-08T09:29:28","slug":"szafka-kuchenna-gorna-narozna-otwarta-g25pz-sycylia-orzech","status":"publish","type":"product","link":"https:\/\/baldumarket.lt\/lt\/product\/szafka-kuchenna-gorna-narozna-otwarta-g25pz-sycylia-orzech\/","title":{"rendered":"Vir\u0161utin\u0117 kampin\u0117 atvira virtuv\u0117s spintel\u0117 G25PZ Sicilijos rie\u0161utmed\u017eio"},"content":{"rendered":"<p>Norite sukurti savit\u0105 virtuv\u0119, kuri patraukt\u0173 d\u0117mes\u012f i\u0161 pirmo \u017evilgsnio? Atvira vir\u0161utin\u0117 kampin\u0117 virtuv\u0117s spintel\u0117 G25PZ Milano rie\u0161uto spalvos \u2013 puikus pasirinkimas tiems, kurie vertina elegancij\u0105 ir funkcionalum\u0105. Unikalus dizainas puikiai dera prie modernaus interjero, suteikdamas \u0161ilumos ir jaukumo.<\/p>\n<p>\u0160i spintel\u0117 sujungia estetik\u0105 ir prakti\u0161kum\u0105. D\u0117l atviro dizaino galite pademonstruoti gra\u017eiausius virtuv\u0117s elementus ir kartu lengvai pasiekti da\u017enai naudojamus daiktus. Nesvarbu, ar norite pademonstruoti eleganti\u0161kus puodelius, ar prakti\u0161kus indus, \u0161is baldas sukurs tvarking\u0105 ir rafinuot\u0105 aplink\u0105.<\/p>\n<p>Spintel\u0117 pagaminta i\u0161 patvarios laminuotos plok\u0161t\u0117s, u\u017etikrinan\u010dios jos ilgaam\u017ei\u0161kum\u0105 ir atsparum\u0105 kasdieniam naudojimui. Milano rie\u0161uto spalva \u2013 tai pasirinkimas tiems, kurie vertina nat\u016bralius atspalvius, derinan\u010dius modernum\u0105 su klasikiniu stiliumi. \u0160is tonas dera su daugeliu kit\u0173 spalv\u0173, suteikdamas begales dizaino galimybi\u0173 susikurti svajoni\u0173 virtuv\u0119.<\/p>\n<p>Spintel\u0119 galite surinkti patys, taip visi\u0161kai kontroliuodami jos i\u0161d\u0117stym\u0105 virtuv\u0117je. Tai ne tik taupo pinigus, bet ir suteikia rank\u0173 darbo dizaino pasitenkinim\u0105. \u0160i virtuv\u0117s spintel\u0117 pagerins j\u016bs\u0173 virtuv\u0117s funkcionalum\u0105, tuo pa\u010diu i\u0161likdama stilinga ir eleganti\u0161ka.<\/p>","protected":false},"excerpt":{"rendered":"<p>Plotis (cm): 25<br \/>\n\u016agis (cm): 72<br \/>\nGylis (cm): 30<\/p>","protected":false},"featured_media":157088,"comment_status":"open","ping_status":"open","template":"","meta":[],"product_brand":[],"product_cat":[9450,1043,4106],"product_tag":[],"class_list":{"0":"post-157087","1":"product","2":"type-product","3":"status-publish","4":"has-post-thumbnail","6":"product_cat-kitchen-system-sycylia-orzech-milano","7":"product_cat-extras","8":"product_cat-gala-meble","10":"first","11":"instock","12":"purchasable","13":"product-type-simple"},"_links":{"self":[{"href":"https:\/\/baldumarket.lt\/lt\/wp-json\/wp\/v2\/product\/157087","targetHints":{"allow":["GET"]}}],"collection":[{"href":"https:\/\/baldumarket.lt\/lt\/wp-json\/wp\/v2\/product"}],"about":[{"href":"https:\/\/baldumarket.lt\/lt\/wp-json\/wp\/v2\/types\/product"}],"replies":[{"embeddable":true,"href":"https:\/\/baldumarket.lt\/lt\/wp-json\/wp\/v2\/comments?post=157087"}],"wp:featuredmedia":[{"embeddable":true,"href":"https:\/\/baldumarket.lt\/lt\/wp-json\/wp\/v2\/media\/157088"}],"wp:attachment":[{"href":"https:\/\/baldumarket.lt\/lt\/wp-json\/wp\/v2\/media?parent=157087"}],"wp:term":[{"taxonomy":"product_brand","embeddable":true,"href":"https:\/\/baldumarket.lt\/lt\/wp-json\/wp\/v2\/product_brand?post=157087"},{"taxonomy":"product_cat","embeddable":true,"href":"https:\/\/baldumarket.lt\/lt\/wp-json\/wp\/v2\/product_cat?post=157087"},{"taxonomy":"product_tag","embeddable":true,"href":"https:\/\/baldumarket.lt\/lt\/wp-json\/wp\/v2\/product_tag?post=157087"}],"curies":[{"name":"wp","href":"https:\/\/api.w.org\/{rel}","templated":true}]}}