{"id":157083,"date":"2025-12-18T23:18:30","date_gmt":"2025-12-18T20:18:30","guid":{"rendered":"https:\/\/baldumarket.lt\/product\/szafka-kuchenna-gorna-otwarta-g25pz-aspen-grey-szary-polysk\/"},"modified":"2026-02-18T11:30:34","modified_gmt":"2026-02-18T08:30:34","slug":"szafka-kuchenna-gorna-otwarta-g25pz-aspen-grey-szary-polysk","status":"publish","type":"product","link":"https:\/\/baldumarket.lt\/lt\/product\/szafka-kuchenna-gorna-otwarta-g25pz-aspen-grey-szary-polysk\/","title":{"rendered":"G25PZ Aspen Grey blizgi vir\u0161utin\u0117 atvira virtuv\u0117s spintel\u0117"},"content":{"rendered":"<p>Sukurkite savo svajoni\u0173 virtuv\u0119 su \u201eAspen Grey\u201c atviro plano vir\u0161utine spintele. \u0160is unikalus baldas \u017eavi eleganti\u0161ku, moderniu dizainu, kuris puikiai papildys bet kok\u012f virtuv\u0117s stili\u0173. Blizg\u016bs pilki fasadai suteikia klas\u0117s ir rafinuotumo, tod\u0117l erdv\u0117 yra ne tik funkcionali, bet ir esteti\u0161kai patraukli.<\/p>\n<p>D\u0117l universalios spalv\u0173 gamos vir\u0161utin\u0117 spintel\u0117 \u201eAspen Grey\u201c puikiai dera prie modernaus interjero. Matinis baltas korpusas gra\u017eiai kontrastuoja su blizgiais pilkais fasadais, pabr\u0117\u017edamas minimalistin\u012f ir modern\u0173 spintel\u0117s charakter\u012f. Tai puikus pasirinkimas tiems, kurie vertina elegancij\u0105 ir funkcionalum\u0105.<\/p>\n<p>Atviras spintel\u0117s dizainas leid\u017eia demonstruoti m\u0117gstamus patiekalus, dekoracijas ar kulinarijos knygas, tod\u0117l virtuv\u0117 tampa dar jaukesn\u0117 ir asmeni\u0161kesn\u0117. Nepaisant lengvumo, spintel\u0117 si\u016blo daug vietos daiktams susid\u0117ti, tod\u0117l ji yra prakti\u0161kas bet kokio virtuv\u0117s dizaino papildymas.<\/p>\n<p>\u201eGa\u0142a Meble\u201c si\u016blo ne tik estetik\u0105, bet ir kokybi\u0161k\u0105 meistri\u0161kum\u0105. Pagaminta i\u0161 laminuotos plok\u0161t\u0117s, pilkos spalvos \u201eAspen Grey\u201c vir\u0161utin\u0117 spintel\u0117 yra patvari ir lengvai surenkama, tod\u0117l gal\u0117site greitai ir lengvai sutvarkyti savo virtuv\u0117s erdv\u0119. Tai puikus pasirinkimas visiems, norintiems suteikti savo interjerui modernumo, i\u0161laikant visi\u0161k\u0105 funkcionalum\u0105.<\/p>","protected":false},"excerpt":{"rendered":"<p>Plotis (cm): 25<br \/>\n\u016agis (cm): 72<br \/>\nGylis (cm): 30<\/p>","protected":false},"featured_media":157084,"comment_status":"open","ping_status":"open","template":"","meta":[],"product_brand":[],"product_cat":[9445,4106],"product_tag":[],"class_list":{"0":"post-157083","1":"product","2":"type-product","3":"status-publish","4":"has-post-thumbnail","6":"product_cat-kitchen-system-aspen-white","7":"product_cat-gala-meble","9":"first","10":"instock","11":"purchasable","12":"product-type-simple"},"_links":{"self":[{"href":"https:\/\/baldumarket.lt\/lt\/wp-json\/wp\/v2\/product\/157083","targetHints":{"allow":["GET"]}}],"collection":[{"href":"https:\/\/baldumarket.lt\/lt\/wp-json\/wp\/v2\/product"}],"about":[{"href":"https:\/\/baldumarket.lt\/lt\/wp-json\/wp\/v2\/types\/product"}],"replies":[{"embeddable":true,"href":"https:\/\/baldumarket.lt\/lt\/wp-json\/wp\/v2\/comments?post=157083"}],"wp:featuredmedia":[{"embeddable":true,"href":"https:\/\/baldumarket.lt\/lt\/wp-json\/wp\/v2\/media\/157084"}],"wp:attachment":[{"href":"https:\/\/baldumarket.lt\/lt\/wp-json\/wp\/v2\/media?parent=157083"}],"wp:term":[{"taxonomy":"product_brand","embeddable":true,"href":"https:\/\/baldumarket.lt\/lt\/wp-json\/wp\/v2\/product_brand?post=157083"},{"taxonomy":"product_cat","embeddable":true,"href":"https:\/\/baldumarket.lt\/lt\/wp-json\/wp\/v2\/product_cat?post=157083"},{"taxonomy":"product_tag","embeddable":true,"href":"https:\/\/baldumarket.lt\/lt\/wp-json\/wp\/v2\/product_tag?post=157083"}],"curies":[{"name":"wp","href":"https:\/\/api.w.org\/{rel}","templated":true}]}}