{"id":157080,"date":"2025-12-18T23:18:24","date_gmt":"2025-12-18T20:18:24","guid":{"rendered":"https:\/\/baldumarket.lt\/product\/szafka-kuchenna-gorna-otwarta-g25pz-aspen-white-bialy-polysk\/"},"modified":"2026-02-18T11:30:34","modified_gmt":"2026-02-18T08:30:34","slug":"szafka-kuchenna-gorna-otwarta-g25pz-aspen-white-bialy-polysk","status":"publish","type":"product","link":"https:\/\/baldumarket.lt\/lt\/product\/szafka-kuchenna-gorna-otwarta-g25pz-aspen-white-bialy-polysk\/","title":{"rendered":"G25PZ Aspen White blizgios vir\u0161utin\u0117s atviros virtuv\u0117s spintel\u0117s"},"content":{"rendered":"<p>Atraskite G25PZ Aspen White atviros virtuv\u0117s spintel\u0117s potencial\u0105. Minimalistin\u0117 ir moderni i\u0161vaizda puikiai dera prie bet kokio interjero. Blizgi balta spalva pagyvins j\u016bs\u0173 virtuv\u0119, suteikdama elegancijos ir subtilaus gaivumo, kuris su\u017eav\u0117s kiekvien\u0105 sve\u010di\u0105.<\/p>\n<p>Estetinis tobulumas kartu su funkcionalumu paver\u010dia G25PZ spintel\u0119 nepakei\u010diamu bet kurios gerai organizuotos virtuv\u0117s elementu. Atviros lentynos leid\u017eia greitai pasiekti da\u017enai naudojamus indus ir priedus, tod\u0117l kasdienis maisto gaminimas ir valymas tampa lengvesni. Jose taip pat galite eksponuoti m\u0117gstamus stalo \u012frankius ar dekoracijas, o tai neabejotinai suteiks interjerui asmeni\u0161kumo.<\/p>\n<p>G25PZ pagaminta i\u0161 auk\u0161tos kokyb\u0117s laminuotos plok\u0161t\u0117s, u\u017etikrinan\u010dios ilgalaik\u012f patvarum\u0105 ir atsparum\u0105 kasdieniam naudojimui. Tai rei\u0161kia, kad galite b\u016bti tikri, jog j\u016bs\u0173 pirkinys tarnaus ilgus metus, nepriklausomai nuo to, kaip intensyviai naudojate virtuv\u0119. Paprastas, bet tvirtas surinkimas, kur\u012f galite atlikti patys, leid\u017eia greitai ir be vargo sumontuoti.<\/p>\n<p>Puikiai tinkanti modernioms erdv\u0117ms, \u0161i matin\u0117s baltos spalvos spintel\u0117 sukuria harmoning\u0105 kompozicij\u0105, kuri papildo \u012fvairius interjero stilius. Kompakti\u0161ki matmenys puikiai tinka ma\u017eesn\u0117ms erdv\u0117ms ir tuo pa\u010diu u\u017etikrina maksimali\u0105 saugojimo viet\u0105. Pasirinkdami \u0161i\u0105 spintel\u0119, j\u016bs renkat\u0117s stiliaus ir funkcionalumo derin\u012f, kuris pakeis j\u016bs\u0173 virtuv\u0119.<\/p>\n<p>Tegul G25PZ Aspen White spintel\u0117 tampa j\u016bs\u0173 kasdienyb\u0117s dalimi, suteikdama j\u016bs\u0173 svajoni\u0173 virtuvei naujos kokyb\u0117s ir gaivumo. Tai pasirinkimas, kuris d\u017eiugina kiekvien\u0105, net ir pa\u010di\u0105 ma\u017eiausi\u0105, detal\u0119.<\/p>","protected":false},"excerpt":{"rendered":"<p>Plotis (cm): 25<br \/>\n\u016agis (cm): 72<br \/>\nGylis (cm): 30<\/p>","protected":false},"featured_media":157081,"comment_status":"open","ping_status":"open","template":"","meta":[],"product_brand":[],"product_cat":[9445,4106],"product_tag":[],"class_list":{"0":"post-157080","1":"product","2":"type-product","3":"status-publish","4":"has-post-thumbnail","6":"product_cat-kitchen-system-aspen-white","7":"product_cat-gala-meble","9":"first","10":"instock","11":"purchasable","12":"product-type-simple"},"_links":{"self":[{"href":"https:\/\/baldumarket.lt\/lt\/wp-json\/wp\/v2\/product\/157080","targetHints":{"allow":["GET"]}}],"collection":[{"href":"https:\/\/baldumarket.lt\/lt\/wp-json\/wp\/v2\/product"}],"about":[{"href":"https:\/\/baldumarket.lt\/lt\/wp-json\/wp\/v2\/types\/product"}],"replies":[{"embeddable":true,"href":"https:\/\/baldumarket.lt\/lt\/wp-json\/wp\/v2\/comments?post=157080"}],"wp:featuredmedia":[{"embeddable":true,"href":"https:\/\/baldumarket.lt\/lt\/wp-json\/wp\/v2\/media\/157081"}],"wp:attachment":[{"href":"https:\/\/baldumarket.lt\/lt\/wp-json\/wp\/v2\/media?parent=157080"}],"wp:term":[{"taxonomy":"product_brand","embeddable":true,"href":"https:\/\/baldumarket.lt\/lt\/wp-json\/wp\/v2\/product_brand?post=157080"},{"taxonomy":"product_cat","embeddable":true,"href":"https:\/\/baldumarket.lt\/lt\/wp-json\/wp\/v2\/product_cat?post=157080"},{"taxonomy":"product_tag","embeddable":true,"href":"https:\/\/baldumarket.lt\/lt\/wp-json\/wp\/v2\/product_tag?post=157080"}],"curies":[{"name":"wp","href":"https:\/\/api.w.org\/{rel}","templated":true}]}}