{"id":157077,"date":"2025-12-18T23:18:19","date_gmt":"2025-12-18T20:18:19","guid":{"rendered":"https:\/\/baldumarket.lt\/product\/szafka-kuchenna-gorna-otwarta-g25pz-linea-grey-szary-mat\/"},"modified":"2026-02-18T11:33:15","modified_gmt":"2026-02-18T08:33:15","slug":"szafka-kuchenna-gorna-otwarta-g25pz-linea-grey-szary-mat","status":"publish","type":"product","link":"https:\/\/baldumarket.lt\/lt\/product\/szafka-kuchenna-gorna-otwarta-g25pz-linea-grey-szary-mat\/","title":{"rendered":"G25PZ Linea pilka virtuv\u0117s spintel\u0117 su atviru vir\u0161umi"},"content":{"rendered":"<p>Atraskite modernios virtuv\u0117s elegancij\u0105 su m\u016bs\u0173 G25PZ Linea Grey atviru virtuv\u0117s spinteliu. \u0160i unikali matin\u0117s pilkos spalvos spintel\u0117 yra ne tik prakti\u0161kas sprendimas, bet ir stilingas akcentas, puikiai atitinkantis dabartines interjero dizaino tendencijas. Subtilus pilkas blizgus fasadas puikiai kontrastuoja su matiniu pavir\u0161iumi, sukurdamas harmoning\u0105 visum\u0105.<\/p>\n<p>\u0160ios spintel\u0117s estetinis patrauklumas pranoksta pirm\u0105j\u012f \u012fsp\u016bd\u012f. Minimalistinis dizainas ir funkcionali konstrukcija paver\u010dia j\u0105 puikiu bet kurios modernios virtuv\u0117s papildymu. Atvira erdv\u0117 leid\u017eia eksponuoti m\u0117gstamus patiekalus ar dekoracijas, suteikiant interjerui unikalumo. D\u0117l kompakti\u0161k\u0173 matmen\u0173 spintel\u0117 puikiai tinka net ir ma\u017eesn\u0117se patalpose, u\u017etikrindama esteti\u0161k\u0105 daikt\u0173 laikym\u0105 neu\u017egriozdindama erdv\u0117s.<\/p>\n<p>Laminuota plok\u0161t\u0117, i\u0161 kurios pagaminta spintel\u0117, garantuoja ilgaam\u017ei\u0161kum\u0105 ir atsparum\u0105 kasdieniam naudojimui. \u0160i med\u017eiaga ne tik atrodo gra\u017eiai, bet ir susidoroja su modernios virtuv\u0117s i\u0161\u0161\u016bkiais. Savaranki\u0161kas surinkimas leid\u017eia pritaikyti spintel\u0119 pagal individualius poreikius, tod\u0117l tai dar prakti\u0161kesnis pasirinkimas tiems, kurie vertina lankstum\u0105 ir suasmeninim\u0105.<\/p>\n<p>I\u0161 naujo apibr\u0117\u017ekite savo virtuv\u0119, suteikdami jai modernaus elegancijos prisilietim\u0105 su \u201eLinea Grey\u201c virtuv\u0117s spintele. Palepinkite save nepriekai\u0161tinga tvarka ir stiliumi, kurie supaprastins kasdienius virtuv\u0117s darbus ir pavers kiekvien\u0105 joje praleist\u0105 akimirk\u0105 tikru malonumu. Suteikite savo interjerui asmeni\u0161kumo ir m\u0117gaukit\u0117s \u0161io unikalaus baldo sukurta harmonija.<\/p>","protected":false},"excerpt":{"rendered":"<p>Plotis (cm): 25<br \/>\n\u016agis (cm): 72<br \/>\nGylis (cm): 30<\/p>","protected":false},"featured_media":157078,"comment_status":"open","ping_status":"open","template":"","meta":[],"product_brand":[],"product_cat":[9446,4106],"product_tag":[],"class_list":{"0":"post-157077","1":"product","2":"type-product","3":"status-publish","4":"has-post-thumbnail","6":"product_cat-kitchen-system-linea-white","7":"product_cat-gala-meble","9":"first","10":"instock","11":"purchasable","12":"product-type-simple"},"_links":{"self":[{"href":"https:\/\/baldumarket.lt\/lt\/wp-json\/wp\/v2\/product\/157077","targetHints":{"allow":["GET"]}}],"collection":[{"href":"https:\/\/baldumarket.lt\/lt\/wp-json\/wp\/v2\/product"}],"about":[{"href":"https:\/\/baldumarket.lt\/lt\/wp-json\/wp\/v2\/types\/product"}],"replies":[{"embeddable":true,"href":"https:\/\/baldumarket.lt\/lt\/wp-json\/wp\/v2\/comments?post=157077"}],"wp:featuredmedia":[{"embeddable":true,"href":"https:\/\/baldumarket.lt\/lt\/wp-json\/wp\/v2\/media\/157078"}],"wp:attachment":[{"href":"https:\/\/baldumarket.lt\/lt\/wp-json\/wp\/v2\/media?parent=157077"}],"wp:term":[{"taxonomy":"product_brand","embeddable":true,"href":"https:\/\/baldumarket.lt\/lt\/wp-json\/wp\/v2\/product_brand?post=157077"},{"taxonomy":"product_cat","embeddable":true,"href":"https:\/\/baldumarket.lt\/lt\/wp-json\/wp\/v2\/product_cat?post=157077"},{"taxonomy":"product_tag","embeddable":true,"href":"https:\/\/baldumarket.lt\/lt\/wp-json\/wp\/v2\/product_tag?post=157077"}],"curies":[{"name":"wp","href":"https:\/\/api.w.org\/{rel}","templated":true}]}}