{"id":157074,"date":"2025-12-18T23:18:13","date_gmt":"2025-12-18T20:18:13","guid":{"rendered":"https:\/\/baldumarket.lt\/product\/szafka-kuchenna-gorna-otwarta-g25pz-linea-white-bialy-mat\/"},"modified":"2026-02-18T11:33:15","modified_gmt":"2026-02-18T08:33:15","slug":"szafka-kuchenna-gorna-otwarta-g25pz-linea-white-bialy-mat","status":"publish","type":"product","link":"https:\/\/baldumarket.lt\/lt\/product\/szafka-kuchenna-gorna-otwarta-g25pz-linea-white-bialy-mat\/","title":{"rendered":"G25PZ Linea balta virtuv\u0117s spintel\u0117 su atviru vir\u0161umi, matin\u0117s baltos spalvos"},"content":{"rendered":"<p>Atraskite minimalizmo elegancij\u0105 su \u201eLinea White Open Top\u201c virtuv\u0117s spintele su matin\u0117s baltos spalvos apdaila. \u0160i stilinga, moderni spintel\u0117 puikiai atspindi dabartines tendencijas, o jos \u0161varaus dizaino ne\u012fmanoma nepasteb\u0117ti. Ji puikiai dera su bet kokia virtuv\u0117s erdve, suteikdama lengvumo ir gaivos poj\u016bt\u012f.<\/p>\n<p>\u201eLinea White\u201c spintel\u0117 sukurta derinant estetik\u0105 su funkcionalumu. Atviras dizainas leid\u017eia patogiai laikyti ir lengvai pasiekti da\u017enai naudojamus virtuv\u0117s reikmenis. Tai prakti\u0161kas sprendimas, kuris ne tik puikiai atrodo, bet ir yra naudingas kasdieniam naudojimui.<\/p>\n<p>Matin\u0117s baltos spalvos MDF priekis suteikia \u0161iai spintelei modernumo ir patvarumo. Balta spalva suteikia interjerui elegancijos, o matin\u0117 apdaila \u2013 subtilaus rafinuotumo. D\u0117l to spintel\u0117 yra ne tik daikt\u0173 laikymo sprendimas, bet ir dekoratyvinis elementas j\u016bs\u0173 virtuv\u0117je.<\/p>\n<p>Pagaminta i\u0161 auk\u0161tos kokyb\u0117s laminuotos plok\u0161t\u0117s, \u201eLinea White\u201c spintel\u0117 yra ne tik gra\u017ei, bet ir patvari. Surinkimas yra paprastas ir intuityvus, tod\u0117l j\u0105 lengva \u012frengti bet kurioje pasirinktoje vietoje. Tai puikus sprendimas tiems, kurie vertina ir funkcionalum\u0105, ir modern\u0173, minimalistin\u012f dizain\u0105.<\/p>\n<p>Papuo\u0161kite savo virtuv\u0119 elegancija ir prakti\u0161kumu su balta atvira \u201eLinea\u201c virtuv\u0117s spintele. D\u0117l nesenstan\u010dio stiliaus ji puikiai papildys bet kuri\u0105 moderni\u0105 virtuv\u0117s erdv\u0119, suteikdama jai unikalaus charakterio ir \u017eavesio.<\/p>","protected":false},"excerpt":{"rendered":"<p>Plotis (cm): 25<br \/>\n\u016agis (cm): 72<br \/>\nGylis (cm): 45<\/p>","protected":false},"featured_media":157075,"comment_status":"open","ping_status":"open","template":"","meta":[],"product_brand":[],"product_cat":[9446,4106],"product_tag":[],"class_list":{"0":"post-157074","1":"product","2":"type-product","3":"status-publish","4":"has-post-thumbnail","6":"product_cat-kitchen-system-linea-white","7":"product_cat-gala-meble","9":"first","10":"instock","11":"purchasable","12":"product-type-simple"},"_links":{"self":[{"href":"https:\/\/baldumarket.lt\/lt\/wp-json\/wp\/v2\/product\/157074","targetHints":{"allow":["GET"]}}],"collection":[{"href":"https:\/\/baldumarket.lt\/lt\/wp-json\/wp\/v2\/product"}],"about":[{"href":"https:\/\/baldumarket.lt\/lt\/wp-json\/wp\/v2\/types\/product"}],"replies":[{"embeddable":true,"href":"https:\/\/baldumarket.lt\/lt\/wp-json\/wp\/v2\/comments?post=157074"}],"wp:featuredmedia":[{"embeddable":true,"href":"https:\/\/baldumarket.lt\/lt\/wp-json\/wp\/v2\/media\/157075"}],"wp:attachment":[{"href":"https:\/\/baldumarket.lt\/lt\/wp-json\/wp\/v2\/media?parent=157074"}],"wp:term":[{"taxonomy":"product_brand","embeddable":true,"href":"https:\/\/baldumarket.lt\/lt\/wp-json\/wp\/v2\/product_brand?post=157074"},{"taxonomy":"product_cat","embeddable":true,"href":"https:\/\/baldumarket.lt\/lt\/wp-json\/wp\/v2\/product_cat?post=157074"},{"taxonomy":"product_tag","embeddable":true,"href":"https:\/\/baldumarket.lt\/lt\/wp-json\/wp\/v2\/product_tag?post=157074"}],"curies":[{"name":"wp","href":"https:\/\/api.w.org\/{rel}","templated":true}]}}