{"id":157070,"date":"2025-12-18T23:18:05","date_gmt":"2025-12-18T20:18:05","guid":{"rendered":"https:\/\/baldumarket.lt\/product\/szafka-kuchenna-gorna-otwarta-lewa-g25pz-l-prowansja-bialy-mat\/"},"modified":"2026-02-08T10:06:28","modified_gmt":"2026-02-08T07:06:28","slug":"szafka-kuchenna-gorna-otwarta-lewa-g25pz-l-prowansja-bialy-mat","status":"publish","type":"product","link":"https:\/\/baldumarket.lt\/lt\/product\/szafka-kuchenna-gorna-otwarta-lewa-g25pz-l-prowansja-bialy-mat\/","title":{"rendered":"Vir\u0161utin\u0117 atvira virtuv\u0117s spintel\u0117 kair\u0117 G25PZ-L Provanso balta matin\u0117"},"content":{"rendered":"<p>Atraskite Provanso elegancijos \u017eaves\u012f su matin\u0117s baltos spalvos \u201eProwansja\u201c virtuv\u0117s vir\u0161utine spintele i\u0161 garsaus \u201eGa\u0142a Meble\u201c prek\u0117s \u017eenklo. \u0160is subtilus interjero dizaino elementas suteiks j\u016bs\u0173 virtuvei subtilaus \u017eavesio ir gaivumo, b\u016bdingo vaizdingiems Piet\u0173 Pranc\u016bzijos kampeliams. Minimalistinis dizainas dera su moderniomis tendencijomis, si\u016blydamas gro\u017e\u012f ir efektyvum\u0105 viename.<\/p>\n<p>\u0160i kair\u0117s pus\u0117s atvira spintel\u0117, kurios plotis yra 25 cm, o auk\u0161tis \u2013 72 cm, puikiai tinka ma\u017eoms virtuv\u0117ms, kuriose svarbus kiekvienas erdv\u0117s centimetras. Nepaisant kompakti\u0161ko dyd\u017eio, 30 cm gylio spintel\u0117 suteikia daug vietos j\u016bs\u0173 m\u0117gstamiausiems dekoratyviniams daiktams, indams ir prieskoniams, kurie visada tur\u0117t\u0173 b\u016bti po ranka. Klasikin\u0117, paprasta i\u0161vaizda leid\u017eia jai nat\u016braliai der\u0117ti prie \u012fvairi\u0173 interjero stili\u0173 \u2013 nuo kaimi\u0161ko iki modernaus.<\/p>\n<p>Pagaminta i\u0161 patvaraus laminato, \u0161i virtuv\u0117s spintel\u0117 yra ne tik esteti\u0161kai patraukli, bet ir funkcionali. Matin\u0117s baltos spalvos korpusas dera su \u012fvairiomis spalv\u0173 gamomis ir sukuria puik\u0173 fon\u0105 kitiems dekoratyviniams elementams. \u0160is baldas leid\u017eia sukurti begales galimybi\u0173 subtiliems virtuv\u0117s erdv\u0117s poky\u010diams, tod\u0117l ji tampa ir funkcionali, ir gra\u017ei.<\/p>\n<p>Dar vienas \u0161io gaminio privalumas \u2013 paprastas surinkimas. D\u0117l savaranki\u0161ko surinkimo galimyb\u0117s \u0161i spintel\u0117 idealiai tinka tiems, kurie vertina savo nuo\u017ei\u016bra kuriam\u0105 interjero dizain\u0105. Tai taip pat suteikia pasitenkinim\u0105 savadarbiu projektu ir galimyb\u0119 j\u012f pritaikyti individualiems poreikiams bei esamam virtuv\u0117s dekorui.<\/p>\n<p>Su \u0161ia \u201eGa\u0142a Meble\u201c virtuv\u0117s spintele \u201eProwansja\u201c kiekviena diena virtuv\u0117je taps patogesn\u0117 ir stilingesn\u0117. \u0160is baldas ne tik atliks savo praktin\u0119 paskirt\u012f, bet ir taps tikra j\u016bs\u0173 nam\u0173 puo\u0161mena.<\/p>","protected":false},"excerpt":{"rendered":"<p>Plotis (cm): 25<br \/>\n\u016agis (cm): 72<br \/>\nGylis (cm): 30<\/p>","protected":false},"featured_media":157071,"comment_status":"open","ping_status":"open","template":"","meta":[],"product_brand":[],"product_cat":[9444,4106,9118],"product_tag":[],"class_list":{"0":"post-157070","1":"product","2":"type-product","3":"status-publish","4":"has-post-thumbnail","6":"product_cat-kitchen-system-prowansja-sosna-andersen","7":"product_cat-gala-meble","8":"product_cat-kitchen-cabinets","10":"first","11":"instock","12":"purchasable","13":"product-type-simple"},"_links":{"self":[{"href":"https:\/\/baldumarket.lt\/lt\/wp-json\/wp\/v2\/product\/157070","targetHints":{"allow":["GET"]}}],"collection":[{"href":"https:\/\/baldumarket.lt\/lt\/wp-json\/wp\/v2\/product"}],"about":[{"href":"https:\/\/baldumarket.lt\/lt\/wp-json\/wp\/v2\/types\/product"}],"replies":[{"embeddable":true,"href":"https:\/\/baldumarket.lt\/lt\/wp-json\/wp\/v2\/comments?post=157070"}],"wp:featuredmedia":[{"embeddable":true,"href":"https:\/\/baldumarket.lt\/lt\/wp-json\/wp\/v2\/media\/157071"}],"wp:attachment":[{"href":"https:\/\/baldumarket.lt\/lt\/wp-json\/wp\/v2\/media?parent=157070"}],"wp:term":[{"taxonomy":"product_brand","embeddable":true,"href":"https:\/\/baldumarket.lt\/lt\/wp-json\/wp\/v2\/product_brand?post=157070"},{"taxonomy":"product_cat","embeddable":true,"href":"https:\/\/baldumarket.lt\/lt\/wp-json\/wp\/v2\/product_cat?post=157070"},{"taxonomy":"product_tag","embeddable":true,"href":"https:\/\/baldumarket.lt\/lt\/wp-json\/wp\/v2\/product_tag?post=157070"}],"curies":[{"name":"wp","href":"https:\/\/api.w.org\/{rel}","templated":true}]}}