{"id":157067,"date":"2025-12-18T23:17:59","date_gmt":"2025-12-18T20:17:59","guid":{"rendered":"https:\/\/baldumarket.lt\/product\/szafka-kuchenna-gorna-otwarta-narozna-g25pz-sycylia-andersen\/"},"modified":"2026-02-06T12:47:12","modified_gmt":"2026-02-06T09:47:12","slug":"szafka-kuchenna-gorna-otwarta-narozna-g25pz-sycylia-andersen","status":"publish","type":"product","link":"https:\/\/baldumarket.lt\/lt\/product\/szafka-kuchenna-gorna-otwarta-narozna-g25pz-sycylia-andersen\/","title":{"rendered":"Vir\u0161utin\u0117 atvira kampin\u0117 virtuv\u0117s spintel\u0117 G25PZ Sicily Andersen"},"content":{"rendered":"<p>Atraskite garsaus \u201eGa\u0142a Meble\u201c prek\u0117s \u017eenklo \u201eAndersen G25PZ Sycylia\u201c atviro kampo virtuv\u0117s spintel\u0117s elegancij\u0105 ir funkcionalum\u0105. Matin\u0117 balta apdaila suteikia j\u016bs\u0173 virtuvei modern\u0173 ir nesenstant\u012f stili\u0173, puikiai papildydama tiek klasikin\u012f, tiek modern\u0173 interjero dizain\u0105. Tai puikus sprendimas tiems, kurie vertina minimalistin\u012f dizain\u0105, pabr\u0117\u017eiant\u012f kambario lengvum\u0105 ir erdvum\u0105.<\/p>\n<p>Sukurta galvojant apie kasdien\u012f naudojim\u0105, \u0161i kampin\u0117 spintel\u0117 u\u017etikrina optimal\u0173 virtuv\u0117s erdv\u0117s i\u0161naudojim\u0105. Atviras dizainas leid\u017eia lengvai pasiekti laikomus daiktus, tod\u0117l idealiai tinka eleganti\u0161kiems stalo \u012frankiams, prieskoniams ar dekoratyviniams virtuv\u0117s aksesuarams eksponuoti. Tai puikus pasirinkimas tiems, kurie nori suasmeninti savo virtuv\u0119, suteikdami jai unikal\u0173 charakter\u012f.<\/p>\n<p>Patvarus laminuotas korpusas u\u017etikrina ilgaam\u017ei\u0161kum\u0105 ir atsparum\u0105 kasdieniam naudojimui, derindamas prakti\u0161kum\u0105 ir estetik\u0105. Lengvas, 25 cm plo\u010dio ir 72 cm auk\u0161\u010dio dizainas puikiai papildo \u0161iuolaikini\u0173 virtuvi\u0173 detales neu\u017eimdamas per daug vietos. Tai leid\u017eia lengvai sutvarkyti erdv\u0119, i\u0161laikant tvark\u0105 ir estetik\u0105.<\/p>\n<p>Paprastos instrukcijos leid\u017eia greitai ir be vargo surinkti baldus, pritaikant juos savo poreikiams ir pageidavimams. \u0160is variantas puikiai tinka tiems, kurie vertina k\u016brybi\u0161kum\u0105 ir nepriklausomyb\u0119 interjero dizaine. Pabr\u0117\u017ekite unikal\u0173 savo virtuv\u0117s charakter\u012f su \u201eAndersen Sycylia\u201c spintele, kuri taps ir prakti\u0161ku, ir dekoratyviu j\u016bs\u0173 nam\u0173 elementu.<\/p>","protected":false},"excerpt":{"rendered":"<p>Plotis (cm): 25<br \/>\n\u016agis (cm): 72<br \/>\nGylis (cm): 30<\/p>","protected":false},"featured_media":157068,"comment_status":"open","ping_status":"open","template":"","meta":[],"product_brand":[],"product_cat":[9440,9441,4106,9118],"product_tag":[],"class_list":{"0":"post-157067","1":"product","2":"type-product","3":"status-publish","4":"has-post-thumbnail","6":"product_cat-kitchen-system-sycylia-sosna-andersen","7":"product_cat-white","8":"product_cat-gala-meble","9":"product_cat-kitchen-cabinets","11":"first","12":"instock","13":"purchasable","14":"product-type-simple"},"_links":{"self":[{"href":"https:\/\/baldumarket.lt\/lt\/wp-json\/wp\/v2\/product\/157067","targetHints":{"allow":["GET"]}}],"collection":[{"href":"https:\/\/baldumarket.lt\/lt\/wp-json\/wp\/v2\/product"}],"about":[{"href":"https:\/\/baldumarket.lt\/lt\/wp-json\/wp\/v2\/types\/product"}],"replies":[{"embeddable":true,"href":"https:\/\/baldumarket.lt\/lt\/wp-json\/wp\/v2\/comments?post=157067"}],"wp:featuredmedia":[{"embeddable":true,"href":"https:\/\/baldumarket.lt\/lt\/wp-json\/wp\/v2\/media\/157068"}],"wp:attachment":[{"href":"https:\/\/baldumarket.lt\/lt\/wp-json\/wp\/v2\/media?parent=157067"}],"wp:term":[{"taxonomy":"product_brand","embeddable":true,"href":"https:\/\/baldumarket.lt\/lt\/wp-json\/wp\/v2\/product_brand?post=157067"},{"taxonomy":"product_cat","embeddable":true,"href":"https:\/\/baldumarket.lt\/lt\/wp-json\/wp\/v2\/product_cat?post=157067"},{"taxonomy":"product_tag","embeddable":true,"href":"https:\/\/baldumarket.lt\/lt\/wp-json\/wp\/v2\/product_tag?post=157067"}],"curies":[{"name":"wp","href":"https:\/\/api.w.org\/{rel}","templated":true}]}}