{"id":157063,"date":"2025-12-18T23:17:51","date_gmt":"2025-12-18T20:17:51","guid":{"rendered":"https:\/\/baldumarket.lt\/product\/szafka-kuchenna-gorna-otwarta-prawa-g25pz-p-prowansja-bialy-mat\/"},"modified":"2026-02-08T10:06:28","modified_gmt":"2026-02-08T07:06:28","slug":"szafka-kuchenna-gorna-otwarta-prawa-g25pz-p-prowansja-bialy-mat","status":"publish","type":"product","link":"https:\/\/baldumarket.lt\/lt\/product\/szafka-kuchenna-gorna-otwarta-prawa-g25pz-p-prowansja-bialy-mat\/","title":{"rendered":"De\u0161in\u0117 vir\u0161utin\u0117 atvira virtuv\u0117s spintel\u0117 G25PZ-P Provanso balta matin\u0117"},"content":{"rendered":"<p>Perkelkite savo virtuv\u0119 \u012f vaizding\u0105 Provanso kra\u0161t\u0105 su eleganti\u0161ka \u201eGa\u0142a Meble\u201c virtuv\u0117s spintele G25PZ-P su de\u0161iniuoju vir\u0161utiniu atvartu. Subtili matin\u0117 balta spalva suteikia interjerui gaivumo ir lengvumo, puikiai papildydama \u012fvairius interjero dizainus. Paprastas, bet stilingas dizainas suteikia erdvei harmonijos ir unikalaus \u017eavesio.<\/p>\n<p>Provanso stilius \u017einomas d\u0117l savo \u0161ilumos ir jaukuma, o spintel\u0117 G25PZ-P puikiai \u012fk\u016bnija \u0161\u012f klasikin\u012f stili\u0173. Atviras dizainas daro j\u0105 ne tik dekoratyvi\u0105, bet ir ne\u012ftik\u0117tinai prakti\u0161k\u0105. Tegul tai b\u016bna vieta j\u016bs\u0173 m\u0117gstamiausiems indams ar papuo\u0161alams, kuriuos norite visada tur\u0117ti po ranka, kartu sukuriant jauki\u0105 ir \u0161ilt\u0105 atmosfer\u0105.<\/p>\n<p>Sumanus estetikos ir funkcionalumo derinys paver\u010dia j\u016bs\u0173 virtuv\u0119 erdve, kurioje kruop\u0161\u010diai apgalvota kiekviena detal\u0117. Spintel\u0117 pagaminta i\u0161 laminuotos plok\u0161t\u0117s, u\u017etikrinan\u010dios patvarum\u0105 ir atsparum\u0105 kasdieniam naudojimui, o lengva konstrukcija leid\u017eia j\u0105 lengvai surinkti. D\u0117l to galite m\u0117gautis gro\u017eiu ir funkcionalumu, nepaisant j\u016bs\u0173 staliaus \u012fg\u016bd\u017ei\u0173.<\/p>\n<p>Kompakti\u0161ki spintel\u0117s matmenys \u2013 25 cm plo\u010dio, 72 cm auk\u0161\u010dio ir 30 cm gylio \u2013 idealiai tinka tiek ma\u017eoms, tiek didel\u0117ms erdv\u0117ms. Tai puikus b\u016bdas optimizuoti virtuv\u0117s erdv\u0119 ir pademonstruoti m\u0117gstamiausius virtuv\u0117s daiktus. Pa\u017ei\u016br\u0117kite, kaip lengvai galite pakeisti savo interjer\u0105, prid\u0117dami jam Provanso \u017eavesio su G25PZ-P.<\/p>","protected":false},"excerpt":{"rendered":"<p>Plotis (cm): 25<br \/>\n\u016agis (cm): 72<br \/>\nGylis (cm): 30<\/p>","protected":false},"featured_media":157064,"comment_status":"open","ping_status":"open","template":"","meta":[],"product_brand":[],"product_cat":[9444,4106,9118],"product_tag":[],"class_list":{"0":"post-157063","1":"product","2":"type-product","3":"status-publish","4":"has-post-thumbnail","6":"product_cat-kitchen-system-prowansja-sosna-andersen","7":"product_cat-gala-meble","8":"product_cat-kitchen-cabinets","10":"first","11":"instock","12":"purchasable","13":"product-type-simple"},"_links":{"self":[{"href":"https:\/\/baldumarket.lt\/lt\/wp-json\/wp\/v2\/product\/157063","targetHints":{"allow":["GET"]}}],"collection":[{"href":"https:\/\/baldumarket.lt\/lt\/wp-json\/wp\/v2\/product"}],"about":[{"href":"https:\/\/baldumarket.lt\/lt\/wp-json\/wp\/v2\/types\/product"}],"replies":[{"embeddable":true,"href":"https:\/\/baldumarket.lt\/lt\/wp-json\/wp\/v2\/comments?post=157063"}],"wp:featuredmedia":[{"embeddable":true,"href":"https:\/\/baldumarket.lt\/lt\/wp-json\/wp\/v2\/media\/157064"}],"wp:attachment":[{"href":"https:\/\/baldumarket.lt\/lt\/wp-json\/wp\/v2\/media?parent=157063"}],"wp:term":[{"taxonomy":"product_brand","embeddable":true,"href":"https:\/\/baldumarket.lt\/lt\/wp-json\/wp\/v2\/product_brand?post=157063"},{"taxonomy":"product_cat","embeddable":true,"href":"https:\/\/baldumarket.lt\/lt\/wp-json\/wp\/v2\/product_cat?post=157063"},{"taxonomy":"product_tag","embeddable":true,"href":"https:\/\/baldumarket.lt\/lt\/wp-json\/wp\/v2\/product_tag?post=157063"}],"curies":[{"name":"wp","href":"https:\/\/api.w.org\/{rel}","templated":true}]}}