{"id":157060,"date":"2025-12-18T23:17:45","date_gmt":"2025-12-18T20:17:45","guid":{"rendered":"https:\/\/baldumarket.lt\/product\/szafka-kuchenna-gorna-otwarta-sorento-w15-baltic-storm\/"},"modified":"2026-02-18T11:07:42","modified_gmt":"2026-02-18T08:07:42","slug":"szafka-kuchenna-gorna-otwarta-sorento-w15-baltic-storm","status":"publish","type":"product","link":"https:\/\/baldumarket.lt\/lt\/product\/szafka-kuchenna-gorna-otwarta-sorento-w15-baltic-storm\/","title":{"rendered":"Sorento W15 Baltic Storm virtuv\u0117s spintel\u0117 su atviru vir\u0161umi"},"content":{"rendered":"<p>Atraskite nauj\u0105 virtuv\u0117s erdv\u0117s apibr\u0117\u017eim\u0105 su \u201eSorento W15\u201c atvira spintele \u201eBaltic Storm\u201c spalvos. \u0160i eleganti\u0161ka spintel\u0117 \u2013 puikus pasirinkimas tiems, kurie siekia suderinti estetik\u0105 ir prakti\u0161kum\u0105. Subtilios linijos ir modernus dizainas paver\u010dia j\u0105 unikaliu j\u016bs\u0173 virtuv\u0117s akcentu, suteikian\u010diu gaivumo ir naujausi\u0173 interjero dizaino tendencij\u0173 prisilietim\u0105.<\/p>\n<p>Pagaminta i\u0161 patvarios 18 mm laminuotos plok\u0161t\u0117s, spintel\u0117 sujungia patvarum\u0105 ir elegancij\u0105. \u201eBaltic Storm\u201c spalva suteikia jai unikal\u0173 charakter\u012f, kuris puikiai papildys tiek modern\u0173, tiek klasikin\u012f interjer\u0105. Be to, atspari pa\u017eeidimams apdaila u\u017etikrina, kad spintel\u0117 tarnaus ilgus metus, i\u0161laikydama savo gro\u017e\u012f ir funkcionalum\u0105.<\/p>\n<p>Apgalvotas \u0161ios spintel\u0117s dizainas leid\u017eia suasmeninti erdv\u0119. D\u0117l reguliuojamos pakabinimo sistemos ir pridedam\u0173 tvirtinimo pried\u0173 spintel\u0119 galite lengvai pritaikyti savo poreikiams. Tur\u0117dama septynias g\u0117rim\u0173 lentynas, \u201eSorento W15\u201c si\u016blo ne tik viet\u0105 daiktams laikyti, bet ir galimyb\u0119 moderniai eksponuoti m\u0117gstamus g\u0117rimus.<\/p>\n<p>\u0160ios spintel\u0117s esmin\u0117s savyb\u0117s yra ne tik prakti\u0161kumas, bet ir naudojimo paprastumas. Papildomos lentynos leid\u017eia lengvai pasiekti kasdienius daiktus, o atviras dizainas suteikia virtuvei lengvumo. Tai suteiks interjerui gaivumo ir erdv\u0117s. Ji puikiai tinka virtuv\u0117ms, kuriose tr\u016bksta vietos daiktams laikyti.<\/p>\n<p>Rinkit\u0117s atviro plano \u201eSorento W15 Baltic Storm\u201c spintel\u0119, kad suteiktum\u0117te savo virtuvei stiling\u0105 i\u0161vaizd\u0105, kurioje dera elegancija ir funkcionalumas. Investuokite \u012f sprendimus, kurie kasdien\u012f maisto gaminim\u0105 pavers malonumu ir tuo pa\u010diu pagerins j\u016bs\u0173 interjer\u0105. Nuo \u0161iol kiekviena akimirka, praleista virtuv\u0117je, bus dar \u012fkvepianti!<\/p>","protected":false},"excerpt":{"rendered":"<p>Plotis (cm): 15<br \/>\n\u016agis (cm): 99<br \/>\nGylis (cm): 30<\/p>","protected":false},"featured_media":157061,"comment_status":"open","ping_status":"open","template":"","meta":[],"product_brand":[],"product_cat":[9436,4106],"product_tag":[],"class_list":{"0":"post-157060","1":"product","2":"type-product","3":"status-publish","4":"has-post-thumbnail","6":"product_cat-kitchen-system-sorento","7":"product_cat-gala-meble","9":"first","10":"instock","11":"purchasable","12":"product-type-simple"},"_links":{"self":[{"href":"https:\/\/baldumarket.lt\/lt\/wp-json\/wp\/v2\/product\/157060","targetHints":{"allow":["GET"]}}],"collection":[{"href":"https:\/\/baldumarket.lt\/lt\/wp-json\/wp\/v2\/product"}],"about":[{"href":"https:\/\/baldumarket.lt\/lt\/wp-json\/wp\/v2\/types\/product"}],"replies":[{"embeddable":true,"href":"https:\/\/baldumarket.lt\/lt\/wp-json\/wp\/v2\/comments?post=157060"}],"wp:featuredmedia":[{"embeddable":true,"href":"https:\/\/baldumarket.lt\/lt\/wp-json\/wp\/v2\/media\/157061"}],"wp:attachment":[{"href":"https:\/\/baldumarket.lt\/lt\/wp-json\/wp\/v2\/media?parent=157060"}],"wp:term":[{"taxonomy":"product_brand","embeddable":true,"href":"https:\/\/baldumarket.lt\/lt\/wp-json\/wp\/v2\/product_brand?post=157060"},{"taxonomy":"product_cat","embeddable":true,"href":"https:\/\/baldumarket.lt\/lt\/wp-json\/wp\/v2\/product_cat?post=157060"},{"taxonomy":"product_tag","embeddable":true,"href":"https:\/\/baldumarket.lt\/lt\/wp-json\/wp\/v2\/product_tag?post=157060"}],"curies":[{"name":"wp","href":"https:\/\/api.w.org\/{rel}","templated":true}]}}