{"id":157057,"date":"2025-12-18T23:17:40","date_gmt":"2025-12-18T20:17:40","guid":{"rendered":"https:\/\/baldumarket.lt\/product\/szafka-kuchenna-gorna-otwarta-sorento-w15-bialy-mat\/"},"modified":"2026-02-18T11:07:42","modified_gmt":"2026-02-18T08:07:42","slug":"szafka-kuchenna-gorna-otwarta-sorento-w15-bialy-mat","status":"publish","type":"product","link":"https:\/\/baldumarket.lt\/lt\/product\/szafka-kuchenna-gorna-otwarta-sorento-w15-bialy-mat\/","title":{"rendered":"Sorento W15 virtuv\u0117s spintel\u0117 su atviru vir\u0161umi, matin\u0117 balta"},"content":{"rendered":"<p>Atraskite eleganti\u0161k\u0105 matin\u0117s baltos spalvos \u201eSorento W15\u201c atvir\u0105 virtuv\u0117s spintel\u0119, kuri pakeis j\u016bs\u0173 virtuv\u0119 ir suteiks jai modernumo. Minimalistinis dizainas ir \u0161viesi spalva puikiai tinka \u012fvairiems interjerams \u2013 nuo skandinavi\u0161ko iki industrinio. D\u0117l plon\u0173 matmen\u0173 (plotis 15 cm, auk\u0161tis 99 cm, gylis 30 cm) ji puikiai tinka ma\u017eesn\u0117ms erdv\u0117ms ir pasi\u017eymi \u012fsp\u016bdinga daikt\u0173 laikymo talpa.<\/p>\n<p>\u0160i spintel\u0117, pagaminta i\u0161 18 mm storio laminuotos plok\u0161t\u0117s, yra ne tik stilinga, bet ir funkcionali. D\u0117l savo savybi\u0173 plok\u0161t\u0117 yra atspari pa\u017eeidimams, tod\u0117l idealiai tinka kasdieniam naudojimui virtuv\u0117je. Reguliuojamos lentynos, kurias galima pritaikyti pagal j\u016bs\u0173 poreikius, leid\u017eia lengvai laikyti g\u0117rimus ir kitus smulkius daiktus, sukuriant puiki\u0105 erdv\u0119 j\u016bs\u0173 virtuv\u0117s organizavimui.<\/p>\n<p>Su \u201eSorento\u201c spintele \u012fgysite ne tik funkcionalumo, bet ir estetikos. Atviras lentyn\u0173 dizainas leid\u017eia eksponuoti m\u0117gstamiausius patiekalus ar dekoracijas, suteikdamas interjerui asmeninio stiliaus. Kas sak\u0117, kad daikt\u0173 laikymas turi b\u016bti nuobodus? Su \u0161ia spintele galite \u012f savo virtuv\u0119 \u012fne\u0161ti nauj\u0105 kokyb\u0117s ir gaivumo lyg\u012f.<\/p>\n<p>Komplekte yra reguliuojamas pakabukas ir tvirtinimo juostel\u0117, tod\u0117l surinkimas yra paprastas ir malonus. D\u0117l prid\u0117t\u0173 instrukcij\u0173 galite lengvai surinkti savo nauj\u0105 spintel\u0119 patys, sukurdami nauj\u0105 erdv\u0119, kuri atitiks visus j\u016bs\u0173 l\u016bkes\u010dius. Atraskite, kiek daug gali padaryti nedidelis pakeitimas j\u016bs\u0173 virtuv\u0117je!<\/p>\n<p>Nelaukite ilgiau ir investuokite \u012f \u201eSorento W15\u201c virtuv\u0117s spintel\u0119 \u2013 j\u016bs\u0173 laukia tobulas modernumo, funkcionalumo ir estetikos derinys. Atnaujinkite savo virtuv\u0119 ir m\u0117gaukit\u0117s kiekviena akimirka, praleista gaminant maist\u0105, m\u0117gaudamiesi tvarkinga vieta m\u0117gstamiausiems virtuv\u0117s reikmenims.<\/p>","protected":false},"excerpt":{"rendered":"<p>Plotis (cm): 15<br \/>\n\u016agis (cm): 99<br \/>\nGylis (cm): 30<\/p>","protected":false},"featured_media":157058,"comment_status":"open","ping_status":"open","template":"","meta":[],"product_brand":[],"product_cat":[9436,4106],"product_tag":[],"class_list":{"0":"post-157057","1":"product","2":"type-product","3":"status-publish","4":"has-post-thumbnail","6":"product_cat-kitchen-system-sorento","7":"product_cat-gala-meble","9":"first","10":"instock","11":"purchasable","12":"product-type-simple"},"_links":{"self":[{"href":"https:\/\/baldumarket.lt\/lt\/wp-json\/wp\/v2\/product\/157057","targetHints":{"allow":["GET"]}}],"collection":[{"href":"https:\/\/baldumarket.lt\/lt\/wp-json\/wp\/v2\/product"}],"about":[{"href":"https:\/\/baldumarket.lt\/lt\/wp-json\/wp\/v2\/types\/product"}],"replies":[{"embeddable":true,"href":"https:\/\/baldumarket.lt\/lt\/wp-json\/wp\/v2\/comments?post=157057"}],"wp:featuredmedia":[{"embeddable":true,"href":"https:\/\/baldumarket.lt\/lt\/wp-json\/wp\/v2\/media\/157058"}],"wp:attachment":[{"href":"https:\/\/baldumarket.lt\/lt\/wp-json\/wp\/v2\/media?parent=157057"}],"wp:term":[{"taxonomy":"product_brand","embeddable":true,"href":"https:\/\/baldumarket.lt\/lt\/wp-json\/wp\/v2\/product_brand?post=157057"},{"taxonomy":"product_cat","embeddable":true,"href":"https:\/\/baldumarket.lt\/lt\/wp-json\/wp\/v2\/product_cat?post=157057"},{"taxonomy":"product_tag","embeddable":true,"href":"https:\/\/baldumarket.lt\/lt\/wp-json\/wp\/v2\/product_tag?post=157057"}],"curies":[{"name":"wp","href":"https:\/\/api.w.org\/{rel}","templated":true}]}}