{"id":157054,"date":"2025-12-18T23:17:35","date_gmt":"2025-12-18T20:17:35","guid":{"rendered":"https:\/\/baldumarket.lt\/product\/szafka-kuchenna-gorna-otwarta-sorento-w15-puccini\/"},"modified":"2026-02-18T11:07:42","modified_gmt":"2026-02-18T08:07:42","slug":"szafka-kuchenna-gorna-otwarta-sorento-w15-puccini","status":"publish","type":"product","link":"https:\/\/baldumarket.lt\/lt\/product\/szafka-kuchenna-gorna-otwarta-sorento-w15-puccini\/","title":{"rendered":"Sorento W15 Puccini atvira vir\u0161utin\u0117 virtuv\u0117s spintel\u0117"},"content":{"rendered":"<p>\u201eSorento W15 Puccini\u201c virtuv\u0117s spintel\u0117 su atvira stalvir\u0161iu \u2013 puikus sprendimas tiems, kurie nori savo virtuvei suteikti elegancijos. Unikali \u201ePuccini\u201c spalva suteikia elegancijos, o eleganti\u0161kas dizainas \u2013 modernumo ir harmonijos bet kokiam interjerui. Naudotos med\u017eiagos u\u017etikrina ne tik estetin\u012f patrauklum\u0105, bet ir patvarum\u0105 bei atsparum\u0105 kasdieniam naudojimui.<\/p>\n<p>\u201eSorento W15\u201c spintel\u0117s funkcionalumas yra nepakei\u010diamas bet kurioje virtuv\u0117je. D\u0117l atviro dizaino visi svarbiausi daiktai yra po ranka, tod\u0117l juos lengva susid\u0117lioti. Tai puiki vieta kasdieniams virtuv\u0117s reikmenims ar m\u0117gstamiausiems prieskoniams, kurie visada po ranka. Minimalistinis stilius leid\u017eia spintelei puikiai der\u0117ti prie bet kokio interjero \u2013 nuo modernaus iki klasikinio.<\/p>\n<p>Surinkimas \u201epasidaryk pats\u201c yra ne\u012ftik\u0117tinai greitas ir paprastas, tod\u0117l kiekvienas gali lengvai pakeisti savo virtuv\u0117s i\u0161vaizd\u0105. Praktin\u0117s savyb\u0117s, tokios kaip atspari pa\u017eeidimams laminuota plok\u0161t\u0117, u\u017etikrina, kad spintel\u0117 tarnaus ilgai ir i\u0161liks eleganti\u0161ka. Tai investicija, kuri ne tik d\u017eiugina ak\u012f, bet ir palengvina kasdienius nam\u0173 ruo\u0161os darbus.<\/p>\n<p>D\u0117l kompakti\u0161k\u0173 matmen\u0173 \u201eSorento W15\u201c spintel\u0117 tiks net ir ma\u017eiausioms virtuv\u0117ms, kuriose erdv\u0117s tr\u016bksta. Vizualus kambario padidinimas ir galimyb\u0117 suasmeninti lentyn\u0173 i\u0161d\u0117stym\u0105 leid\u017eia maksimaliai i\u0161naudoti turim\u0105 erdv\u0119 pagal individualius poreikius. Puikiai dera prie bet kokio interjero, tod\u0117l \u0161i spintel\u0117 yra nepakei\u010diamas bet kurios efektyvios virtuv\u0117s elementas.<\/p>\n<p>Pasirink\u0119 \u201eSorento\u201c virtuv\u0117s spintel\u0119, gausite ne tik prakti\u0161kus baldus, bet ir element\u0105, kuris pagerins j\u016bs\u0173 nam\u0173 stili\u0173. Tai investicija \u012f kokyb\u0119, funkcionalum\u0105 ir nesenstant\u012f dizain\u0105, kuris atlaikys besikei\u010dian\u010dias interjero dizaino tendencijas. Palepinkite save prabangos prisilietimu kasdieniame gyvenime su \u201eGa\u0142a Meble\u201c baldais.<\/p>","protected":false},"excerpt":{"rendered":"<p>Plotis (cm): 15<br \/>\n\u016agis (cm): 98,5<br \/>\nGylis (cm): 30<\/p>","protected":false},"featured_media":157055,"comment_status":"open","ping_status":"open","template":"","meta":[],"product_brand":[],"product_cat":[9436,4106],"product_tag":[],"class_list":{"0":"post-157054","1":"product","2":"type-product","3":"status-publish","4":"has-post-thumbnail","6":"product_cat-kitchen-system-sorento","7":"product_cat-gala-meble","9":"first","10":"instock","11":"purchasable","12":"product-type-simple"},"_links":{"self":[{"href":"https:\/\/baldumarket.lt\/lt\/wp-json\/wp\/v2\/product\/157054","targetHints":{"allow":["GET"]}}],"collection":[{"href":"https:\/\/baldumarket.lt\/lt\/wp-json\/wp\/v2\/product"}],"about":[{"href":"https:\/\/baldumarket.lt\/lt\/wp-json\/wp\/v2\/types\/product"}],"replies":[{"embeddable":true,"href":"https:\/\/baldumarket.lt\/lt\/wp-json\/wp\/v2\/comments?post=157054"}],"wp:featuredmedia":[{"embeddable":true,"href":"https:\/\/baldumarket.lt\/lt\/wp-json\/wp\/v2\/media\/157055"}],"wp:attachment":[{"href":"https:\/\/baldumarket.lt\/lt\/wp-json\/wp\/v2\/media?parent=157054"}],"wp:term":[{"taxonomy":"product_brand","embeddable":true,"href":"https:\/\/baldumarket.lt\/lt\/wp-json\/wp\/v2\/product_brand?post=157054"},{"taxonomy":"product_cat","embeddable":true,"href":"https:\/\/baldumarket.lt\/lt\/wp-json\/wp\/v2\/product_cat?post=157054"},{"taxonomy":"product_tag","embeddable":true,"href":"https:\/\/baldumarket.lt\/lt\/wp-json\/wp\/v2\/product_tag?post=157054"}],"curies":[{"name":"wp","href":"https:\/\/api.w.org\/{rel}","templated":true}]}}