{"id":157050,"date":"2025-12-18T23:17:26","date_gmt":"2025-12-18T20:17:26","guid":{"rendered":"https:\/\/baldumarket.lt\/product\/szafka-kuchenna-gorna-otwarta-w20o-aspen-grey-szary-polysk\/"},"modified":"2026-02-08T10:19:26","modified_gmt":"2026-02-08T07:19:26","slug":"szafka-kuchenna-gorna-otwarta-w20o-aspen-grey-szary-polysk","status":"publish","type":"product","link":"https:\/\/baldumarket.lt\/lt\/product\/szafka-kuchenna-gorna-otwarta-w20o-aspen-grey-szary-polysk\/","title":{"rendered":"Virtuv\u0117s spintel\u0117 su atviru vir\u0161umi W20O drebul\u0117s pilkumo blizgesio"},"content":{"rendered":"<p>Atraskite funkcionalaus minimalizmo \u017eaves\u012f su \u201eAspen Grey\u201c atviru virtuv\u0117s spintele. Eleganti\u0161kas dizainas kartu su blizgia pilka priekine dalimi \u2013 puikus sprendimas modernioms virtuv\u0117ms. \u0160i spintel\u0117 suteiks j\u016bs\u0173 interjerui prabangos, pabr\u0117\u017edama unikal\u0173 jo charakter\u012f. D\u0117l kompakti\u0161ko dyd\u017eio ji puikiai tinka ma\u017eesn\u0117ms erdv\u0117ms, suteikdama joms eleganti\u0161k\u0105 i\u0161vaizd\u0105.<\/p>\n<p>\u201eAspen Grey\u201c spintel\u0117 derina estetik\u0105 ir prakti\u0161kum\u0105. Atviros lentynos leid\u017eia lengvai pasiekti da\u017enai naudojamus virtuv\u0117s reikmenis ir \u012frankius, tuo pa\u010diu suteikdamos subtil\u0173 dekoratyvum\u0105. Ji puikiai dera su \u0161viesia, matine korpuso spalva ir sukuria harmoning\u0105 bendr\u0105 vaizd\u0105. \u0160is interjero dizainas padeda sukurti jauki\u0105 ir moderni\u0105 atmosfer\u0105 j\u016bs\u0173 virtuv\u0117je.<\/p>\n<p>\u201eGa\u0142a Meble\u201c \u2013 tai \u017einomas prek\u0117s \u017eenklas, kuris pabr\u0117\u017eia auk\u0161tos kokyb\u0117s apdail\u0105 ir savo gamini\u0173 ilgaam\u017ei\u0161kum\u0105. Spintel\u0117s gamybai naudojamos med\u017eiagos \u2013 MDF ir laminatas \u2013 u\u017etikrina ilgaam\u017ei\u0161kum\u0105 ir atsparum\u0105 kasdieniam naudojimui. Tai daro \u0161\u012f bald\u0105 tikra investicija \u012f j\u016bs\u0173 virtuv\u0117s ateit\u012f, garantuojan\u010di\u0105 ilgus pasitenkinimo metus.<\/p>\n<p>\u201eAspen Grey\u201c spinteli\u0173 surinkimas buvo sukurtas atsi\u017evelgiant \u012f naudotojo patogum\u0105. Galimyb\u0117 surinkti gamin\u012f patiems suteikia pasitenkinimo jausm\u0105 ir laisv\u0119 kurti interjer\u0105 pagal savo id\u0117jas. Rinkit\u0117s sprendim\u0105, kuris ne tik suteiks estetinio patrauklumo, bet ir pagerins j\u016bs\u0173 nam\u0173 funkcionalum\u0105. M\u0117gaukit\u0117s moderniu stiliumi ir patogia erdve savo virtuv\u0117je.<\/p>","protected":false},"excerpt":{"rendered":"<p>Plotis (cm): 20<br \/>\n\u016agis (cm): 72<br \/>\nGylis (cm): 30<\/p>","protected":false},"featured_media":157051,"comment_status":"open","ping_status":"open","template":"","meta":[],"product_brand":[],"product_cat":[9451,4106,9118],"product_tag":[],"class_list":{"0":"post-157050","1":"product","2":"type-product","3":"status-publish","4":"has-post-thumbnail","6":"product_cat-kitchen-system-aspen-grey","7":"product_cat-gala-meble","8":"product_cat-kitchen-cabinets","10":"first","11":"instock","12":"purchasable","13":"product-type-simple"},"_links":{"self":[{"href":"https:\/\/baldumarket.lt\/lt\/wp-json\/wp\/v2\/product\/157050","targetHints":{"allow":["GET"]}}],"collection":[{"href":"https:\/\/baldumarket.lt\/lt\/wp-json\/wp\/v2\/product"}],"about":[{"href":"https:\/\/baldumarket.lt\/lt\/wp-json\/wp\/v2\/types\/product"}],"replies":[{"embeddable":true,"href":"https:\/\/baldumarket.lt\/lt\/wp-json\/wp\/v2\/comments?post=157050"}],"wp:featuredmedia":[{"embeddable":true,"href":"https:\/\/baldumarket.lt\/lt\/wp-json\/wp\/v2\/media\/157051"}],"wp:attachment":[{"href":"https:\/\/baldumarket.lt\/lt\/wp-json\/wp\/v2\/media?parent=157050"}],"wp:term":[{"taxonomy":"product_brand","embeddable":true,"href":"https:\/\/baldumarket.lt\/lt\/wp-json\/wp\/v2\/product_brand?post=157050"},{"taxonomy":"product_cat","embeddable":true,"href":"https:\/\/baldumarket.lt\/lt\/wp-json\/wp\/v2\/product_cat?post=157050"},{"taxonomy":"product_tag","embeddable":true,"href":"https:\/\/baldumarket.lt\/lt\/wp-json\/wp\/v2\/product_tag?post=157050"}],"curies":[{"name":"wp","href":"https:\/\/api.w.org\/{rel}","templated":true}]}}