{"id":157047,"date":"2025-12-18T23:17:21","date_gmt":"2025-12-18T20:17:21","guid":{"rendered":"https:\/\/baldumarket.lt\/product\/szafka-kuchenna-gorna-otwarta-w20o-aspen-white-bialy-polysk\/"},"modified":"2026-02-08T11:24:27","modified_gmt":"2026-02-08T08:24:27","slug":"szafka-kuchenna-gorna-otwarta-w20o-aspen-white-bialy-polysk","status":"publish","type":"product","link":"https:\/\/baldumarket.lt\/lt\/product\/szafka-kuchenna-gorna-otwarta-w20o-aspen-white-bialy-polysk\/","title":{"rendered":"Virtuv\u0117s spintel\u0117 su atviru vir\u0161umi W20O drebul\u0117s baltumo blizgi"},"content":{"rendered":"<p>Jei norite, kad j\u016bs\u0173 virtuv\u0117 spinduliuot\u0173 modernumu ir elegancija, \u201eAspen White\u201c atvira vir\u0161utin\u0117 virtuv\u0117s spintel\u0117 yra puikus pasirinkimas. Jos blizgi balta apdaila suteikia lengvumo ir erdv\u0117s prisilietim\u0105, net ir ma\u017eiausi\u0105 virtuv\u0119 paversdama jaukia erdve. \u0160ios spintel\u0117s dizaino paprastumas leid\u017eia j\u0105 lengvai pritaikyti \u012fvairiuose interjeruose \u2013 nuo minimalistinio iki klasikinio.<\/p>\n<p>\u0160i spintel\u0117 ne tik traukia ak\u012f, bet ir yra ne\u012ftik\u0117tinai prakti\u0161ka. Atviras dizainas leid\u017eia greitai pasiekti laikomus daiktus, o tai ypa\u010d naudinga kasdieniam naudojimui. Galite lengvai eksponuoti m\u0117gstamus puodelius ar l\u0117k\u0161tes ir tuo pa\u010diu suteikti \u017eavesio savo virtuvei.<\/p>\n<p>Nors \u201eAspen White\u201c spintel\u0117s i\u0161vaizda \u012fsp\u016bdinga, jos funkcionalumas yra bekompromisis. Plonas, ta\u010diau efektyvus dizainas leid\u017eia optimaliai i\u0161naudoti virtuv\u0117s erdv\u0119, tod\u0117l ji yra esminis bet kurios gerai suprojektuotos virtuv\u0117s elementas. Lengvas dizainas ir kompakti\u0161kas dydis leid\u017eia lengvai surinkti, o tai dar labiau padidina jos patrauklum\u0105.<\/p>\n<p>Kaip matote, \u201eGa\u0142a Meble\u201c suk\u016br\u0117 gamin\u012f, kuris derina estetik\u0105 ir funkcionalum\u0105. Laminuotas, matin\u0117s baltos spalvos korpusas suteikia patvarumo, kartu i\u0161laikant \u0161iuolaiki\u0161k\u0105 ir lengvai valom\u0105 i\u0161vaizd\u0105. Tai puikus pasirinkimas tiems, kurie vertina elegancij\u0105 ir prakti\u0161kum\u0105 viename.<\/p>","protected":false},"excerpt":{"rendered":"<p>Plotis (cm): 20<br \/>\n\u016agis (cm): 72<br \/>\nGylis (cm): 30<\/p>","protected":false},"featured_media":157048,"comment_status":"open","ping_status":"open","template":"","meta":[],"product_brand":[],"product_cat":[9445,4106,9118],"product_tag":[],"class_list":{"0":"post-157047","1":"product","2":"type-product","3":"status-publish","4":"has-post-thumbnail","6":"product_cat-kitchen-system-aspen-white","7":"product_cat-gala-meble","8":"product_cat-kitchen-cabinets","10":"first","11":"instock","12":"purchasable","13":"product-type-simple"},"_links":{"self":[{"href":"https:\/\/baldumarket.lt\/lt\/wp-json\/wp\/v2\/product\/157047","targetHints":{"allow":["GET"]}}],"collection":[{"href":"https:\/\/baldumarket.lt\/lt\/wp-json\/wp\/v2\/product"}],"about":[{"href":"https:\/\/baldumarket.lt\/lt\/wp-json\/wp\/v2\/types\/product"}],"replies":[{"embeddable":true,"href":"https:\/\/baldumarket.lt\/lt\/wp-json\/wp\/v2\/comments?post=157047"}],"wp:featuredmedia":[{"embeddable":true,"href":"https:\/\/baldumarket.lt\/lt\/wp-json\/wp\/v2\/media\/157048"}],"wp:attachment":[{"href":"https:\/\/baldumarket.lt\/lt\/wp-json\/wp\/v2\/media?parent=157047"}],"wp:term":[{"taxonomy":"product_brand","embeddable":true,"href":"https:\/\/baldumarket.lt\/lt\/wp-json\/wp\/v2\/product_brand?post=157047"},{"taxonomy":"product_cat","embeddable":true,"href":"https:\/\/baldumarket.lt\/lt\/wp-json\/wp\/v2\/product_cat?post=157047"},{"taxonomy":"product_tag","embeddable":true,"href":"https:\/\/baldumarket.lt\/lt\/wp-json\/wp\/v2\/product_tag?post=157047"}],"curies":[{"name":"wp","href":"https:\/\/api.w.org\/{rel}","templated":true}]}}