{"id":157044,"date":"2025-12-18T23:17:16","date_gmt":"2025-12-18T20:17:16","guid":{"rendered":"https:\/\/baldumarket.lt\/product\/szafka-kuchenna-gorna-otwarta-w20o-linea-grey-bialy-mat\/"},"modified":"2026-02-18T11:33:15","modified_gmt":"2026-02-18T08:33:15","slug":"szafka-kuchenna-gorna-otwarta-w20o-linea-grey-bialy-mat","status":"publish","type":"product","link":"https:\/\/baldumarket.lt\/lt\/product\/szafka-kuchenna-gorna-otwarta-w20o-linea-grey-bialy-mat\/","title":{"rendered":"Atvira vir\u0161utin\u0117 virtuv\u0117s spintel\u0117 W20O Linea pilkai balta matin\u0117"},"content":{"rendered":"<p>Atraskite elegancij\u0105 ir funkcionalum\u0105, kur\u012f si\u016blo W20O Linea pilka atvira vir\u0161utin\u0117 virtuv\u0117s spintel\u0117. \u0160i i\u0161skirtinai stilinga spintel\u0117 puikiai tinka tiems, kurie vertina modernius sprendimus. Blizgus pilkas priekis kartu su matin\u0117s baltos spalvos korpusu sukuria harmoning\u0105 kompozicij\u0105, kuri i\u0161ry\u0161kins unikal\u0173 bet kurios virtuv\u0117s charakter\u012f, suteikdama modernumo ir i\u0161skirtin\u0117s klas\u0117s.<\/p>\n<p>D\u0117l gerai apgalvoto dizaino \u0161i spintel\u0117 puikiai tinka \u012fvairiems interjerams \u2013 nuo minimalistini\u0173 iki klasikini\u0173 virtuvi\u0173. D\u0117l atviro dizaino lentyn\u0173 i\u0161d\u0117stymas leid\u017eia eksponuoti m\u0117gstamus prieskonius, patiekalus ar dekoratyvinius elementus, suteikiant interjerui unikalumo. Paprasta, ta\u010diau eleganti\u0161ka i\u0161vaizda pagerins j\u016bs\u0173 virtuv\u0117s estetik\u0105.<\/p>\n<p>\u0160i spintel\u0117 unikali ne tik d\u0117l savo i\u0161vaizdos. MDF ir laminuotos plok\u0161t\u0117s panaudojimas u\u017etikrina tvirtum\u0105 ir ilgaam\u017ei\u0161kum\u0105, o tai labai svarbu virtuv\u0117s \u012frangai. Savaime u\u017esidarantys vyriai padidina komfort\u0105, u\u017etikrindami skland\u0173 dureli\u0173 u\u017edarym\u0105 ir tyl\u0173 veikim\u0105. Visi \u0161ie elementai palengvina kasdien\u012f naudojim\u0105, tod\u0117l virtuv\u0117 tampa vieta, kurioje norisi leisti laik\u0105.<\/p>\n<p>Spintel\u0117 sukurta taip, kad j\u0105 b\u016bt\u0173 galima surinkti savaranki\u0161kai, tod\u0117l j\u0105 galima greitai ir lengvai pritaikyti bet kurioje erdv\u0117je. 20 cm plo\u010dio, 72 cm auk\u0161\u010dio ir 30 cm gylio ji idealiai tinka tiek ma\u017eoms, tiek didesn\u0117ms erdv\u0117ms. D\u0117l savo universalumo ir puikaus estetikos bei prakti\u0161kumo derinio \u201eGa\u0142a Meble\u201c spintel\u0117 yra investicija \u012f j\u016bs\u0173 nam\u0173 gro\u017e\u012f ir funkcionalum\u0105.<\/p>","protected":false},"excerpt":{"rendered":"<p>Plotis (cm): 20<br \/>\n\u016agis (cm): 72<br \/>\nGylis (cm): 30<\/p>","protected":false},"featured_media":157045,"comment_status":"open","ping_status":"open","template":"","meta":[],"product_brand":[],"product_cat":[9446,4106],"product_tag":[],"class_list":{"0":"post-157044","1":"product","2":"type-product","3":"status-publish","4":"has-post-thumbnail","6":"product_cat-kitchen-system-linea-white","7":"product_cat-gala-meble","9":"first","10":"instock","11":"purchasable","12":"product-type-simple"},"_links":{"self":[{"href":"https:\/\/baldumarket.lt\/lt\/wp-json\/wp\/v2\/product\/157044","targetHints":{"allow":["GET"]}}],"collection":[{"href":"https:\/\/baldumarket.lt\/lt\/wp-json\/wp\/v2\/product"}],"about":[{"href":"https:\/\/baldumarket.lt\/lt\/wp-json\/wp\/v2\/types\/product"}],"replies":[{"embeddable":true,"href":"https:\/\/baldumarket.lt\/lt\/wp-json\/wp\/v2\/comments?post=157044"}],"wp:featuredmedia":[{"embeddable":true,"href":"https:\/\/baldumarket.lt\/lt\/wp-json\/wp\/v2\/media\/157045"}],"wp:attachment":[{"href":"https:\/\/baldumarket.lt\/lt\/wp-json\/wp\/v2\/media?parent=157044"}],"wp:term":[{"taxonomy":"product_brand","embeddable":true,"href":"https:\/\/baldumarket.lt\/lt\/wp-json\/wp\/v2\/product_brand?post=157044"},{"taxonomy":"product_cat","embeddable":true,"href":"https:\/\/baldumarket.lt\/lt\/wp-json\/wp\/v2\/product_cat?post=157044"},{"taxonomy":"product_tag","embeddable":true,"href":"https:\/\/baldumarket.lt\/lt\/wp-json\/wp\/v2\/product_tag?post=157044"}],"curies":[{"name":"wp","href":"https:\/\/api.w.org\/{rel}","templated":true}]}}