{"id":157041,"date":"2025-12-18T23:17:10","date_gmt":"2025-12-18T20:17:10","guid":{"rendered":"https:\/\/baldumarket.lt\/product\/szafka-kuchenna-gorna-otwarta-w20o-linea-white-bialy-mat\/"},"modified":"2026-02-18T11:33:15","modified_gmt":"2026-02-18T08:33:15","slug":"szafka-kuchenna-gorna-otwarta-w20o-linea-white-bialy-mat","status":"publish","type":"product","link":"https:\/\/baldumarket.lt\/lt\/product\/szafka-kuchenna-gorna-otwarta-w20o-linea-white-bialy-mat\/","title":{"rendered":"Atvira vir\u0161utin\u0117 virtuv\u0117s spintel\u0117 W20O Linea balta matin\u0117"},"content":{"rendered":"<p>Papuo\u0161kite savo virtuv\u0117s stili\u0173 eleganti\u0161ka \u201eLinea White\u201c vir\u0161utine virtuv\u0117s spintele. \u0160i atvira, matin\u0117s baltos spalvos spintel\u0117 yra modernaus dizaino kvintesencija, subtiliai \u012fsiliejanti \u012f bet kok\u012f interjer\u0105, suteikianti lengvumo ir elegancijos. Ry\u0161kiai balta priekin\u0117 dalis ir korpusas, pagaminti i\u0161 auk\u0161tos kokyb\u0117s med\u017eiag\u0173, sukuria nepriekai\u0161tingai lyg\u0173 pavir\u0161i\u0173, kur\u012f lengva valyti.<\/p>\n<p>Paprastas, ta\u010diau eleganti\u0161kas \u201eLinea White\u201c spintel\u0117s dizainas paver\u010dia j\u0105 universaliu bet kurios virtuv\u0117s papildymu. Netrukdydama bendram dizainui, ji puikiai tinka laikyti kasdienius indus ar dekoratyvinius elementus, kurie pary\u0161kins individual\u0173 j\u016bs\u0173 virtuv\u0117s charakter\u012f. Jos funkcionalumas ir estetika dera tarpusavyje, sukuriant harmoning\u0105 visum\u0105.<\/p>\n<p>\u0160ios spintel\u0117s prakti\u0161kumas ne\u012fkainojamas. D\u0117l atviros priekin\u0117s dalies visi reikalingi daiktai visada yra po ranka, tod\u0117l kasdienis maisto gaminimas tampa daug lengvesnis, o virtuv\u0117s erdv\u0117s organizavimas \u2013 paprastesnis. \u201ePasidaryk pats\u201c surinkimas yra intuityvus ir greitas, taupantis j\u016bs\u0173 laik\u0105 ir leid\u017eiantis m\u0117gautis nauja spintele be nereikalingo streso.<\/p>\n<p>Vir\u0161utin\u0117 virtuv\u0117s spintel\u0117 \u201eLinea White\u201c \u2013 puikus sprendimas tiems, kurie vertina minimalistin\u012f dizain\u0105 ir funkcionalum\u0105. Eleganti\u0161ka i\u0161vaizda padarys j\u016bs\u0173 virtuv\u0119 ne tik prakti\u0161k\u0105, bet ir esteti\u0161kai patraukli\u0105. Investuokite \u012f kokyb\u0119 ir stili\u0173, kurie atlaikys laiko i\u0161bandym\u0105.<\/p>","protected":false},"excerpt":{"rendered":"<p>Plotis (cm): 20<br \/>\n\u016agis (cm): 72<br \/>\nGylis (cm): 30<\/p>","protected":false},"featured_media":157042,"comment_status":"open","ping_status":"open","template":"","meta":[],"product_brand":[],"product_cat":[9446,4106],"product_tag":[],"class_list":{"0":"post-157041","1":"product","2":"type-product","3":"status-publish","4":"has-post-thumbnail","6":"product_cat-kitchen-system-linea-white","7":"product_cat-gala-meble","9":"first","10":"instock","11":"purchasable","12":"product-type-simple"},"_links":{"self":[{"href":"https:\/\/baldumarket.lt\/lt\/wp-json\/wp\/v2\/product\/157041","targetHints":{"allow":["GET"]}}],"collection":[{"href":"https:\/\/baldumarket.lt\/lt\/wp-json\/wp\/v2\/product"}],"about":[{"href":"https:\/\/baldumarket.lt\/lt\/wp-json\/wp\/v2\/types\/product"}],"replies":[{"embeddable":true,"href":"https:\/\/baldumarket.lt\/lt\/wp-json\/wp\/v2\/comments?post=157041"}],"wp:featuredmedia":[{"embeddable":true,"href":"https:\/\/baldumarket.lt\/lt\/wp-json\/wp\/v2\/media\/157042"}],"wp:attachment":[{"href":"https:\/\/baldumarket.lt\/lt\/wp-json\/wp\/v2\/media?parent=157041"}],"wp:term":[{"taxonomy":"product_brand","embeddable":true,"href":"https:\/\/baldumarket.lt\/lt\/wp-json\/wp\/v2\/product_brand?post=157041"},{"taxonomy":"product_cat","embeddable":true,"href":"https:\/\/baldumarket.lt\/lt\/wp-json\/wp\/v2\/product_cat?post=157041"},{"taxonomy":"product_tag","embeddable":true,"href":"https:\/\/baldumarket.lt\/lt\/wp-json\/wp\/v2\/product_tag?post=157041"}],"curies":[{"name":"wp","href":"https:\/\/api.w.org\/{rel}","templated":true}]}}