{"id":157037,"date":"2025-12-18T23:17:02","date_gmt":"2025-12-18T20:17:02","guid":{"rendered":"https:\/\/baldumarket.lt\/product\/szafka-kuchenna-gorna-otwarta-w20o-prowansja-bialy-mat\/"},"modified":"2026-02-08T10:06:28","modified_gmt":"2026-02-08T07:06:28","slug":"szafka-kuchenna-gorna-otwarta-w20o-prowansja-bialy-mat","status":"publish","type":"product","link":"https:\/\/baldumarket.lt\/lt\/product\/szafka-kuchenna-gorna-otwarta-w20o-prowansja-bialy-mat\/","title":{"rendered":"Atvira vir\u0161utin\u0117 virtuv\u0117s spintel\u0117 W20O Provanso balta matin\u0117"},"content":{"rendered":"<p>Suteikite savo virtuvei Provanso \u017eavesio su unikalia atvira virtuv\u0117s spintele W20O. Pagaminta eleganti\u0161ka, matin\u0117s baltos spalvos apdaila, \u0161i spintel\u0117 harmoningai dera prie bet kokio interjero, suteikdama subtilios elegancijos ir jaukumo. Minimalistinis dizainas yra funkcionalus ir esteti\u0161kai patrauklus, pagerindamas bendr\u0105 stili\u0173.<\/p>\n<p>Svarbiausias \u0161ios spintel\u0117s elementas \u2013 atviras dizainas, leid\u017eiantis demonstruoti m\u0117gstamiausius patiekalus ir dekoracijas. Tai sukuria lengvumo ir erdvumo poj\u016bt\u012f, kuris taip pageidaujamas \u0161iuolaikiniuose virtuv\u0117s dizainuose. Provanso dizainas kartu su matine balta apdaila sukuria ramyb\u0117s ir harmonijos atmosfer\u0105, tod\u0117l virtuv\u0117 tampa vieta, kurioje norisi leisti laik\u0105.<\/p>\n<p>D\u0117l \u0161ios spintel\u0117s universalumo ji puikiai tinka \u012fvairiems stiliams \u2013 nuo tradicini\u0173 iki moderni\u0173 virtuvi\u0173. Kompakti\u0161ki matmenys puikiai tinka ma\u017eesn\u0117ms erdv\u0117ms, kur svarbus kiekvienas centimetras. I\u0161radingas derinys su kitais baltais baldais pabr\u0117\u0161 interjero \u0161var\u0105 ir gaivum\u0105, o matin\u0117 apdaila yra ne tik esteti\u0161kai patraukli, bet ir prakti\u0161ka bei lengvai pri\u017ei\u016brima.<\/p>\n<p>\u0160i spintel\u0117, sukurta surinkti patiems, leid\u017eia j\u0105 greitai ir lengvai sumontuoti net pradedantiesiems. D\u0117l auk\u0161tos kokyb\u0117s laminuotos plok\u0161t\u0117s ji u\u017etikrina patvarum\u0105 ir atsparum\u0105 pa\u017eeidimams, o tai labai svarbu kasdien naudojamoms virtuv\u0117ms. Pasirinkdami \u0161i\u0105 spintel\u0119, investuojate \u012f estetik\u0105 ir funkcionalum\u0105, kuris tarnaus ilgus metus.<\/p>","protected":false},"excerpt":{"rendered":"<p>Plotis (cm): 20<br \/>\n\u016agis (cm): 72<br \/>\nGylis (cm): 30<\/p>","protected":false},"featured_media":157038,"comment_status":"open","ping_status":"open","template":"","meta":[],"product_brand":[],"product_cat":[9444,4106,9118],"product_tag":[],"class_list":{"0":"post-157037","1":"product","2":"type-product","3":"status-publish","4":"has-post-thumbnail","6":"product_cat-kitchen-system-prowansja-sosna-andersen","7":"product_cat-gala-meble","8":"product_cat-kitchen-cabinets","10":"first","11":"instock","12":"purchasable","13":"product-type-simple"},"_links":{"self":[{"href":"https:\/\/baldumarket.lt\/lt\/wp-json\/wp\/v2\/product\/157037","targetHints":{"allow":["GET"]}}],"collection":[{"href":"https:\/\/baldumarket.lt\/lt\/wp-json\/wp\/v2\/product"}],"about":[{"href":"https:\/\/baldumarket.lt\/lt\/wp-json\/wp\/v2\/types\/product"}],"replies":[{"embeddable":true,"href":"https:\/\/baldumarket.lt\/lt\/wp-json\/wp\/v2\/comments?post=157037"}],"wp:featuredmedia":[{"embeddable":true,"href":"https:\/\/baldumarket.lt\/lt\/wp-json\/wp\/v2\/media\/157038"}],"wp:attachment":[{"href":"https:\/\/baldumarket.lt\/lt\/wp-json\/wp\/v2\/media?parent=157037"}],"wp:term":[{"taxonomy":"product_brand","embeddable":true,"href":"https:\/\/baldumarket.lt\/lt\/wp-json\/wp\/v2\/product_brand?post=157037"},{"taxonomy":"product_cat","embeddable":true,"href":"https:\/\/baldumarket.lt\/lt\/wp-json\/wp\/v2\/product_cat?post=157037"},{"taxonomy":"product_tag","embeddable":true,"href":"https:\/\/baldumarket.lt\/lt\/wp-json\/wp\/v2\/product_tag?post=157037"}],"curies":[{"name":"wp","href":"https:\/\/api.w.org\/{rel}","templated":true}]}}