{"id":157034,"date":"2025-12-18T23:16:56","date_gmt":"2025-12-18T20:16:56","guid":{"rendered":"https:\/\/baldumarket.lt\/product\/szafka-kuchenna-gorna-otwarta-w20o-sycylia-andersen\/"},"modified":"2026-02-06T12:47:21","modified_gmt":"2026-02-06T09:47:21","slug":"szafka-kuchenna-gorna-otwarta-w20o-sycylia-andersen","status":"publish","type":"product","link":"https:\/\/baldumarket.lt\/lt\/product\/szafka-kuchenna-gorna-otwarta-w20o-sycylia-andersen\/","title":{"rendered":"Vir\u0161utin\u0117 atvira virtuv\u0117s spintel\u0117 W20O Sicily Andersen"},"content":{"rendered":"<p>Atraskite unikali\u0105 savo virtuv\u0117s atmosfer\u0105 su \u201eAndersen W20O Sycylia\u201c atvira virtuv\u0117s spintele. \u0160i spintel\u0117 yra ne tik funkcionalus baldas, bet ir estetinis papildymas, kuris suteiks j\u016bs\u0173 interjerui elegancijos. Minimalistinis dizainas su matine balta apdaila puikiai dera tiek su moderniu, tiek su klasikiniu interjeru, suteikdamas gaivumo ir erdvumo poj\u016bt\u012f.<\/p>\n<p>D\u0117l siauro 20 cm plo\u010dio spintel\u0117 idealiai tinka ma\u017eoms erdv\u0117ms, kur kiekvienas centimetras yra vertingas. Atviras dizainas leid\u017eia k\u016brybi\u0161kai eksponuoti m\u0117gstamas l\u0117k\u0161tes, puodelius ir virtuv\u0117s dekoracijas, tod\u0117l kiekvienas apsilankymas virtuv\u0117je bus malonus. Funkcionalumas ir estetika \u010dia dera tarpusavyje, si\u016blant sprendim\u0105, atitinkant\u012f \u0161iuolaikinio vartotojo poreikius.<\/p>\n<p>Laminuotos plok\u0161t\u0117s naudojimas kaip korpuso med\u017eiaga garantuoja ne tik ilgaam\u017ei\u0161kum\u0105, bet ir lengv\u0105 valym\u0105. \u201eAndersen Sycylia\u201c virtuv\u0117s spintel\u0117 su atvira stalvir\u0161iu yra gerai apgalvotas produktas, u\u017etikrinantis patogum\u0105 kasdieniam naudojimui. Lengvas dizainas, sveriantis tik 7,3 kg, leid\u017eia lengvai surinkti, tod\u0117l galutiniu rezultatu gal\u0117site d\u017eiaugtis akimirksniu.<\/p>\n<p>Savo rankomis gamindami ne tik sutaupysite pinig\u0173, bet ir pajusite pasitenkinim\u0105, kad savo rankomis pagaminsite gra\u017e\u0173 virtuv\u0117s aksesuar\u0105. Vir\u0161utin\u0117 spintel\u0117 \u201eW20O Sycylia Andersen\u201c, kuri\u0105 gamina \u201eGa\u0142a Meble\u201c, yra ne tik dekoratyvinis elementas, bet ir j\u016bs\u0173 stiliaus bei prakti\u0161kumo pavyzdys. Suteikite savo virtuvei unikal\u0173 dizain\u0105, kuris patenkins kiekvien\u0105 estetin\u012f poj\u016bt\u012f, ir kiekvienas valgis taps unikalia patirtimi.<\/p>","protected":false},"excerpt":{"rendered":"<p>Plotis (cm): 20<br \/>\n\u016agis (cm): 72<br \/>\nGylis (cm): 30<\/p>","protected":false},"featured_media":157035,"comment_status":"open","ping_status":"open","template":"","meta":[],"product_brand":[],"product_cat":[9440,9441,4106,9118],"product_tag":[],"class_list":{"0":"post-157034","1":"product","2":"type-product","3":"status-publish","4":"has-post-thumbnail","6":"product_cat-kitchen-system-sycylia-sosna-andersen","7":"product_cat-white","8":"product_cat-gala-meble","9":"product_cat-kitchen-cabinets","11":"first","12":"instock","13":"purchasable","14":"product-type-simple"},"_links":{"self":[{"href":"https:\/\/baldumarket.lt\/lt\/wp-json\/wp\/v2\/product\/157034","targetHints":{"allow":["GET"]}}],"collection":[{"href":"https:\/\/baldumarket.lt\/lt\/wp-json\/wp\/v2\/product"}],"about":[{"href":"https:\/\/baldumarket.lt\/lt\/wp-json\/wp\/v2\/types\/product"}],"replies":[{"embeddable":true,"href":"https:\/\/baldumarket.lt\/lt\/wp-json\/wp\/v2\/comments?post=157034"}],"wp:featuredmedia":[{"embeddable":true,"href":"https:\/\/baldumarket.lt\/lt\/wp-json\/wp\/v2\/media\/157035"}],"wp:attachment":[{"href":"https:\/\/baldumarket.lt\/lt\/wp-json\/wp\/v2\/media?parent=157034"}],"wp:term":[{"taxonomy":"product_brand","embeddable":true,"href":"https:\/\/baldumarket.lt\/lt\/wp-json\/wp\/v2\/product_brand?post=157034"},{"taxonomy":"product_cat","embeddable":true,"href":"https:\/\/baldumarket.lt\/lt\/wp-json\/wp\/v2\/product_cat?post=157034"},{"taxonomy":"product_tag","embeddable":true,"href":"https:\/\/baldumarket.lt\/lt\/wp-json\/wp\/v2\/product_tag?post=157034"}],"curies":[{"name":"wp","href":"https:\/\/api.w.org\/{rel}","templated":true}]}}