{"id":157031,"date":"2025-12-18T23:16:51","date_gmt":"2025-12-18T20:16:51","guid":{"rendered":"https:\/\/baldumarket.lt\/product\/szafka-kuchenna-gorna-otwarta-w20o-sycylia-orzech\/"},"modified":"2026-02-06T14:33:03","modified_gmt":"2026-02-06T11:33:03","slug":"szafka-kuchenna-gorna-otwarta-w20o-sycylia-orzech","status":"publish","type":"product","link":"https:\/\/baldumarket.lt\/lt\/product\/szafka-kuchenna-gorna-otwarta-w20o-sycylia-orzech\/","title":{"rendered":"Vir\u0161utin\u0117 atvira virtuv\u0117s spintel\u0117 W20O Sicily Walnut"},"content":{"rendered":"<p>Atraskite elegancijos ir funkcionalumo magij\u0105 su atviro plano virtuv\u0117s spintele i\u0161 \u201eSicily\u201c kolekcijos. \u0160is sprendimas skirtas tiems, kurie kasdieniame gyvenime vertina ir estetik\u0105, ir prakti\u0161kum\u0105. Stilingas dizainas su laminuotu Milano rie\u0161uto spalvos pavir\u0161iumi suteiks \u017eavesio bet kuriai virtuvei, sukurdamas harmoning\u0105 ir jauk\u0173 interjer\u0105.<\/p>\n<p>Minimalistinis spintel\u0117s dizainas puikiai dera tiek prie modernaus, tiek prie klasikinio interjero, suteikdamas jai rafinuoto elegancijos prisilietim\u0105. Kompakti\u0161ki matmenys puikiai tinka ma\u017eesn\u0117ms virtuv\u0117ms, kur svarbus kiekvienas centimetras, be to, joje yra daug vietos m\u0117gstamiausiems virtuv\u0117s reikmenims ir prieskoniams.<\/p>\n<p>Funkcionalumas yra dar vienas \u0161ios virtuv\u0117s spintel\u0117s privalumas. Atviras dizainas leid\u017eia greitai pasiekti laikomus daiktus, o tai \u017eymiai supaprastina kasdien\u012f virtuv\u0117s naudojim\u0105. \u012esivaizduokite, kaip patogu, kai viskas yra po ranka, tvarkingai ir esteti\u0161kai i\u0161d\u0117styta.<\/p>\n<p>\u0160ios spintel\u0117s surinkimas yra grynas malonumas \u2013 gaminys pristatomas surinktas savaranki\u0161kai, taip taupant J\u016bs\u0173 laik\u0105 ir patenkinant asmeninius pageidavimus. \u201eGa\u0142a Meble\u201c prek\u0117s \u017eenklas garantuoja auk\u0161t\u0105 gamybos kokyb\u0119 ir u\u017etikriname, kad jos buvimas J\u016bs\u0173 virtuv\u0117je teiks d\u017eiaugsm\u0105 ir pasitenkinim\u0105 kiekvien\u0105 dien\u0105.<\/p>","protected":false},"excerpt":{"rendered":"<p>Plotis (cm): 20<br \/>\n\u016agis (cm): 72<br \/>\nGylis (cm): 30<\/p>","protected":false},"featured_media":157032,"comment_status":"open","ping_status":"open","template":"","meta":[],"product_brand":[],"product_cat":[9450,4106,9118],"product_tag":[],"class_list":{"0":"post-157031","1":"product","2":"type-product","3":"status-publish","4":"has-post-thumbnail","6":"product_cat-kitchen-system-sycylia-orzech-milano","7":"product_cat-gala-meble","8":"product_cat-kitchen-cabinets","10":"first","11":"instock","12":"purchasable","13":"product-type-simple"},"_links":{"self":[{"href":"https:\/\/baldumarket.lt\/lt\/wp-json\/wp\/v2\/product\/157031","targetHints":{"allow":["GET"]}}],"collection":[{"href":"https:\/\/baldumarket.lt\/lt\/wp-json\/wp\/v2\/product"}],"about":[{"href":"https:\/\/baldumarket.lt\/lt\/wp-json\/wp\/v2\/types\/product"}],"replies":[{"embeddable":true,"href":"https:\/\/baldumarket.lt\/lt\/wp-json\/wp\/v2\/comments?post=157031"}],"wp:featuredmedia":[{"embeddable":true,"href":"https:\/\/baldumarket.lt\/lt\/wp-json\/wp\/v2\/media\/157032"}],"wp:attachment":[{"href":"https:\/\/baldumarket.lt\/lt\/wp-json\/wp\/v2\/media?parent=157031"}],"wp:term":[{"taxonomy":"product_brand","embeddable":true,"href":"https:\/\/baldumarket.lt\/lt\/wp-json\/wp\/v2\/product_brand?post=157031"},{"taxonomy":"product_cat","embeddable":true,"href":"https:\/\/baldumarket.lt\/lt\/wp-json\/wp\/v2\/product_cat?post=157031"},{"taxonomy":"product_tag","embeddable":true,"href":"https:\/\/baldumarket.lt\/lt\/wp-json\/wp\/v2\/product_tag?post=157031"}],"curies":[{"name":"wp","href":"https:\/\/api.w.org\/{rel}","templated":true}]}}