{"id":157027,"date":"2025-12-18T23:16:43","date_gmt":"2025-12-18T20:16:43","guid":{"rendered":"https:\/\/baldumarket.lt\/product\/szafka-kuchenna-gorna-sorento-g60-p-l-bialy-green\/"},"modified":"2026-02-18T11:07:42","modified_gmt":"2026-02-18T08:07:42","slug":"szafka-kuchenna-gorna-sorento-g60-p-l-bialy-green","status":"publish","type":"product","link":"https:\/\/baldumarket.lt\/lt\/product\/szafka-kuchenna-gorna-sorento-g60-p-l-bialy-green\/","title":{"rendered":"Sorento G60 vir\u0161utin\u0117 virtuv\u0117s spintel\u0117, baltai \u017ealia, su langais"},"content":{"rendered":"<p>Suteikite savo virtuvei gaivumo ir elegancijos su garsaus prek\u0117s \u017eenklo \u201eGa\u0142a Meble\u201c vir\u0161utine virtuv\u0117s spintele \u201eSorento G60\u201c. Minimalistinis dizainas, kuriame derinamas matinis baltas ir ry\u0161kiai \u017ealias fasadas, yra puikus sprendimas tiems, kurie nori savo virtuv\u0117s erdvei suteikti spalv\u0173 ir stiliaus. \u0160i spintel\u0117 ne tik \u017eavi estetiniu patrauklumu, bet ir puikiai dera su \u0161iuolaikin\u0117mis interjero dizaino tendencijomis.<\/p>\n<p>\u201eSorento G60\u201c spintel\u0117 yra ne tik ak\u012f traukiantis dizaino elementas, bet ir funkcionalus baldas, kuriame lengvai tilps visi b\u016btini virtuv\u0117s reikmenys. Dviej\u0173 reguliuojam\u0173 lentyn\u0173 d\u0117ka galite pritaikyti interjer\u0105 pagal savo poreikius, laikydami visk\u0105 \u2013 nuo l\u0117k\u0161\u010di\u0173 ir prieskoni\u0173 iki \u012fvairi\u0173 stalo \u012franki\u0173. \u0160velniai u\u017esidarantys \u201eClip-On\u201c vyriai naudojim\u0105 paver\u010dia malonumu, o ne vargais \u2013 pamir\u0161kite triuk\u0161ming\u0105 dureli\u0173 atidarym\u0105 ir u\u017edarym\u0105.<\/p>\n<p>Spintel\u0117 taip pat pasi\u017eymi i\u0161skirtiniu atsparumu pa\u017eeidimams, nes naudojama 18 mm storio laminuota plok\u0161t\u0117. Tai garantuoja ilgaam\u017ei\u0161kum\u0105 ir ilgamet\u012f malonum\u0105. Universalus dizainas leid\u017eia montuoti duris tiek kair\u0117je, tiek de\u0161in\u0117je pus\u0117je, suteikdamas jums visi\u0161k\u0105 laisv\u0119 \u012frengti virtuv\u0119. Komplekte taip pat yra reguliuojamas pakabukas ir juostel\u0117, kad b\u016bt\u0173 lengva montuoti.<\/p>\n<p>Paverskite savo virtuv\u0119 erdve, alsuojan\u010dia stiliumi ir funkcionalumu! Vir\u0161utin\u0117 virtuv\u0117s spintel\u0117 \u201eSorento G60\u201c \u2013 puikus pasirinkimas tiems, kurie vertina estetikos ir prakti\u0161kumo derin\u012f. Atraskite naujas dizaino galimybes ir paverskite maisto gaminim\u0105 dar malonesniu su gra\u017eia, bet prakti\u0161ka spintele, kuri papuo\u0161 j\u016bs\u0173 virtuv\u0117s interjer\u0105.<\/p>","protected":false},"excerpt":{"rendered":"<p>Plotis (cm): 60<br \/>\n\u016agis (cm): 100<br \/>\nGylis (cm): 32<\/p>","protected":false},"featured_media":157028,"comment_status":"open","ping_status":"open","template":"","meta":[],"product_brand":[],"product_cat":[9436,4106],"product_tag":[],"class_list":{"0":"post-157027","1":"product","2":"type-product","3":"status-publish","4":"has-post-thumbnail","6":"product_cat-kitchen-system-sorento","7":"product_cat-gala-meble","9":"first","10":"instock","11":"purchasable","12":"product-type-simple"},"_links":{"self":[{"href":"https:\/\/baldumarket.lt\/lt\/wp-json\/wp\/v2\/product\/157027","targetHints":{"allow":["GET"]}}],"collection":[{"href":"https:\/\/baldumarket.lt\/lt\/wp-json\/wp\/v2\/product"}],"about":[{"href":"https:\/\/baldumarket.lt\/lt\/wp-json\/wp\/v2\/types\/product"}],"replies":[{"embeddable":true,"href":"https:\/\/baldumarket.lt\/lt\/wp-json\/wp\/v2\/comments?post=157027"}],"wp:featuredmedia":[{"embeddable":true,"href":"https:\/\/baldumarket.lt\/lt\/wp-json\/wp\/v2\/media\/157028"}],"wp:attachment":[{"href":"https:\/\/baldumarket.lt\/lt\/wp-json\/wp\/v2\/media?parent=157027"}],"wp:term":[{"taxonomy":"product_brand","embeddable":true,"href":"https:\/\/baldumarket.lt\/lt\/wp-json\/wp\/v2\/product_brand?post=157027"},{"taxonomy":"product_cat","embeddable":true,"href":"https:\/\/baldumarket.lt\/lt\/wp-json\/wp\/v2\/product_cat?post=157027"},{"taxonomy":"product_tag","embeddable":true,"href":"https:\/\/baldumarket.lt\/lt\/wp-json\/wp\/v2\/product_tag?post=157027"}],"curies":[{"name":"wp","href":"https:\/\/api.w.org\/{rel}","templated":true}]}}