{"id":157024,"date":"2025-12-18T23:16:37","date_gmt":"2025-12-18T20:16:37","guid":{"rendered":"https:\/\/baldumarket.lt\/product\/szafka-kuchenna-gorna-sorento-w15-baltic-storm\/"},"modified":"2026-02-18T11:07:42","modified_gmt":"2026-02-18T08:07:42","slug":"szafka-kuchenna-gorna-sorento-w15-baltic-storm","status":"publish","type":"product","link":"https:\/\/baldumarket.lt\/lt\/product\/szafka-kuchenna-gorna-sorento-w15-baltic-storm\/","title":{"rendered":"Vir\u0161utin\u0117 virtuv\u0117s spintel\u0117 Sorento W15 Baltic Storm"},"content":{"rendered":"<p>Atraskite nepaprast\u0105 elegancij\u0105 su \u201eSorento W15\u201c vir\u0161utine virtuv\u0117s spintele, kurios spintel\u0117 pasi\u017eymi nuostabiu \u201eBaltic Storm\u201c atspalviu ir paver\u010dia j\u016bs\u0173 virtuv\u0119 stilinga nam\u0173 \u0161irdimi. I\u0161skirtinai plona ir gra\u017eaus dizaino \u0161i spintel\u0117 suteikia j\u016bs\u0173 namams erdvumo ir modernumo. Beveik metro auk\u0161\u010dio ji pasi\u017eymi \u012fsp\u016bdinga i\u0161vaizda, i\u0161laikydama subtil\u0173 minimalistin\u012f dizain\u0105.<\/p>\n<p>\u201eBaltic Storm\u201c spalva \u2013 tai sodrus, sodrus atspalvis, primenantis ramias j\u016bros gelmes. Ji puikiai dera su \u012fvairiomis spalv\u0173 schemomis ir suteikia universalumo virtuv\u0117s dizainui. Unikali apdaila paver\u010dia \u0161i\u0105 virtuv\u0117s spintel\u0119 ak\u012f traukian\u010dia ir ry\u0161kia \u0161iuolaikinio interjero detale.<\/p>\n<p>Be nuostabios i\u0161vaizdos, \u201eSorento W15\u201c spintel\u0117 yra ir labai funkcionali. Ji turi septynias lentynas, tod\u0117l puikiai tinka g\u0117rim\u0173 laikymui, tod\u0117l m\u0117gstami buteliai ar stiklainiai bus lengvai pasiekiami. Lengva laminuotos plok\u0161t\u0117s konstrukcija leid\u017eia spintel\u0119 lengvai surinkti, tod\u0117l j\u0105 galima greitai ir lengvai integruoti \u012f bet kok\u012f virtuv\u0117s dizain\u0105.<\/p>\n<p>Be to, spintel\u0117 pasi\u017eymi b\u016btinu patvarumu d\u0117l atsparios pa\u017eeidimams 18 mm storio lentos. Reguliuojami pakabos ir juostel\u0117 supaprastina surinkim\u0105, u\u017etikrina stabilum\u0105 ir saugum\u0105. \u201eSorento W15\u201c virtuv\u0117s spintel\u0117 yra ne tik gra\u017ei, bet ir funkcionalus priedas, kuris atlaikys kasdienius i\u0161\u0161\u016bkius ir papuo\u0161 bet kuri\u0105 virtuv\u0119. Rinkit\u0117s prieinam\u0105 prabang\u0105 ir suteikite savo namams elegancijos jau \u0161iandien!<\/p>","protected":false},"excerpt":{"rendered":"<p>Plotis (cm): 15<br \/>\n\u016agis (cm): 98,5<br \/>\nGylis (cm): 30<\/p>","protected":false},"featured_media":157025,"comment_status":"open","ping_status":"open","template":"","meta":[],"product_brand":[],"product_cat":[9436,4106],"product_tag":[],"class_list":{"0":"post-157024","1":"product","2":"type-product","3":"status-publish","4":"has-post-thumbnail","6":"product_cat-kitchen-system-sorento","7":"product_cat-gala-meble","9":"first","10":"instock","11":"purchasable","12":"product-type-simple"},"_links":{"self":[{"href":"https:\/\/baldumarket.lt\/lt\/wp-json\/wp\/v2\/product\/157024","targetHints":{"allow":["GET"]}}],"collection":[{"href":"https:\/\/baldumarket.lt\/lt\/wp-json\/wp\/v2\/product"}],"about":[{"href":"https:\/\/baldumarket.lt\/lt\/wp-json\/wp\/v2\/types\/product"}],"replies":[{"embeddable":true,"href":"https:\/\/baldumarket.lt\/lt\/wp-json\/wp\/v2\/comments?post=157024"}],"wp:featuredmedia":[{"embeddable":true,"href":"https:\/\/baldumarket.lt\/lt\/wp-json\/wp\/v2\/media\/157025"}],"wp:attachment":[{"href":"https:\/\/baldumarket.lt\/lt\/wp-json\/wp\/v2\/media?parent=157024"}],"wp:term":[{"taxonomy":"product_brand","embeddable":true,"href":"https:\/\/baldumarket.lt\/lt\/wp-json\/wp\/v2\/product_brand?post=157024"},{"taxonomy":"product_cat","embeddable":true,"href":"https:\/\/baldumarket.lt\/lt\/wp-json\/wp\/v2\/product_cat?post=157024"},{"taxonomy":"product_tag","embeddable":true,"href":"https:\/\/baldumarket.lt\/lt\/wp-json\/wp\/v2\/product_tag?post=157024"}],"curies":[{"name":"wp","href":"https:\/\/api.w.org\/{rel}","templated":true}]}}