{"id":157021,"date":"2025-12-18T23:16:32","date_gmt":"2025-12-18T20:16:32","guid":{"rendered":"https:\/\/baldumarket.lt\/product\/szafka-kuchenna-gorna-sorento-w15-bialy-mat\/"},"modified":"2026-02-18T11:07:42","modified_gmt":"2026-02-18T08:07:42","slug":"szafka-kuchenna-gorna-sorento-w15-bialy-mat","status":"publish","type":"product","link":"https:\/\/baldumarket.lt\/lt\/product\/szafka-kuchenna-gorna-sorento-w15-bialy-mat\/","title":{"rendered":"\u201eSorento W15\u201c vir\u0161utin\u0117 virtuv\u0117s spintel\u0117, matin\u0117 balta"},"content":{"rendered":"<p>Pakeiskite savo virtuv\u0119, suteikdami jai modernumo ir minimalistinio \u017eavesio su eleganti\u0161ka \u201eSorento W15\u201c vir\u0161utine virtuv\u0117s spintele. Pagaminta su rafinuota matine balta apdaila, ji puikiai dera su \u0161iuolaikin\u0117mis dizaino tendencijomis. \u0160is sprendimas puikiai tinka tiems, kurie vertina paprastas linijas ir \u0161vari\u0105 estetik\u0105, skland\u017eiai \u012fsiliejan\u010di\u0105 \u012f bet koki\u0105 virtuv\u0117s erdv\u0119.<\/p>\n<p>Paverskite savo virtuv\u0119 vieta, kur funkcionalumas dera su i\u0161skirtiniu stiliumi. D\u0117l savo eleganti\u0161ko dyd\u017eio ir kompakti\u0161ko 15 cm plo\u010dio \u0161i spintel\u0117 lengvai telpa bet kurioje erdv\u0117je, jos vizualiai neu\u017ego\u017edama. Universalus dizainas leid\u017eia jai skland\u017eiai susilieti su kitais interjero elementais, sukuriant harmoning\u0105 visum\u0105.<\/p>\n<p>Spintel\u0117s korpusui naudojama laminuota plok\u0161t\u0117 garantuoja ilgaam\u017ei\u0161kum\u0105 ir atsparum\u0105 kasdieniam naudojimui. \u0160i med\u017eiaga u\u017etikrina, kad gaminys b\u016bt\u0173 ne tik esteti\u0161kai patrauklus, bet ir patvarus. D\u0117l to \u201eSorento\u201c spintel\u0117 yra investicija, kuri atlaikys laiko i\u0161bandym\u0105 ir bus lengvai valoma.<\/p>\n<p>Savaranki\u0161kas surinkimas rei\u0161kia ne tik sutaupym\u0105, bet ir pasitenkinim\u0105 kuriant unikal\u0173 virtuv\u0117s dizain\u0105. Paprastas dizainas ir pridedamos tvirtinimo detal\u0117s, tokios kaip reguliuojamas pakabos ir juostel\u0117, leid\u017eia greitai ir lengvai surinkti baldus. I\u0161laisvinkite savo virtuv\u0117s potencial\u0105 su \u201eSorento W15\u201c spintele ir m\u0117gaukit\u0117s erdve, kurioje dera gro\u017eis ir prakti\u0161kumas.<\/p>","protected":false},"excerpt":{"rendered":"<p>Plotis (cm): 15<br \/>\n\u016agis (cm): 98,5<br \/>\nGylis (cm): 30<\/p>","protected":false},"featured_media":157022,"comment_status":"open","ping_status":"open","template":"","meta":[],"product_brand":[],"product_cat":[9436,4106],"product_tag":[],"class_list":{"0":"post-157021","1":"product","2":"type-product","3":"status-publish","4":"has-post-thumbnail","6":"product_cat-kitchen-system-sorento","7":"product_cat-gala-meble","9":"first","10":"instock","11":"purchasable","12":"product-type-simple"},"_links":{"self":[{"href":"https:\/\/baldumarket.lt\/lt\/wp-json\/wp\/v2\/product\/157021","targetHints":{"allow":["GET"]}}],"collection":[{"href":"https:\/\/baldumarket.lt\/lt\/wp-json\/wp\/v2\/product"}],"about":[{"href":"https:\/\/baldumarket.lt\/lt\/wp-json\/wp\/v2\/types\/product"}],"replies":[{"embeddable":true,"href":"https:\/\/baldumarket.lt\/lt\/wp-json\/wp\/v2\/comments?post=157021"}],"wp:featuredmedia":[{"embeddable":true,"href":"https:\/\/baldumarket.lt\/lt\/wp-json\/wp\/v2\/media\/157022"}],"wp:attachment":[{"href":"https:\/\/baldumarket.lt\/lt\/wp-json\/wp\/v2\/media?parent=157021"}],"wp:term":[{"taxonomy":"product_brand","embeddable":true,"href":"https:\/\/baldumarket.lt\/lt\/wp-json\/wp\/v2\/product_brand?post=157021"},{"taxonomy":"product_cat","embeddable":true,"href":"https:\/\/baldumarket.lt\/lt\/wp-json\/wp\/v2\/product_cat?post=157021"},{"taxonomy":"product_tag","embeddable":true,"href":"https:\/\/baldumarket.lt\/lt\/wp-json\/wp\/v2\/product_tag?post=157021"}],"curies":[{"name":"wp","href":"https:\/\/api.w.org\/{rel}","templated":true}]}}