{"id":157016,"date":"2025-12-18T23:16:21","date_gmt":"2025-12-18T20:16:21","guid":{"rendered":"https:\/\/baldumarket.lt\/product\/szafka-kuchenna-gorna-witryna-1-drzwiowa-g30s-linea-white-bialy-mat\/"},"modified":"2026-02-08T12:57:32","modified_gmt":"2026-02-08T09:57:32","slug":"szafka-kuchenna-gorna-witryna-1-drzwiowa-g30s-linea-white-bialy-mat","status":"publish","type":"product","link":"https:\/\/baldumarket.lt\/lt\/product\/szafka-kuchenna-gorna-witryna-1-drzwiowa-g30s-linea-white-bialy-mat\/","title":{"rendered":"Vir\u0161utin\u0117 virtuv\u0117s spintel\u0117, 1 dur\u0173, vitrina, G30S, balta, matin\u0117, balta"},"content":{"rendered":"<p>Atraskite elegancij\u0105 ir funkcionalum\u0105 su vienu i\u0161 m\u016bs\u0173 i\u0161skirtini\u0173 gamini\u0173 \u2013 \u201eLinea White G30S\u201c vien\u0173 dur\u0173 vir\u0161utine vitrina virtuv\u0117s spintele. Matin\u0117 balta i\u0161vaizda suteikia j\u016bs\u0173 virtuv\u0117s erdvei lengvumo ir modernumo. D\u0117l auksini\u0173 metalini\u0173 ranken\u0117li\u0173 spintel\u0117 pasi\u017eymi subtilia, ta\u010diau rafinuota estetika, kuri puikiai dera prie \u012fvairi\u0173 interjero stili\u0173. Matinis MDF fasadas ne tik suteikia spintelei prabangi\u0105 i\u0161vaizd\u0105, bet ir yra atsparus kasdieniam naudojimui. Apgalvotai suprojektuota kiekviena detal\u0117, \u0161i spintel\u0117 pasi\u017eymi moderniu dizainu, derinamu su klasikiniu funkcionalumu. D\u0117l kompakti\u0161ko dyd\u017eio ji idealiai tinka ma\u017eesn\u0117ms virtuv\u0117ms, nes suteikia erdv\u0117s poj\u016bt\u012f. \u0160io gaminio funkcionalumas nesibaigia estetika. \u0160velniai u\u017esidarantys vyriai u\u017etikrina komfort\u0105 ir patogum\u0105 kasdien naudojant, pa\u0161alindami nemalonius girg\u017ed\u0117jimo garsus. Tai kiekvien\u0105 virtuv\u0117je praleist\u0105 akimirk\u0105 paver\u010dia malonesne ir harmoningesne.<\/p>","protected":false},"excerpt":{"rendered":"<p>Plotis (cm): 30<br \/>\n\u016agis (cm): 72<br \/>\nGylis (cm): 32<\/p>","protected":false},"featured_media":157017,"comment_status":"open","ping_status":"open","template":"","meta":[],"product_brand":[],"product_cat":[9446,4106,9118],"product_tag":[],"class_list":{"0":"post-157016","1":"product","2":"type-product","3":"status-publish","4":"has-post-thumbnail","6":"product_cat-kitchen-system-linea-white","7":"product_cat-gala-meble","8":"product_cat-kitchen-cabinets","10":"first","11":"instock","12":"purchasable","13":"product-type-simple"},"_links":{"self":[{"href":"https:\/\/baldumarket.lt\/lt\/wp-json\/wp\/v2\/product\/157016","targetHints":{"allow":["GET"]}}],"collection":[{"href":"https:\/\/baldumarket.lt\/lt\/wp-json\/wp\/v2\/product"}],"about":[{"href":"https:\/\/baldumarket.lt\/lt\/wp-json\/wp\/v2\/types\/product"}],"replies":[{"embeddable":true,"href":"https:\/\/baldumarket.lt\/lt\/wp-json\/wp\/v2\/comments?post=157016"}],"wp:featuredmedia":[{"embeddable":true,"href":"https:\/\/baldumarket.lt\/lt\/wp-json\/wp\/v2\/media\/157017"}],"wp:attachment":[{"href":"https:\/\/baldumarket.lt\/lt\/wp-json\/wp\/v2\/media?parent=157016"}],"wp:term":[{"taxonomy":"product_brand","embeddable":true,"href":"https:\/\/baldumarket.lt\/lt\/wp-json\/wp\/v2\/product_brand?post=157016"},{"taxonomy":"product_cat","embeddable":true,"href":"https:\/\/baldumarket.lt\/lt\/wp-json\/wp\/v2\/product_cat?post=157016"},{"taxonomy":"product_tag","embeddable":true,"href":"https:\/\/baldumarket.lt\/lt\/wp-json\/wp\/v2\/product_tag?post=157016"}],"curies":[{"name":"wp","href":"https:\/\/api.w.org\/{rel}","templated":true}]}}