{"id":157011,"date":"2025-12-18T23:16:10","date_gmt":"2025-12-18T20:16:10","guid":{"rendered":"https:\/\/baldumarket.lt\/product\/szafka-kuchenna-gorna-witryna-1-drzwiowa-g30s-p-l-linea-grey-szary-mat\/"},"modified":"2026-02-18T11:32:59","modified_gmt":"2026-02-18T08:32:59","slug":"szafka-kuchenna-gorna-witryna-1-drzwiowa-g30s-p-l-linea-grey-szary-mat","status":"publish","type":"product","link":"https:\/\/baldumarket.lt\/lt\/product\/szafka-kuchenna-gorna-witryna-1-drzwiowa-g30s-p-l-linea-grey-szary-mat\/","title":{"rendered":"Vir\u0161utin\u0117 virtuv\u0117s spintel\u0117, 1 dur\u0173, vitrina, G30S, pilka, matin\u0117, Linea"},"content":{"rendered":"<p>\u012esivaizduokite virtuv\u0119, kurioje elegancija dera su funkcionalumu, o vietos taupymas yra svarbiausia. Vir\u0161utin\u0117 vitrina G30S virtuv\u0117s spintel\u0117 i\u0161 \u201eLinea Grey\u201c serijos, kuri\u0105 gamina \u201eGa\u0142a Meble\u201c, \u2013 tai sprendimas, kuris pateisins visus j\u016bs\u0173 l\u016bkes\u010dius. Blizgus pilkas priekis suteikia virtuvei modernumo ir rafinuoto stiliaus, skland\u017eiai \u012fsilieja \u012f bet kok\u012f interjer\u0105. Pagaminta i\u0161 auk\u0161tos kokyb\u0117s MDF, spintel\u0117 \u017eavi savo tvirtumu ir ilgaam\u017ei\u0161kumu. Subtilus, baltas korpusas su matiniu pavir\u0161iumi sukuria subtil\u0173 kontrast\u0105 su blizgiu priekiu. Tai ne tik puo\u0161ia, bet ir \u017eenkliai padidina virtuv\u0117s funkcionalum\u0105, suteikdama vietos j\u016bs\u0173 m\u0117gstamiausiems indams ir stiklin\u0117ms. 30 cm plo\u010dio ir 82 cm auk\u0161\u010dio spintel\u0117 puikiai tinka ma\u017eesn\u0117ms erdv\u0117ms, leid\u017eia maksimaliai i\u0161naudoti turim\u0105 erdv\u0119. D\u0117l ma\u017eo gylio ji puikiai telpa vir\u0161 stalvir\u0161io, taupydama verting\u0105 erdv\u0119 ir u\u017etikrindama patogi\u0105 prieig\u0105 prie laikom\u0173 daikt\u0173.<\/p>","protected":false},"excerpt":{"rendered":"<p>Plotis (cm): 30<br \/>\n\u016agis (cm): 82<br \/>\nGylis (cm): 47<\/p>","protected":false},"featured_media":157012,"comment_status":"open","ping_status":"open","template":"","meta":[],"product_brand":[],"product_cat":[9446,4106],"product_tag":[],"class_list":{"0":"post-157011","1":"product","2":"type-product","3":"status-publish","4":"has-post-thumbnail","6":"product_cat-kitchen-system-linea-white","7":"product_cat-gala-meble","9":"first","10":"instock","11":"purchasable","12":"product-type-simple"},"_links":{"self":[{"href":"https:\/\/baldumarket.lt\/lt\/wp-json\/wp\/v2\/product\/157011","targetHints":{"allow":["GET"]}}],"collection":[{"href":"https:\/\/baldumarket.lt\/lt\/wp-json\/wp\/v2\/product"}],"about":[{"href":"https:\/\/baldumarket.lt\/lt\/wp-json\/wp\/v2\/types\/product"}],"replies":[{"embeddable":true,"href":"https:\/\/baldumarket.lt\/lt\/wp-json\/wp\/v2\/comments?post=157011"}],"wp:featuredmedia":[{"embeddable":true,"href":"https:\/\/baldumarket.lt\/lt\/wp-json\/wp\/v2\/media\/157012"}],"wp:attachment":[{"href":"https:\/\/baldumarket.lt\/lt\/wp-json\/wp\/v2\/media?parent=157011"}],"wp:term":[{"taxonomy":"product_brand","embeddable":true,"href":"https:\/\/baldumarket.lt\/lt\/wp-json\/wp\/v2\/product_brand?post=157011"},{"taxonomy":"product_cat","embeddable":true,"href":"https:\/\/baldumarket.lt\/lt\/wp-json\/wp\/v2\/product_cat?post=157011"},{"taxonomy":"product_tag","embeddable":true,"href":"https:\/\/baldumarket.lt\/lt\/wp-json\/wp\/v2\/product_tag?post=157011"}],"curies":[{"name":"wp","href":"https:\/\/api.w.org\/{rel}","templated":true}]}}