{"id":157006,"date":"2025-12-18T23:16:01","date_gmt":"2025-12-18T20:16:01","guid":{"rendered":"https:\/\/baldumarket.lt\/product\/szafka-kuchenna-gorna-witryna-1-drzwiowa-g40s-linea-white-bialy-mat\/"},"modified":"2026-02-08T12:57:59","modified_gmt":"2026-02-08T09:57:59","slug":"szafka-kuchenna-gorna-witryna-1-drzwiowa-g40s-linea-white-bialy-mat","status":"publish","type":"product","link":"https:\/\/baldumarket.lt\/lt\/product\/szafka-kuchenna-gorna-witryna-1-drzwiowa-g40s-linea-white-bialy-mat\/","title":{"rendered":"Vir\u0161utin\u0117 virtuv\u0117s spintel\u0117, 1 dur\u0173, vitrina, G40S, balta, matin\u0117, balta"},"content":{"rendered":"<p>\u201eLinea White G40S\u201c vir\u0161utin\u0117 vitrina \u2013 tai tobulas elegancijos ir funkcionalumo derinys, suteikiantis j\u016bs\u0173 virtuvei unikalaus charakterio. Matin\u0117s baltos spalvos priekin\u0117 dalis ir korpusas suteikia interjerui lengvumo ir erdvumo poj\u016bt\u012f. Ji puikiai dera su moderniu interjeru, kuriame estetika yra tokia pat svarbi kaip ir komfortas. Stilingas baltas priekis, pagamintas i\u0161 MDF plok\u0161t\u0117s, ir laminuotos plok\u0161t\u0117s korpusas, praturtina kambar\u012f subtiliu, ta\u010diau nesenstan\u010diu dizainu. Auksin\u0117s metalin\u0117s ranken\u0117l\u0117s suteikia prabangos, kuri tikrai patrauks ak\u012f ir suteiks virtuvei unikalaus blizgesio. Tokios detal\u0117s kaip eleganti\u0161kos rankenos pabr\u0117\u017eia unikal\u0173 \u0161io baldo charakter\u012f. \u201eLinea White G40S\u201c ne tik \u017eavi savo i\u0161vaizda, bet ir stebina prakti\u0161kumu. Spintel\u0117 suteikia daug vietos daiktams laikyti, tod\u0117l tai puikus sprendimas laikyti visus b\u016btiniausius virtuv\u0117s reikmenis. D\u0117l tylaus u\u017edarymo technologijos tiek dureli\u0173 atidarymas, tiek u\u017edarymas vyksta be nereikalingo triuk\u0161mo, o tai padidina kasdienio naudojimo patogum\u0105.<\/p>","protected":false},"excerpt":{"rendered":"<p>Plotis (cm): 40<br \/>\n\u016agis (cm): 72<br \/>\nGylis (cm): 32<\/p>","protected":false},"featured_media":157007,"comment_status":"open","ping_status":"open","template":"","meta":[],"product_brand":[],"product_cat":[9446,4106,9118],"product_tag":[],"class_list":{"0":"post-157006","1":"product","2":"type-product","3":"status-publish","4":"has-post-thumbnail","6":"product_cat-kitchen-system-linea-white","7":"product_cat-gala-meble","8":"product_cat-kitchen-cabinets","10":"first","11":"instock","12":"purchasable","13":"product-type-simple"},"_links":{"self":[{"href":"https:\/\/baldumarket.lt\/lt\/wp-json\/wp\/v2\/product\/157006","targetHints":{"allow":["GET"]}}],"collection":[{"href":"https:\/\/baldumarket.lt\/lt\/wp-json\/wp\/v2\/product"}],"about":[{"href":"https:\/\/baldumarket.lt\/lt\/wp-json\/wp\/v2\/types\/product"}],"replies":[{"embeddable":true,"href":"https:\/\/baldumarket.lt\/lt\/wp-json\/wp\/v2\/comments?post=157006"}],"wp:featuredmedia":[{"embeddable":true,"href":"https:\/\/baldumarket.lt\/lt\/wp-json\/wp\/v2\/media\/157007"}],"wp:attachment":[{"href":"https:\/\/baldumarket.lt\/lt\/wp-json\/wp\/v2\/media?parent=157006"}],"wp:term":[{"taxonomy":"product_brand","embeddable":true,"href":"https:\/\/baldumarket.lt\/lt\/wp-json\/wp\/v2\/product_brand?post=157006"},{"taxonomy":"product_cat","embeddable":true,"href":"https:\/\/baldumarket.lt\/lt\/wp-json\/wp\/v2\/product_cat?post=157006"},{"taxonomy":"product_tag","embeddable":true,"href":"https:\/\/baldumarket.lt\/lt\/wp-json\/wp\/v2\/product_tag?post=157006"}],"curies":[{"name":"wp","href":"https:\/\/api.w.org\/{rel}","templated":true}]}}