{"id":157001,"date":"2025-12-18T23:15:51","date_gmt":"2025-12-18T20:15:51","guid":{"rendered":"https:\/\/baldumarket.lt\/product\/szafka-kuchenna-gorna-witryna-1-drzwiowa-g40s-p-l-linea-grey-szary-mat\/"},"modified":"2026-02-18T11:32:59","modified_gmt":"2026-02-18T08:32:59","slug":"szafka-kuchenna-gorna-witryna-1-drzwiowa-g40s-p-l-linea-grey-szary-mat","status":"publish","type":"product","link":"https:\/\/baldumarket.lt\/lt\/product\/szafka-kuchenna-gorna-witryna-1-drzwiowa-g40s-p-l-linea-grey-szary-mat\/","title":{"rendered":"Vir\u0161utin\u0117 virtuv\u0117s spintel\u0117, 1 dur\u0173, vitrina, G40S, pilka, matin\u0117, Linea"},"content":{"rendered":"<p>Suteikite savo virtuvei modernumo su m\u016bs\u0173 vir\u0161utine vitrina \u201eGa\u0142a Meble\u201c. Sukurta esteti\u0161kai ir funkcionaliai pagerinti j\u016bs\u0173 virtuv\u0117s erdv\u0119, ji pasi\u017eymi eleganti\u0161ku blizgios pilkos ir matin\u0117s baltos spalv\u0173 deriniu. D\u0117l savo plono dizaino \u201eLinea Grey\u201c spintel\u0117 puikiai dera prie bet kokio modernaus interjero, suteikdama jai rafinuotumo. \u0160i virtuv\u0117s spintel\u0117 puikiai suderina stili\u0173 ir prakti\u0161kum\u0105. Blizgi pilka MDF priekin\u0117 dalis traukia ak\u012f ir suteikia \u017eavesio, o matin\u0117s baltos spalvos korpusas suteikia ne tik elegancijos, bet ir patvarumo kasdieniam d\u0117v\u0117jimuisi. D\u0117l savo auk\u0161\u010dio ir gylio spintel\u0117 suteikia daug vietos vis\u0173 r\u016b\u0161i\u0173 virtuv\u0117s reikmenims laikyti, tuo pa\u010diu suma\u017einant jos u\u017eimam\u0105 plot\u0105. Prakti\u0161kumas yra svarbiausia, o d\u0117l savaime u\u017esidaran\u010di\u0173 vyri\u0173 dureli\u0173 atidarymas ir u\u017edarymas tampa malonumu. Nesvarbu, ar laikote stiklines, prieskonius, ar kitus virtuv\u0117s reikmenis, \u0161i virtuv\u0117s spintel\u0117 pad\u0117s jums stilingai sutvarkyti savo erdv\u0119. Be to, spintel\u0117s surinkimas yra paprastas ir gali b\u016bti lengvai atliekamas patiems, sukuriant malon\u0173 \u201epasidaryk pats\u201c projekt\u0105.<\/p>","protected":false},"excerpt":{"rendered":"<p>Plotis (cm): 40<br \/>\n\u016agis (cm): 72<br \/>\nGylis (cm): 32<\/p>","protected":false},"featured_media":157002,"comment_status":"open","ping_status":"open","template":"","meta":[],"product_brand":[],"product_cat":[9446,4106],"product_tag":[],"class_list":{"0":"post-157001","1":"product","2":"type-product","3":"status-publish","4":"has-post-thumbnail","6":"product_cat-kitchen-system-linea-white","7":"product_cat-gala-meble","9":"first","10":"instock","11":"purchasable","12":"product-type-simple"},"_links":{"self":[{"href":"https:\/\/baldumarket.lt\/lt\/wp-json\/wp\/v2\/product\/157001","targetHints":{"allow":["GET"]}}],"collection":[{"href":"https:\/\/baldumarket.lt\/lt\/wp-json\/wp\/v2\/product"}],"about":[{"href":"https:\/\/baldumarket.lt\/lt\/wp-json\/wp\/v2\/types\/product"}],"replies":[{"embeddable":true,"href":"https:\/\/baldumarket.lt\/lt\/wp-json\/wp\/v2\/comments?post=157001"}],"wp:featuredmedia":[{"embeddable":true,"href":"https:\/\/baldumarket.lt\/lt\/wp-json\/wp\/v2\/media\/157002"}],"wp:attachment":[{"href":"https:\/\/baldumarket.lt\/lt\/wp-json\/wp\/v2\/media?parent=157001"}],"wp:term":[{"taxonomy":"product_brand","embeddable":true,"href":"https:\/\/baldumarket.lt\/lt\/wp-json\/wp\/v2\/product_brand?post=157001"},{"taxonomy":"product_cat","embeddable":true,"href":"https:\/\/baldumarket.lt\/lt\/wp-json\/wp\/v2\/product_cat?post=157001"},{"taxonomy":"product_tag","embeddable":true,"href":"https:\/\/baldumarket.lt\/lt\/wp-json\/wp\/v2\/product_tag?post=157001"}],"curies":[{"name":"wp","href":"https:\/\/api.w.org\/{rel}","templated":true}]}}