{"id":156996,"date":"2025-12-18T23:15:41","date_gmt":"2025-12-18T20:15:41","guid":{"rendered":"https:\/\/baldumarket.lt\/product\/szafka-kuchenna-gorna-witryna-1-drzwiowa-g60ksn-linea-white-bialy-mat\/"},"modified":"2026-02-18T11:32:59","modified_gmt":"2026-02-18T08:32:59","slug":"szafka-kuchenna-gorna-witryna-1-drzwiowa-g60ksn-linea-white-bialy-mat","status":"publish","type":"product","link":"https:\/\/baldumarket.lt\/lt\/product\/szafka-kuchenna-gorna-witryna-1-drzwiowa-g60ksn-linea-white-bialy-mat\/","title":{"rendered":"Vir\u0161utin\u0117 virtuv\u0117s spintel\u0117, 1 dur\u0173, vitrina, G60KSN, \u201eLinea\u201c, balta, matin\u0117, balta"},"content":{"rendered":"<p>Vien\u0173 dureli\u0173 vir\u0161utin\u0117 vitrina \u201eLinea White\u201c \u2013 tikras perlas tarp moderni\u0173 virtuv\u0117s bald\u0173. Eleganti\u0161kas, matin\u0117s baltos spalvos fasad\u0173 ir korpuso pavir\u0161ius sukuria lengvumo ir erdv\u0117s poj\u016bt\u012f, puikiai papildydamas bet kok\u012f interjero dizain\u0105. Auksin\u0117s ranken\u0117l\u0117s suteikia subtilaus blizgesio ir prabangos, tod\u0117l \u0161i spintel\u0117 neabejotinai traukia ak\u012f ir suteikia unikal\u0173 charakter\u012f j\u016bs\u0173 virtuvei. Pagaminti i\u0161 auk\u0161tos kokyb\u0117s MDF, spinteli\u0173 fasadai yra ne tik esteti\u0161ki, bet ir patvar\u016bs. Matin\u0117 balta apdaila yra ne tik madinga, bet ir prakti\u0161ka, nes j\u0105 lengva valyti. Spintel\u0117 dera su kitais \u201eLinea White\u201c kolekcijos elementais, sukurdama darni\u0105 ir harmoning\u0105 visum\u0105. \u201eLinea White\u201c spintel\u0117 yra ne tik gra\u017ei, bet ir funkcionali j\u016bs\u0173 virtuv\u0117je. D\u0117l gerai apgalvoto i\u0161planavimo ji suteikia lengv\u0105 prieig\u0105 prie laikom\u0173 daikt\u0173, i\u0161laikant tvark\u0105. \u0160velniai u\u017esidarantys vyriai u\u017etikrina komfort\u0105, pa\u0161alina triuk\u0161m\u0105 ir padidina spintel\u0117s ilgaam\u017ei\u0161kum\u0105.<\/p>","protected":false},"excerpt":{"rendered":"<p>Plotis (cm): 60<br \/>\n\u016agis (cm): 36<br \/>\nGylis (cm): 32<\/p>","protected":false},"featured_media":156997,"comment_status":"open","ping_status":"open","template":"","meta":[],"product_brand":[],"product_cat":[9446,4106],"product_tag":[],"class_list":{"0":"post-156996","1":"product","2":"type-product","3":"status-publish","4":"has-post-thumbnail","6":"product_cat-kitchen-system-linea-white","7":"product_cat-gala-meble","9":"first","10":"instock","11":"purchasable","12":"product-type-simple"},"_links":{"self":[{"href":"https:\/\/baldumarket.lt\/lt\/wp-json\/wp\/v2\/product\/156996","targetHints":{"allow":["GET"]}}],"collection":[{"href":"https:\/\/baldumarket.lt\/lt\/wp-json\/wp\/v2\/product"}],"about":[{"href":"https:\/\/baldumarket.lt\/lt\/wp-json\/wp\/v2\/types\/product"}],"replies":[{"embeddable":true,"href":"https:\/\/baldumarket.lt\/lt\/wp-json\/wp\/v2\/comments?post=156996"}],"wp:featuredmedia":[{"embeddable":true,"href":"https:\/\/baldumarket.lt\/lt\/wp-json\/wp\/v2\/media\/156997"}],"wp:attachment":[{"href":"https:\/\/baldumarket.lt\/lt\/wp-json\/wp\/v2\/media?parent=156996"}],"wp:term":[{"taxonomy":"product_brand","embeddable":true,"href":"https:\/\/baldumarket.lt\/lt\/wp-json\/wp\/v2\/product_brand?post=156996"},{"taxonomy":"product_cat","embeddable":true,"href":"https:\/\/baldumarket.lt\/lt\/wp-json\/wp\/v2\/product_cat?post=156996"},{"taxonomy":"product_tag","embeddable":true,"href":"https:\/\/baldumarket.lt\/lt\/wp-json\/wp\/v2\/product_tag?post=156996"}],"curies":[{"name":"wp","href":"https:\/\/api.w.org\/{rel}","templated":true}]}}