{"id":156990,"date":"2025-12-18T23:15:28","date_gmt":"2025-12-18T20:15:28","guid":{"rendered":"https:\/\/baldumarket.lt\/product\/szafka-kuchenna-gorna-witryna-1-drzwiowa-g60ksn-prowansja-sosna-andersen-bialy-mat\/"},"modified":"2026-02-06T13:09:04","modified_gmt":"2026-02-06T10:09:04","slug":"szafka-kuchenna-gorna-witryna-1-drzwiowa-g60ksn-prowansja-sosna-andersen-bialy-mat","status":"publish","type":"product","link":"https:\/\/baldumarket.lt\/lt\/product\/szafka-kuchenna-gorna-witryna-1-drzwiowa-g60ksn-prowansja-sosna-andersen-bialy-mat\/","title":{"rendered":"Vir\u0161utin\u0117 virtuv\u0117s spintel\u0117, 1 dur\u0173, G60KSN, provanso pu\u0161is, Anderseno balta matin\u0117"},"content":{"rendered":"<p>Su vir\u0161utine vitrina G60KSN suteikite savo virtuvei \u0161ilto, Provanso interjero atmosferos. \u017davus dizainas, \u012fkv\u0117ptas Provanso regiono, primena idili\u0161k\u0105 Pranc\u016bzijos kaimo gro\u017e\u012f. Spintel\u0117 spinduliuoja elegancija d\u0117l subtilios Anderseno pu\u0161ies spalvos priekin\u0117je dalyje ir kontrastingos matin\u0117s baltos spalvos korpuso derinio, sukuriant \u0161viesos ir \u0161velnumo kupinas erdves. Atraskite prakti\u0161k\u0105j\u0105 savo virtuv\u0117s pus\u0119 su nepakei\u010diama \u0161ios stilingos vitrinos pagalba. Ji puikiai tinka eksponuoti m\u0117gstamus porcelianinius indus ar stiklinius aksesuarus, kurie nusipelno ypatingos vietos virtuv\u0117je. Vien\u0173 dureli\u0173 dizainas leid\u017eia greitai pasiekti laikomus daiktus, tod\u0117l kiekvienas kulinarinis procesas tampa patogesnis. \u0160is prakti\u0161kas sprendimas pagerins j\u016bs\u0173 kasdienyb\u0119, nes erdv\u0117 bus gerai sutvarkyta. Kruop\u0161\u010diai parinktos med\u017eiagos u\u017etikrina \u0161io baldo patvarum\u0105 ir ilgaam\u017ei\u0161kum\u0105. MDF priekin\u0117 dalis ir laminuotos plok\u0161t\u0117s korpusas yra modernaus patvarumo ir funkcionalumo i\u0161rai\u0161ka. Juodos metalin\u0117s rankenos suteikia elegancijos ir kontrasto, sukurdamos harmoning\u0105 visum\u0105, o metaliniai vyriai u\u017etikrina skland\u0173 dureli\u0173 atidarym\u0105 ir u\u017edarym\u0105. \u0160is estetikos ir prakti\u0161kumo derinys patenkins net ir i\u0161rankiausius vir\u0117jus.<\/p>","protected":false},"excerpt":{"rendered":"<p>Plotis (cm): 30<br \/>\n\u016agis (cm): 82<br \/>\nGylis (cm): 47<\/p>","protected":false},"featured_media":156991,"comment_status":"open","ping_status":"open","template":"","meta":[],"product_brand":[],"product_cat":[9444,9441,4106,9118],"product_tag":[],"class_list":{"0":"post-156990","1":"product","2":"type-product","3":"status-publish","4":"has-post-thumbnail","6":"product_cat-kitchen-system-prowansja-sosna-andersen","7":"product_cat-white","8":"product_cat-gala-meble","9":"product_cat-kitchen-cabinets","11":"first","12":"instock","13":"purchasable","14":"product-type-simple"},"_links":{"self":[{"href":"https:\/\/baldumarket.lt\/lt\/wp-json\/wp\/v2\/product\/156990","targetHints":{"allow":["GET"]}}],"collection":[{"href":"https:\/\/baldumarket.lt\/lt\/wp-json\/wp\/v2\/product"}],"about":[{"href":"https:\/\/baldumarket.lt\/lt\/wp-json\/wp\/v2\/types\/product"}],"replies":[{"embeddable":true,"href":"https:\/\/baldumarket.lt\/lt\/wp-json\/wp\/v2\/comments?post=156990"}],"wp:featuredmedia":[{"embeddable":true,"href":"https:\/\/baldumarket.lt\/lt\/wp-json\/wp\/v2\/media\/156991"}],"wp:attachment":[{"href":"https:\/\/baldumarket.lt\/lt\/wp-json\/wp\/v2\/media?parent=156990"}],"wp:term":[{"taxonomy":"product_brand","embeddable":true,"href":"https:\/\/baldumarket.lt\/lt\/wp-json\/wp\/v2\/product_brand?post=156990"},{"taxonomy":"product_cat","embeddable":true,"href":"https:\/\/baldumarket.lt\/lt\/wp-json\/wp\/v2\/product_cat?post=156990"},{"taxonomy":"product_tag","embeddable":true,"href":"https:\/\/baldumarket.lt\/lt\/wp-json\/wp\/v2\/product_tag?post=156990"}],"curies":[{"name":"wp","href":"https:\/\/api.w.org\/{rel}","templated":true}]}}