{"id":156985,"date":"2025-12-18T23:15:18","date_gmt":"2025-12-18T20:15:18","guid":{"rendered":"https:\/\/baldumarket.lt\/product\/szafka-kuchenna-gorna-witryna-1-drzwiowa-g60ksn-sycylia-andersen\/"},"modified":"2026-02-06T12:47:21","modified_gmt":"2026-02-06T09:47:21","slug":"szafka-kuchenna-gorna-witryna-1-drzwiowa-g60ksn-sycylia-andersen","status":"publish","type":"product","link":"https:\/\/baldumarket.lt\/lt\/product\/szafka-kuchenna-gorna-witryna-1-drzwiowa-g60ksn-sycylia-andersen\/","title":{"rendered":"Vir\u0161utin\u0117 virtuv\u0117s spintel\u0117, 1 dur\u0173, G60KSN, Sicily Andersen"},"content":{"rendered":"<p>Atraskite i\u0161skirtin\u0119 elegancij\u0105 ir funkcionalum\u0105 viename i\u0161 naujausi\u0173 garsaus \u201eGa\u0142a Meble\u201c prek\u0117s \u017eenklo dizain\u0173. Vien\u0173 dur\u0173 vir\u0161utin\u0117 vitrina virtuv\u0117s spintel\u0117 i\u0161 \u201eAndersen Sicylia\u201c kolekcijos \u2013 tai tobulas \u0161iuolaikinio dizaino ir klasikin\u0117s estetikos derinys, kuris prad\u017eiugins kiekvien\u0105, vertinant\u012f gro\u017e\u012f virtuv\u0117s i\u0161d\u0117styme. D\u0117l plono silueto ir subtili\u0173 detali\u0173 ji puikiai dera prie naujausi\u0173 interjero dizaino tendencij\u0173. I\u0161 masyvios MDF plok\u0161t\u0117s, padengtos dekoratyvine \u201eAndersen Pine\u201c pl\u0117vele, pagaminti fasadai suteikia spintelei unikal\u0173, kaimi\u0161k\u0105 charakter\u012f, kuris primena nam\u0173 \u0161ilum\u0105. Tai puikus pasirinkimas tiems, kurie nori savo virtuv\u0117je \u012ftraukti nat\u016bralius, harmoningus elementus. Baltas korpusas, pagamintas i\u0161 matin\u0117s laminuotos plok\u0161t\u0117s, sukuria kontrast\u0105, kuris suteikia lengvumo ir erdvumo. Ne tik i\u0161vaizda, bet ir prakti\u0161kumas yra pagrindiniai \u0161io gaminio privalumai. D\u0117l gerai apgalvoto dizaino spintel\u0117 si\u016blo optimali\u0105 viet\u0105 svarbiausiems virtuv\u0117s priedams laikyti, kartu i\u0161laikant tvark\u0105 ir organizuotum\u0105. Eleganti\u0161ka sidabrin\u0117 rankena, pagaminta i\u0161 patvaraus plastiko, suteikia patogi\u0105 prieig\u0105 prie vidaus ir kartu yra subtili dekoracija, pabr\u0117\u017eianti modern\u0173 baldo charakter\u012f.<\/p>","protected":false},"excerpt":{"rendered":"<p>Plotis (cm): 60<br \/>\n\u016agis (cm): 36<br \/>\nGylis (cm): 32<\/p>","protected":false},"featured_media":156986,"comment_status":"open","ping_status":"open","template":"","meta":[],"product_brand":[],"product_cat":[9440,9441,4106,9118],"product_tag":[],"class_list":{"0":"post-156985","1":"product","2":"type-product","3":"status-publish","4":"has-post-thumbnail","6":"product_cat-kitchen-system-sycylia-sosna-andersen","7":"product_cat-white","8":"product_cat-gala-meble","9":"product_cat-kitchen-cabinets","11":"first","12":"instock","13":"purchasable","14":"product-type-simple"},"_links":{"self":[{"href":"https:\/\/baldumarket.lt\/lt\/wp-json\/wp\/v2\/product\/156985","targetHints":{"allow":["GET"]}}],"collection":[{"href":"https:\/\/baldumarket.lt\/lt\/wp-json\/wp\/v2\/product"}],"about":[{"href":"https:\/\/baldumarket.lt\/lt\/wp-json\/wp\/v2\/types\/product"}],"replies":[{"embeddable":true,"href":"https:\/\/baldumarket.lt\/lt\/wp-json\/wp\/v2\/comments?post=156985"}],"wp:featuredmedia":[{"embeddable":true,"href":"https:\/\/baldumarket.lt\/lt\/wp-json\/wp\/v2\/media\/156986"}],"wp:attachment":[{"href":"https:\/\/baldumarket.lt\/lt\/wp-json\/wp\/v2\/media?parent=156985"}],"wp:term":[{"taxonomy":"product_brand","embeddable":true,"href":"https:\/\/baldumarket.lt\/lt\/wp-json\/wp\/v2\/product_brand?post=156985"},{"taxonomy":"product_cat","embeddable":true,"href":"https:\/\/baldumarket.lt\/lt\/wp-json\/wp\/v2\/product_cat?post=156985"},{"taxonomy":"product_tag","embeddable":true,"href":"https:\/\/baldumarket.lt\/lt\/wp-json\/wp\/v2\/product_tag?post=156985"}],"curies":[{"name":"wp","href":"https:\/\/api.w.org\/{rel}","templated":true}]}}