{"id":156980,"date":"2025-12-18T23:15:08","date_gmt":"2025-12-18T20:15:08","guid":{"rendered":"https:\/\/baldumarket.lt\/product\/szafka-kuchenna-gorna-witryna-1-drzwiowa-g60ksn-sycylia-orzech\/"},"modified":"2026-02-08T12:29:28","modified_gmt":"2026-02-08T09:29:28","slug":"szafka-kuchenna-gorna-witryna-1-drzwiowa-g60ksn-sycylia-orzech","status":"publish","type":"product","link":"https:\/\/baldumarket.lt\/lt\/product\/szafka-kuchenna-gorna-witryna-1-drzwiowa-g60ksn-sycylia-orzech\/","title":{"rendered":"Vir\u0161utin\u0117 virtuv\u0117s spintel\u0117, 1 dur\u0173, vitrina, G60KSN, Sicilijos rie\u0161utmedis"},"content":{"rendered":"<p>Atskleiskite savo unikal\u0173 skon\u012f ir aistr\u0105 elegancijai pasirinkdami vien\u0173 dur\u0173 virtuv\u0117s spintel\u0119 G60KSN i\u0161 \u201eGa\u0142a Meble\u201c \u201eSicily\u201c kolekcijos. \u0160i spintel\u0117, padengta nuostabiu Milano rie\u0161uto atspalviu, j\u016bs\u0173 virtuvei suteikia klasikinio elegancijos ir modernumo. Stilinga i\u0161vaizda traukia ak\u012f, sukuria harmoning\u0105 atmosfer\u0105 j\u016bs\u0173 namuose, kuri \u017eavi rafinuotumu ir \u0161iluma. Kai estetika dera su funkcionalumu, sukuriama tobula daikt\u0173 laikymo vieta. \u0160ios spintel\u0117s apgalvotas dizainas leid\u017eia patogiai laikyti j\u016bs\u0173 brangiausius indus ar m\u0117gstamiausias taures, kad jos visada b\u016bt\u0173 ranka pasiekiamos. D\u0117l savo manevringumo G60KSN spintel\u0117 puikiai tinka bet kokiai virtuvei, nepriklausomai nuo dyd\u017eio, suteikdama stiliaus ir modernumo. MDF priekin\u0117 dalis garantuoja patvarum\u0105 ir kokyb\u0119, o laminuotos plok\u0161t\u0117s korpusas u\u017etikrina visos konstrukcijos stabilum\u0105. \u0160ios tvirtos med\u017eiagos u\u017etikrina, kad j\u016bs\u0173 spintel\u0117 lengvai atlaikys laiko i\u0161bandym\u0105, i\u0161laikydama gra\u017ei\u0105 i\u0161vaizd\u0105. Subtilus sidabro spalvos plastikinis rankena suteikia modernumo ir yra prakti\u0161ka.<\/p>","protected":false},"excerpt":{"rendered":"<p>Plotis (cm): 60<br \/>\n\u016agis (cm): 36<br \/>\nGylis (cm): 32<\/p>","protected":false},"featured_media":156981,"comment_status":"open","ping_status":"open","template":"","meta":[],"product_brand":[],"product_cat":[9450,1043,4106],"product_tag":[],"class_list":{"0":"post-156980","1":"product","2":"type-product","3":"status-publish","4":"has-post-thumbnail","6":"product_cat-kitchen-system-sycylia-orzech-milano","7":"product_cat-extras","8":"product_cat-gala-meble","10":"first","11":"instock","12":"purchasable","13":"product-type-simple"},"_links":{"self":[{"href":"https:\/\/baldumarket.lt\/lt\/wp-json\/wp\/v2\/product\/156980","targetHints":{"allow":["GET"]}}],"collection":[{"href":"https:\/\/baldumarket.lt\/lt\/wp-json\/wp\/v2\/product"}],"about":[{"href":"https:\/\/baldumarket.lt\/lt\/wp-json\/wp\/v2\/types\/product"}],"replies":[{"embeddable":true,"href":"https:\/\/baldumarket.lt\/lt\/wp-json\/wp\/v2\/comments?post=156980"}],"wp:featuredmedia":[{"embeddable":true,"href":"https:\/\/baldumarket.lt\/lt\/wp-json\/wp\/v2\/media\/156981"}],"wp:attachment":[{"href":"https:\/\/baldumarket.lt\/lt\/wp-json\/wp\/v2\/media?parent=156980"}],"wp:term":[{"taxonomy":"product_brand","embeddable":true,"href":"https:\/\/baldumarket.lt\/lt\/wp-json\/wp\/v2\/product_brand?post=156980"},{"taxonomy":"product_cat","embeddable":true,"href":"https:\/\/baldumarket.lt\/lt\/wp-json\/wp\/v2\/product_cat?post=156980"},{"taxonomy":"product_tag","embeddable":true,"href":"https:\/\/baldumarket.lt\/lt\/wp-json\/wp\/v2\/product_tag?post=156980"}],"curies":[{"name":"wp","href":"https:\/\/api.w.org\/{rel}","templated":true}]}}