{"id":156975,"date":"2025-12-18T23:14:56","date_gmt":"2025-12-18T20:14:56","guid":{"rendered":"https:\/\/baldumarket.lt\/product\/szafka-kuchenna-gorna-witryna-1-drzwiowa-g80ks-linea-grey-szary-mat\/"},"modified":"2026-02-18T11:32:59","modified_gmt":"2026-02-18T08:32:59","slug":"szafka-kuchenna-gorna-witryna-1-drzwiowa-g80ks-linea-grey-szary-mat","status":"publish","type":"product","link":"https:\/\/baldumarket.lt\/lt\/product\/szafka-kuchenna-gorna-witryna-1-drzwiowa-g80ks-linea-grey-szary-mat\/","title":{"rendered":"Vir\u0161utin\u0117 virtuv\u0117s spintel\u0117, 1 dur\u0173 vitrina, G80KS Linea pilka, matin\u0117 pilka"},"content":{"rendered":"<p>Atraskite minimalistinio dizaino \u017eaves\u012f su G80KS Linea Grey vir\u0161utine virtuv\u0117s spintele. \u0160i unikali spintel\u0117 derina modern\u0173 stili\u0173 ir prakti\u0161kum\u0105, lengvai \u012fsiliesdama \u012f bet kuri\u0105 virtuv\u0119. M\u0117gaukit\u0117s blizgiais pilkais fasadais ir matin\u0117s baltos spalvos korpusu, kurie j\u016bs\u0173 virtuv\u0117s erdvei suteiks elegancijos ir klasikinio gaivumo. Linea Grey spintel\u0117 \u2013 puikus sprendimas visiems, kurie vertina stili\u0173 ir funkcionalum\u0105 viename. D\u0117l apgalvoto dizaino ji puikiai tinka kaip prakti\u0161ka vieta laikyti b\u016btiniausius virtuv\u0117s reikmenis, kad jie visada b\u016bt\u0173 po ranka. Unikal\u0173 jos charakter\u012f pabr\u0117\u017eia metaliniai vyriai, kurie taip pat u\u017etikrina patikimum\u0105 ir ilgaam\u017ei\u0161kum\u0105 ilgus metus. Padarykite savo virtuv\u0119 gra\u017eesn\u0119 su gerai sutvarkyta erdve, kuri skatina leisti laik\u0105 kartu. Kiekviena \u0161ios spintel\u0117s detal\u0117 buvo kruop\u0161\u010diai sukurta atsi\u017evelgiant \u012f modern\u0173 interjer\u0105, reikalaujant\u012f daugiau nei vien prakti\u0161kumo. D\u0117l blizgios pilkos apdailos spintel\u0117 sukuria didesn\u0117s erdv\u0117s \u012fsp\u016bd\u012f, suteikia \u0161viesos ir leid\u017eia pritaikyti erdv\u0119 pagal savo poreikius.<\/p>","protected":false},"excerpt":{"rendered":"<p>Plotis (cm): 80<br \/>\n\u016agis (cm): 36<br \/>\nGylis (cm): 32<\/p>","protected":false},"featured_media":156976,"comment_status":"open","ping_status":"open","template":"","meta":[],"product_brand":[],"product_cat":[9446,4106],"product_tag":[],"class_list":{"0":"post-156975","1":"product","2":"type-product","3":"status-publish","4":"has-post-thumbnail","6":"product_cat-kitchen-system-linea-white","7":"product_cat-gala-meble","9":"first","10":"instock","11":"purchasable","12":"product-type-simple"},"_links":{"self":[{"href":"https:\/\/baldumarket.lt\/lt\/wp-json\/wp\/v2\/product\/156975","targetHints":{"allow":["GET"]}}],"collection":[{"href":"https:\/\/baldumarket.lt\/lt\/wp-json\/wp\/v2\/product"}],"about":[{"href":"https:\/\/baldumarket.lt\/lt\/wp-json\/wp\/v2\/types\/product"}],"replies":[{"embeddable":true,"href":"https:\/\/baldumarket.lt\/lt\/wp-json\/wp\/v2\/comments?post=156975"}],"wp:featuredmedia":[{"embeddable":true,"href":"https:\/\/baldumarket.lt\/lt\/wp-json\/wp\/v2\/media\/156976"}],"wp:attachment":[{"href":"https:\/\/baldumarket.lt\/lt\/wp-json\/wp\/v2\/media?parent=156975"}],"wp:term":[{"taxonomy":"product_brand","embeddable":true,"href":"https:\/\/baldumarket.lt\/lt\/wp-json\/wp\/v2\/product_brand?post=156975"},{"taxonomy":"product_cat","embeddable":true,"href":"https:\/\/baldumarket.lt\/lt\/wp-json\/wp\/v2\/product_cat?post=156975"},{"taxonomy":"product_tag","embeddable":true,"href":"https:\/\/baldumarket.lt\/lt\/wp-json\/wp\/v2\/product_tag?post=156975"}],"curies":[{"name":"wp","href":"https:\/\/api.w.org\/{rel}","templated":true}]}}