{"id":156970,"date":"2025-12-18T23:14:46","date_gmt":"2025-12-18T20:14:46","guid":{"rendered":"https:\/\/baldumarket.lt\/product\/szafka-kuchenna-gorna-witryna-1-drzwiowa-g80ks-linea-white-bialy-mat\/"},"modified":"2026-02-08T12:58:37","modified_gmt":"2026-02-08T09:58:37","slug":"szafka-kuchenna-gorna-witryna-1-drzwiowa-g80ks-linea-white-bialy-mat","status":"publish","type":"product","link":"https:\/\/baldumarket.lt\/lt\/product\/szafka-kuchenna-gorna-witryna-1-drzwiowa-g80ks-linea-white-bialy-mat\/","title":{"rendered":"Vir\u0161utin\u0117 virtuv\u0117s spintel\u0117, 1 dur\u0173, vitrina, G80KS, balta, matin\u0117, balta"},"content":{"rendered":"<p>Sukurkite tobul\u0105 virtuv\u0119 su eleganti\u0161ka \u201eLinea White G80KS\u201c vir\u0161utine vitrina. Minimalistinis dizainas ir matin\u0117 balta spalva puikiai dera prie modernaus interjero, suteikdama lengvumo ir gaivumo. \u0160is sprendimas suteiks j\u016bs\u0173 virtuvei eleganti\u0161k\u0105 charakter\u012f. \u201eLinea White\u201c spintel\u0117 pasi\u017eymi ne tik gra\u017eia i\u0161vaizda, bet ir dideliu funkcionalumu. Vien\u0173 dureli\u0173 vir\u0161utin\u0117 vitrina si\u016blo daug vietos da\u017enai naudojamiems virtuv\u0117s reikmenims laikyti. Tai rei\u0161kia, kad viskas, ko jums reikia, visada bus po ranka, tod\u0117l kasdienis maisto ruo\u0161imas bus lengvesnis. Priekin\u0117s dalys pagamintos i\u0161 patvarios ir lengvai pri\u017ei\u016brimos MDF plok\u0161t\u0117s, o korpusas \u2013 i\u0161 laminuotos plok\u0161t\u0117s, u\u017etikrinan\u010dios patvarum\u0105 ir ilgaam\u017ei\u0161kum\u0105. Gra\u017eios auksin\u0117s metalin\u0117s ranken\u0117l\u0117s suteikia spintelei subtili\u0105 ir eleganti\u0161k\u0105 apdail\u0105, kuri patraukia ak\u012f ir suteikia klasei viso interjero.<\/p>","protected":false},"excerpt":{"rendered":"<p>Plotis (cm): 80<br \/>\n\u016agis (cm): 36<br \/>\nGylis (cm): 32<\/p>","protected":false},"featured_media":156971,"comment_status":"open","ping_status":"open","template":"","meta":[],"product_brand":[],"product_cat":[9446,4106,9118],"product_tag":[],"class_list":{"0":"post-156970","1":"product","2":"type-product","3":"status-publish","4":"has-post-thumbnail","6":"product_cat-kitchen-system-linea-white","7":"product_cat-gala-meble","8":"product_cat-kitchen-cabinets","10":"first","11":"instock","12":"purchasable","13":"product-type-simple"},"_links":{"self":[{"href":"https:\/\/baldumarket.lt\/lt\/wp-json\/wp\/v2\/product\/156970","targetHints":{"allow":["GET"]}}],"collection":[{"href":"https:\/\/baldumarket.lt\/lt\/wp-json\/wp\/v2\/product"}],"about":[{"href":"https:\/\/baldumarket.lt\/lt\/wp-json\/wp\/v2\/types\/product"}],"replies":[{"embeddable":true,"href":"https:\/\/baldumarket.lt\/lt\/wp-json\/wp\/v2\/comments?post=156970"}],"wp:featuredmedia":[{"embeddable":true,"href":"https:\/\/baldumarket.lt\/lt\/wp-json\/wp\/v2\/media\/156971"}],"wp:attachment":[{"href":"https:\/\/baldumarket.lt\/lt\/wp-json\/wp\/v2\/media?parent=156970"}],"wp:term":[{"taxonomy":"product_brand","embeddable":true,"href":"https:\/\/baldumarket.lt\/lt\/wp-json\/wp\/v2\/product_brand?post=156970"},{"taxonomy":"product_cat","embeddable":true,"href":"https:\/\/baldumarket.lt\/lt\/wp-json\/wp\/v2\/product_cat?post=156970"},{"taxonomy":"product_tag","embeddable":true,"href":"https:\/\/baldumarket.lt\/lt\/wp-json\/wp\/v2\/product_tag?post=156970"}],"curies":[{"name":"wp","href":"https:\/\/api.w.org\/{rel}","templated":true}]}}