{"id":156964,"date":"2025-12-18T23:14:34","date_gmt":"2025-12-18T20:14:34","guid":{"rendered":"https:\/\/baldumarket.lt\/product\/szafka-kuchenna-gorna-witryna-1-drzwiowa-g80ks-prowansja-sosna-andersen-bialy-mat\/"},"modified":"2026-02-08T12:01:30","modified_gmt":"2026-02-08T09:01:30","slug":"szafka-kuchenna-gorna-witryna-1-drzwiowa-g80ks-prowansja-sosna-andersen-bialy-mat","status":"publish","type":"product","link":"https:\/\/baldumarket.lt\/lt\/product\/szafka-kuchenna-gorna-witryna-1-drzwiowa-g80ks-prowansja-sosna-andersen-bialy-mat\/","title":{"rendered":"Vir\u0161utin\u0117 virtuv\u0117s spintel\u0117, 1 dur\u0173, G80KS, provanso pu\u0161is, Andersen matin\u0117 balta"},"content":{"rendered":"<p>Atraskite elegancij\u0105 ir stiling\u0105 G80KS vir\u0161utin\u0117s vitrinos virtuv\u0117s spintel\u0117s i\u0161 \u201eProwansja\u201c kolekcijos, kuri\u0105 suk\u016br\u0117 \u201eGa\u0142a Meble\u201c, \u017eaves\u012f. \u0160is unikalus baldas derina klasikin\u0119 estetik\u0105 su modernumu, tod\u0117l puikiai tinka bet kuriai virtuvei. D\u0117l rafinuoto dizaino ir subtilios Anderseno pu\u0161ies spalvos spintel\u0117 suteikia subtilumo ir harmonijos bet kokiam interjerui. Matin\u0117s baltos spalvos elementai suteikia jai nesenstant\u012f charakter\u012f, kuris papildys \u012fvairius interjero dizainus. Prakti\u0161kumas ir dizainas \u010dia dera tarpusavyje. Vien\u0173 dureli\u0173 vitrina suteikia lengv\u0105 prieig\u0105 prie norim\u0173 eksponuoti daikt\u0173. \u0160is sprendimas yra ne tik funkcionalus, bet ir esteti\u0161kai patrauklus. Juoda metalin\u0117 rankena suteikia spintelei rafinuotumo, sukurdama unikal\u0173 kontrast\u0105 su \u0161viesia priekin\u0117s dalies spalva. Tai puikus pasirinkimas tiems, kurie vertina eleganti\u0161kus sprendimus. \u0160i spintel\u0117 yra daugiau nei tik daikt\u0173 laikymo vieta \u2013 tai erdv\u0117, kuri i\u0161ry\u0161kins j\u016bs\u0173 asmenyb\u0119 ir skon\u012f. Rinkit\u0117s j\u0105, kad suteiktum\u0117te savo virtuvei prabangos ir sutvarkytum\u0117te savo erdv\u0119 d\u017eiuginan\u010diu b\u016bdu. Visas spintel\u0117 pagaminta i\u0161 patvarios MDF ir laminuotos plok\u0161t\u0117s, u\u017etikrinan\u010dios patvarum\u0105 ir stabilum\u0105, kurie yra ne\u012fkainojami kasdieniame naudojime.<\/p>","protected":false},"excerpt":{"rendered":"<p>Plotis (cm): 80<br \/>\n\u016agis (cm): 36<br \/>\nGylis (cm): 32<\/p>","protected":false},"featured_media":156965,"comment_status":"open","ping_status":"open","template":"","meta":[],"product_brand":[],"product_cat":[9444,9441,4106,9118],"product_tag":[],"class_list":{"0":"post-156964","1":"product","2":"type-product","3":"status-publish","4":"has-post-thumbnail","6":"product_cat-kitchen-system-prowansja-sosna-andersen","7":"product_cat-white","8":"product_cat-gala-meble","9":"product_cat-kitchen-cabinets","11":"first","12":"instock","13":"purchasable","14":"product-type-simple"},"_links":{"self":[{"href":"https:\/\/baldumarket.lt\/lt\/wp-json\/wp\/v2\/product\/156964","targetHints":{"allow":["GET"]}}],"collection":[{"href":"https:\/\/baldumarket.lt\/lt\/wp-json\/wp\/v2\/product"}],"about":[{"href":"https:\/\/baldumarket.lt\/lt\/wp-json\/wp\/v2\/types\/product"}],"replies":[{"embeddable":true,"href":"https:\/\/baldumarket.lt\/lt\/wp-json\/wp\/v2\/comments?post=156964"}],"wp:featuredmedia":[{"embeddable":true,"href":"https:\/\/baldumarket.lt\/lt\/wp-json\/wp\/v2\/media\/156965"}],"wp:attachment":[{"href":"https:\/\/baldumarket.lt\/lt\/wp-json\/wp\/v2\/media?parent=156964"}],"wp:term":[{"taxonomy":"product_brand","embeddable":true,"href":"https:\/\/baldumarket.lt\/lt\/wp-json\/wp\/v2\/product_brand?post=156964"},{"taxonomy":"product_cat","embeddable":true,"href":"https:\/\/baldumarket.lt\/lt\/wp-json\/wp\/v2\/product_cat?post=156964"},{"taxonomy":"product_tag","embeddable":true,"href":"https:\/\/baldumarket.lt\/lt\/wp-json\/wp\/v2\/product_tag?post=156964"}],"curies":[{"name":"wp","href":"https:\/\/api.w.org\/{rel}","templated":true}]}}