{"id":156959,"date":"2025-12-18T23:14:23","date_gmt":"2025-12-18T20:14:23","guid":{"rendered":"https:\/\/baldumarket.lt\/product\/szafka-kuchenna-gorna-witryna-1-drzwiowa-g80ks-sycylia-andersen\/"},"modified":"2026-02-06T12:47:21","modified_gmt":"2026-02-06T09:47:21","slug":"szafka-kuchenna-gorna-witryna-1-drzwiowa-g80ks-sycylia-andersen","status":"publish","type":"product","link":"https:\/\/baldumarket.lt\/lt\/product\/szafka-kuchenna-gorna-witryna-1-drzwiowa-g80ks-sycylia-andersen\/","title":{"rendered":"Vir\u0161utin\u0117 virtuv\u0117s spintel\u0117, 1 dur\u0173, G80KS, Sicily Andersen"},"content":{"rendered":"<p>Atraskite minimalistinio gro\u017eio \u017eaves\u012f su G80KS vir\u0161utine virtuv\u0117s spintele i\u0161 \u201eAndersen Sicily\u201c kolekcijos, kuri\u0105 suk\u016br\u0117 \u201eGa\u0142a Meble\u201c. \u0160i unikali spintel\u0117 \u2013 puikus sprendimas tiems, kurie vertina stiling\u0105, ta\u010diau funkcional\u0173 virtuv\u0117s dekor\u0105. \u0160viesus \u201eAndersen Pine\u201c fasado atspalvis kartu su matin\u0117s baltos spalvos korpusu sukuria harmoning\u0105 kompozicij\u0105, interjerui suteikiant\u012f skandinavi\u0161ko dizaino element\u0173. \u0160i vir\u0161utin\u0117 virtuv\u0117s spintel\u0117 sukurta galvojant apie kasdien\u012f komfort\u0105. D\u0117l kompakti\u0161k\u0173 matmen\u0173 ji puikiai tinka ma\u017eoms ir vidutinio dyd\u017eio virtuv\u0117ms, kur svarbus kiekvienas centimetras. Spintel\u0117 puikiai tinka laikyti m\u0117gstamus indus ar eleganti\u0161kesnius stalo \u012frankius, suteikdama jai lengv\u0105 ir skoning\u0105 charakter\u012f. Eleganti\u0161ka sidabrin\u0117 rankena suteikia subtilaus blizgesio, tod\u0117l spintel\u0117 yra ne tik prakti\u0161ka, bet ir ak\u012f traukiantis dizaino elementas. Plastikin\u0117 rankena u\u017etikrina patvarum\u0105 ir lengv\u0105 valym\u0105. Tai u\u017etikrina, kad spintel\u0117 daugel\u012f met\u0173 i\u0161likt\u0173 stilinga ir funkcionali, reikalaudama minimalios prie\u017ei\u016bros.<\/p>","protected":false},"excerpt":{"rendered":"<p>Plotis (cm): 80<br \/>\n\u016agis (cm): 36<br \/>\nGylis (cm): 32<\/p>","protected":false},"featured_media":156960,"comment_status":"open","ping_status":"open","template":"","meta":[],"product_brand":[],"product_cat":[9440,9441,4106,9118],"product_tag":[],"class_list":{"0":"post-156959","1":"product","2":"type-product","3":"status-publish","4":"has-post-thumbnail","6":"product_cat-kitchen-system-sycylia-sosna-andersen","7":"product_cat-white","8":"product_cat-gala-meble","9":"product_cat-kitchen-cabinets","11":"first","12":"instock","13":"purchasable","14":"product-type-simple"},"_links":{"self":[{"href":"https:\/\/baldumarket.lt\/lt\/wp-json\/wp\/v2\/product\/156959","targetHints":{"allow":["GET"]}}],"collection":[{"href":"https:\/\/baldumarket.lt\/lt\/wp-json\/wp\/v2\/product"}],"about":[{"href":"https:\/\/baldumarket.lt\/lt\/wp-json\/wp\/v2\/types\/product"}],"replies":[{"embeddable":true,"href":"https:\/\/baldumarket.lt\/lt\/wp-json\/wp\/v2\/comments?post=156959"}],"wp:featuredmedia":[{"embeddable":true,"href":"https:\/\/baldumarket.lt\/lt\/wp-json\/wp\/v2\/media\/156960"}],"wp:attachment":[{"href":"https:\/\/baldumarket.lt\/lt\/wp-json\/wp\/v2\/media?parent=156959"}],"wp:term":[{"taxonomy":"product_brand","embeddable":true,"href":"https:\/\/baldumarket.lt\/lt\/wp-json\/wp\/v2\/product_brand?post=156959"},{"taxonomy":"product_cat","embeddable":true,"href":"https:\/\/baldumarket.lt\/lt\/wp-json\/wp\/v2\/product_cat?post=156959"},{"taxonomy":"product_tag","embeddable":true,"href":"https:\/\/baldumarket.lt\/lt\/wp-json\/wp\/v2\/product_tag?post=156959"}],"curies":[{"name":"wp","href":"https:\/\/api.w.org\/{rel}","templated":true}]}}