{"id":156954,"date":"2025-12-18T23:14:14","date_gmt":"2025-12-18T20:14:14","guid":{"rendered":"https:\/\/baldumarket.lt\/product\/szafka-kuchenna-gorna-witryna-1-drzwiowa-g80ks-sycylia-orzech\/"},"modified":"2026-02-06T14:33:03","modified_gmt":"2026-02-06T11:33:03","slug":"szafka-kuchenna-gorna-witryna-1-drzwiowa-g80ks-sycylia-orzech","status":"publish","type":"product","link":"https:\/\/baldumarket.lt\/lt\/product\/szafka-kuchenna-gorna-witryna-1-drzwiowa-g80ks-sycylia-orzech\/","title":{"rendered":"Vir\u0161utin\u0117 virtuv\u0117s spintel\u0117, 1 dur\u0173, G80KS, Sicily Walnut"},"content":{"rendered":"<p>Pakelkite savo virtuv\u0119 \u012f kit\u0105 elegancijos lyg\u012f su \u0161ia \u017eavinga virtuv\u0117s spintele i\u0161 \u201eSicylia\u201c kolekcijos, kuri\u0105 suk\u016br\u0117 \u201eGa\u0142a Meble\u201c. \u0160i spintel\u0117 puikiai derina klasikin\u012f stili\u0173 su moderniais akcentais, tod\u0117l puikiai tinka bet kokiam interjero dizainui. Milano rie\u0161utmed\u017eio spalva spinduliuoja \u0161ilum\u0105 ir elegancij\u0105, kuri gali pagyvinti bet kuri\u0105 virtuv\u0119, suteikdama jaukumo ir klas\u0117s. Unikalus \u0161ios virtuv\u0117s spintel\u0117s dizainas tikrai pritrauks kiekvieno lankytojo ak\u012f. Spintel\u0117 su MDF priekine dalimi u\u017etikrina patvarum\u0105 ir estetin\u012f patrauklum\u0105, tuo pa\u010diu leisdama jums eksponuoti m\u0117gstamus stalo \u012frankius ar dekoracijas. Spintel\u0117 yra funkcionali, ta\u010diau pilna stiling\u0173 detali\u0173, kurios pavers j\u016bs\u0173 virtuv\u0119 vieta, kur kiekviena malonumo akimirka \u012fgaus nauj\u0105 prasm\u0119. I\u0161skirtinis prakti\u0161kumas dera su nesenstan\u010diu dizainu. Spintel\u0117 apr\u016bpinta sidabrin\u0117mis plastikin\u0117mis rankenomis, kurios dera su moderniu interjeru, ta\u010diau i\u0161lieka subtilios ir eleganti\u0161kos. Tai sprendimas, kuris kasdien\u012f spintel\u0117s naudojim\u0105 padarys dar patogesn\u012f.<\/p>","protected":false},"excerpt":{"rendered":"<p>Plotis (cm): 80<br \/>\n\u016agis (cm): 36<br \/>\nGylis (cm): 32<\/p>","protected":false},"featured_media":156955,"comment_status":"open","ping_status":"open","template":"","meta":[],"product_brand":[],"product_cat":[9450,4106,9118],"product_tag":[],"class_list":{"0":"post-156954","1":"product","2":"type-product","3":"status-publish","4":"has-post-thumbnail","6":"product_cat-kitchen-system-sycylia-orzech-milano","7":"product_cat-gala-meble","8":"product_cat-kitchen-cabinets","10":"first","11":"instock","12":"purchasable","13":"product-type-simple"},"_links":{"self":[{"href":"https:\/\/baldumarket.lt\/lt\/wp-json\/wp\/v2\/product\/156954","targetHints":{"allow":["GET"]}}],"collection":[{"href":"https:\/\/baldumarket.lt\/lt\/wp-json\/wp\/v2\/product"}],"about":[{"href":"https:\/\/baldumarket.lt\/lt\/wp-json\/wp\/v2\/types\/product"}],"replies":[{"embeddable":true,"href":"https:\/\/baldumarket.lt\/lt\/wp-json\/wp\/v2\/comments?post=156954"}],"wp:featuredmedia":[{"embeddable":true,"href":"https:\/\/baldumarket.lt\/lt\/wp-json\/wp\/v2\/media\/156955"}],"wp:attachment":[{"href":"https:\/\/baldumarket.lt\/lt\/wp-json\/wp\/v2\/media?parent=156954"}],"wp:term":[{"taxonomy":"product_brand","embeddable":true,"href":"https:\/\/baldumarket.lt\/lt\/wp-json\/wp\/v2\/product_brand?post=156954"},{"taxonomy":"product_cat","embeddable":true,"href":"https:\/\/baldumarket.lt\/lt\/wp-json\/wp\/v2\/product_cat?post=156954"},{"taxonomy":"product_tag","embeddable":true,"href":"https:\/\/baldumarket.lt\/lt\/wp-json\/wp\/v2\/product_tag?post=156954"}],"curies":[{"name":"wp","href":"https:\/\/api.w.org\/{rel}","templated":true}]}}